{"id":1729,"date":"2023-01-04T12:20:33","date_gmt":"2023-01-04T11:20:33","guid":{"rendered":"https:\/\/bvelo.pl\/korb\/"},"modified":"2024-07-17T13:09:54","modified_gmt":"2024-07-17T11:09:54","slug":"korb","status":"publish","type":"page","link":"https:\/\/bvelo.pl\/de\/korb\/","title":{"rendered":"Korb"},"content":{"rendered":"\n","protected":false},"excerpt":{"rendered":"<p> [&#8230;]<\/p>\n<p><a class=\"btn btn-secondary understrap-read-more-link\" href=\"https:\/\/bvelo.pl\/de\/korb\/\">Weiterlesen&#8230;<span class=\"screen-reader-text\"> from Korb<\/span><\/a><\/p>\n","protected":false},"author":1,"featured_media":0,"parent":0,"menu_order":0,"comment_status":"closed","ping_status":"closed","template":"page-templates\/fullwidthpage.php","meta":{"_acf_changed":false,"inline_featured_image":false,"footnotes":""},"class_list":["post-1729","page","type-page","status-publish","hentry"],"acf":[],"yoast_head":"<!-- This site is optimized with the Yoast SEO plugin v22.9 - https:\/\/yoast.com\/wordpress\/plugins\/seo\/ -->\n<title>Korb | BVELO<\/title>\n<meta name=\"description\" content=\"BVELO \u27a4 Korb \u2714\ufe0f Mi\u0119kkie i wygodne dresy welurowe dla dzieci, idealne na ka\u017cd\u0105 okazj\u0119 \u2714\ufe0f Modne wzory i wysoka jako\u015b\u0107 materia\u0142\u00f3w, zapewniaj\u0105ce trwa\u0142o\u015b\u0107 i komfort \u2b50 Sprawd\u017a!\" \/>\n<meta name=\"robots\" content=\"noindex, nofollow\" \/>\n<meta property=\"og:locale\" content=\"de_DE\" \/>\n<meta property=\"og:type\" content=\"article\" \/>\n<meta property=\"og:title\" content=\"Bvelo - Korb\" \/>\n<meta property=\"og:description\" content=\"Fahren Sie fort, um Ihre Bestellung f\u00fcr Bvelo aufzugeben.\" \/>\n<meta property=\"og:url\" content=\"https:\/\/bvelo.pl\/de\/korb\/\" \/>\n<meta property=\"og:site_name\" content=\"Bvelo\" \/>\n<meta property=\"article:modified_time\" content=\"2024-07-17T11:09:54+00:00\" \/>\n<meta property=\"og:image\" content=\"https:\/\/bvelo.pl\/wp-content\/uploads\/2024\/07\/opengraph_twittercard_logo.png\" \/>\n\t<meta property=\"og:image:width\" content=\"1200\" \/>\n\t<meta property=\"og:image:height\" content=\"675\" \/>\n\t<meta property=\"og:image:type\" content=\"image\/png\" \/>\n<meta name=\"twitter:card\" content=\"summary_large_image\" \/>\n<meta name=\"twitter:label1\" content=\"Gesch\u00e4tzte Lesezeit\" \/>\n\t<meta name=\"twitter:data1\" content=\"1\u00a0Minute\" \/>\n<script type=\"application\/ld+json\" class=\"yoast-schema-graph\">{\"@context\":\"https:\/\/schema.org\",\"@graph\":[{\"@type\":[\"WebPage\",\"CheckoutPage\"],\"@id\":\"https:\/\/bvelo.pl\/de\/korb\/\",\"url\":\"https:\/\/bvelo.pl\/de\/korb\/\",\"name\":\"Korb | BVELO\",\"isPartOf\":{\"@id\":\"https:\/\/bvelo.pl\/de\/#website\"},\"datePublished\":\"2023-01-04T11:20:33+00:00\",\"dateModified\":\"2024-07-17T11:09:54+00:00\",\"description\":\"BVELO \u27a4 Korb \u2714\ufe0f Mi\u0119kkie i wygodne dresy welurowe dla dzieci, idealne na ka\u017cd\u0105 okazj\u0119 \u2714\ufe0f Modne wzory i wysoka jako\u015b\u0107 materia\u0142\u00f3w, zapewniaj\u0105ce trwa\u0142o\u015b\u0107 i komfort \u2b50 Sprawd\u017a!\",\"breadcrumb\":{\"@id\":\"https:\/\/bvelo.pl\/de\/korb\/#breadcrumb\"},\"inLanguage\":\"de\",\"potentialAction\":[{\"@type\":\"ReadAction\",\"target\":[\"https:\/\/bvelo.pl\/de\/korb\/\"]}]},{\"@type\":\"BreadcrumbList\",\"@id\":\"https:\/\/bvelo.pl\/de\/korb\/#breadcrumb\",\"itemListElement\":[{\"@type\":\"ListItem\",\"position\":1,\"name\":\"Startseite\",\"item\":\"https:\/\/bvelo.pl\/de\/\"},{\"@type\":\"ListItem\",\"position\":2,\"name\":\"Korb\"}]},{\"@type\":\"WebSite\",\"@id\":\"https:\/\/bvelo.pl\/de\/#website\",\"url\":\"https:\/\/bvelo.pl\/de\/\",\"name\":\"Bvelo\",\"description\":\"Kolekcja Welurowa Dla Dzieci\",\"publisher\":{\"@id\":\"https:\/\/bvelo.pl\/de\/#organization\"},\"potentialAction\":[{\"@type\":\"SearchAction\",\"target\":{\"@type\":\"EntryPoint\",\"urlTemplate\":\"https:\/\/bvelo.pl\/de\/?s={search_term_string}\"},\"query-input\":\"required name=search_term_string\"}],\"inLanguage\":\"de\"},{\"@type\":\"Organization\",\"@id\":\"https:\/\/bvelo.pl\/de\/#organization\",\"name\":\"Bvelo - odzie\u017c welurowa dla dzieci\",\"alternateName\":\"Bvelo\",\"url\":\"https:\/\/bvelo.pl\/de\/\",\"logo\":{\"@type\":\"ImageObject\",\"inLanguage\":\"de\",\"@id\":\"https:\/\/bvelo.pl\/de\/#\/schema\/logo\/image\/\",\"url\":\"https:\/\/bvelo.pl\/wp-content\/uploads\/2024\/07\/bvelo_logo_yoast_organisation.png\",\"contentUrl\":\"https:\/\/bvelo.pl\/wp-content\/uploads\/2024\/07\/bvelo_logo_yoast_organisation.png\",\"width\":800,\"height\":800,\"caption\":\"Bvelo - odzie\u017c welurowa dla dzieci\"},\"image\":{\"@id\":\"https:\/\/bvelo.pl\/de\/#\/schema\/logo\/image\/\"}}]}<\/script>\n<!-- \/ Yoast SEO plugin. -->","yoast_head_json":{"title":"Korb | BVELO","description":"BVELO \u27a4 Korb \u2714\ufe0f Mi\u0119kkie i wygodne dresy welurowe dla dzieci, idealne na ka\u017cd\u0105 okazj\u0119 \u2714\ufe0f Modne wzory i wysoka jako\u015b\u0107 materia\u0142\u00f3w, zapewniaj\u0105ce trwa\u0142o\u015b\u0107 i komfort \u2b50 Sprawd\u017a!","robots":{"index":"noindex","follow":"nofollow"},"og_locale":"de_DE","og_type":"article","og_title":"Bvelo - Korb","og_description":"Fahren Sie fort, um Ihre Bestellung f\u00fcr Bvelo aufzugeben.","og_url":"https:\/\/bvelo.pl\/de\/korb\/","og_site_name":"Bvelo","article_modified_time":"2024-07-17T11:09:54+00:00","og_image":[{"width":1200,"height":675,"url":"https:\/\/bvelo.pl\/wp-content\/uploads\/2024\/07\/opengraph_twittercard_logo.png","type":"image\/png"}],"twitter_card":"summary_large_image","twitter_misc":{"Gesch\u00e4tzte Lesezeit":"1\u00a0Minute"},"schema":{"@context":"https:\/\/schema.org","@graph":[{"@type":["WebPage","CheckoutPage"],"@id":"https:\/\/bvelo.pl\/de\/korb\/","url":"https:\/\/bvelo.pl\/de\/korb\/","name":"Korb | BVELO","isPartOf":{"@id":"https:\/\/bvelo.pl\/de\/#website"},"datePublished":"2023-01-04T11:20:33+00:00","dateModified":"2024-07-17T11:09:54+00:00","description":"BVELO \u27a4 Korb \u2714\ufe0f Mi\u0119kkie i wygodne dresy welurowe dla dzieci, idealne na ka\u017cd\u0105 okazj\u0119 \u2714\ufe0f Modne wzory i wysoka jako\u015b\u0107 materia\u0142\u00f3w, zapewniaj\u0105ce trwa\u0142o\u015b\u0107 i komfort \u2b50 Sprawd\u017a!","breadcrumb":{"@id":"https:\/\/bvelo.pl\/de\/korb\/#breadcrumb"},"inLanguage":"de","potentialAction":[{"@type":"ReadAction","target":["https:\/\/bvelo.pl\/de\/korb\/"]}]},{"@type":"BreadcrumbList","@id":"https:\/\/bvelo.pl\/de\/korb\/#breadcrumb","itemListElement":[{"@type":"ListItem","position":1,"name":"Startseite","item":"https:\/\/bvelo.pl\/de\/"},{"@type":"ListItem","position":2,"name":"Korb"}]},{"@type":"WebSite","@id":"https:\/\/bvelo.pl\/de\/#website","url":"https:\/\/bvelo.pl\/de\/","name":"Bvelo","description":"Kolekcja Welurowa Dla Dzieci","publisher":{"@id":"https:\/\/bvelo.pl\/de\/#organization"},"potentialAction":[{"@type":"SearchAction","target":{"@type":"EntryPoint","urlTemplate":"https:\/\/bvelo.pl\/de\/?s={search_term_string}"},"query-input":"required name=search_term_string"}],"inLanguage":"de"},{"@type":"Organization","@id":"https:\/\/bvelo.pl\/de\/#organization","name":"Bvelo - odzie\u017c welurowa dla dzieci","alternateName":"Bvelo","url":"https:\/\/bvelo.pl\/de\/","logo":{"@type":"ImageObject","inLanguage":"de","@id":"https:\/\/bvelo.pl\/de\/#\/schema\/logo\/image\/","url":"https:\/\/bvelo.pl\/wp-content\/uploads\/2024\/07\/bvelo_logo_yoast_organisation.png","contentUrl":"https:\/\/bvelo.pl\/wp-content\/uploads\/2024\/07\/bvelo_logo_yoast_organisation.png","width":800,"height":800,"caption":"Bvelo - odzie\u017c welurowa dla dzieci"},"image":{"@id":"https:\/\/bvelo.pl\/de\/#\/schema\/logo\/image\/"}}]}},"_links":{"self":[{"href":"https:\/\/bvelo.pl\/de\/wp-json\/wp\/v2\/pages\/1729"}],"collection":[{"href":"https:\/\/bvelo.pl\/de\/wp-json\/wp\/v2\/pages"}],"about":[{"href":"https:\/\/bvelo.pl\/de\/wp-json\/wp\/v2\/types\/page"}],"author":[{"embeddable":true,"href":"https:\/\/bvelo.pl\/de\/wp-json\/wp\/v2\/users\/1"}],"replies":[{"embeddable":true,"href":"https:\/\/bvelo.pl\/de\/wp-json\/wp\/v2\/comments?post=1729"}],"version-history":[{"count":1,"href":"https:\/\/bvelo.pl\/de\/wp-json\/wp\/v2\/pages\/1729\/revisions"}],"predecessor-version":[{"id":1730,"href":"https:\/\/bvelo.pl\/de\/wp-json\/wp\/v2\/pages\/1729\/revisions\/1730"}],"wp:attachment":[{"href":"https:\/\/bvelo.pl\/de\/wp-json\/wp\/v2\/media?parent=1729"}],"curies":[{"name":"wp","href":"https:\/\/api.w.org\/{rel}","templated":true}]}}