{"id":1745,"date":"2023-01-25T13:38:29","date_gmt":"2023-01-25T12:38:29","guid":{"rendered":"https:\/\/bvelo.pl\/ueber-uns\/"},"modified":"2025-01-22T11:55:09","modified_gmt":"2025-01-22T10:55:09","slug":"ueber-uns","status":"publish","type":"page","link":"https:\/\/bvelo.pl\/de\/ueber-uns\/","title":{"rendered":"\u00dcber uns"},"content":{"rendered":"<div class=\"aboutus\">\n<div class=\"row first\" style=\"align-items: center;\">\n<div class=\"col-md-6 about-padding\">\n<h2>Mit einer Leidenschaft f\u00fcr Qualit\u00e4t<\/h2>\n<hr>\n<p class=\"descr\">BVELO ist ein f\u00fchrender Hersteller von Veloursbekleidung f\u00fcr Kinder. Unsere Sweatshirts und Hosen k\u00f6nnen beliebig kombiniert werden, um ein komplettes Oversize-Outfit-Set zu kreieren. Jeder Velours-Kindertrainingsanzug in unserem Shop wird mit gr\u00f6\u00dfter Sorgfalt in einer polnischen Manufaktur gen\u00e4ht.<\/p>\n<\/div>\n<div class=\"col-md-6\"><img loading=\"lazy\" decoding=\"async\" class=\"alignnone wp-image-322 size-large lazyload\" data-src=\"https:\/\/bvelo.pl\/wp-content\/uploads\/2023\/04\/Bvelo-odziez-welurowa-1024x417.jpg\" alt=\"Figur, die einen Veloursstoff auf einer N\u00e4hmaschine bearbeitet\" width=\"640\" height=\"261\" data-srcset=\"https:\/\/bvelo.pl\/wp-content\/uploads\/2023\/04\/Bvelo-odziez-welurowa-1024x417.jpg 1024w, https:\/\/bvelo.pl\/wp-content\/uploads\/2023\/04\/Bvelo-odziez-welurowa-630x256.jpg 630w, https:\/\/bvelo.pl\/wp-content\/uploads\/2023\/04\/Bvelo-odziez-welurowa-64x26.jpg 64w, https:\/\/bvelo.pl\/wp-content\/uploads\/2023\/04\/Bvelo-odziez-welurowa-300x122.jpg 300w, https:\/\/bvelo.pl\/wp-content\/uploads\/2023\/04\/Bvelo-odziez-welurowa-768x313.jpg 768w, https:\/\/bvelo.pl\/wp-content\/uploads\/2023\/04\/Bvelo-odziez-welurowa.jpg 1177w\" data-sizes=\"(max-width: 640px) 100vw, 640px\" src=\"data:image\/gif;base64,R0lGODlhAQABAAAAACH5BAEKAAEALAAAAAABAAEAAAICTAEAOw==\" style=\"--smush-placeholder-width: 640px; --smush-placeholder-aspect-ratio: 640\/261;\" \/><noscript><img loading=\"lazy\" decoding=\"async\" class=\"alignnone wp-image-322 size-large\" src=\"https:\/\/bvelo.pl\/wp-content\/uploads\/2023\/04\/Bvelo-odziez-welurowa-1024x417.jpg\" alt=\"Figur, die einen Veloursstoff auf einer N\u00e4hmaschine bearbeitet\" width=\"640\" height=\"261\" srcset=\"https:\/\/bvelo.pl\/wp-content\/uploads\/2023\/04\/Bvelo-odziez-welurowa-1024x417.jpg 1024w, https:\/\/bvelo.pl\/wp-content\/uploads\/2023\/04\/Bvelo-odziez-welurowa-630x256.jpg 630w, https:\/\/bvelo.pl\/wp-content\/uploads\/2023\/04\/Bvelo-odziez-welurowa-64x26.jpg 64w, https:\/\/bvelo.pl\/wp-content\/uploads\/2023\/04\/Bvelo-odziez-welurowa-300x122.jpg 300w, https:\/\/bvelo.pl\/wp-content\/uploads\/2023\/04\/Bvelo-odziez-welurowa-768x313.jpg 768w, https:\/\/bvelo.pl\/wp-content\/uploads\/2023\/04\/Bvelo-odziez-welurowa.jpg 1177w\" sizes=\"(max-width: 640px) 100vw, 640px\" \/><\/noscript><\/div>\n<\/div>\n<div class=\"row bvelo-reverse\" style=\"align-items: center;\">\n<div class=\"col-md-5\">\n<p><img loading=\"lazy\" decoding=\"async\" class=\"alignnone wp-image-291 size-full lazyload\" data-src=\"https:\/\/bvelo.pl\/wp-content\/uploads\/2023\/04\/BVELO-odziez-dziecieca-dres-welurowy.jpg\" alt=\"M\u00e4dchen mit einem Kissen in den H\u00e4nden auf einem Bett liegend\" width=\"906\" height=\"604\" data-srcset=\"https:\/\/bvelo.pl\/wp-content\/uploads\/2023\/04\/BVELO-odziez-dziecieca-dres-welurowy.jpg 906w, https:\/\/bvelo.pl\/wp-content\/uploads\/2023\/04\/BVELO-odziez-dziecieca-dres-welurowy-630x420.jpg 630w, https:\/\/bvelo.pl\/wp-content\/uploads\/2023\/04\/BVELO-odziez-dziecieca-dres-welurowy-64x43.jpg 64w, https:\/\/bvelo.pl\/wp-content\/uploads\/2023\/04\/BVELO-odziez-dziecieca-dres-welurowy-300x200.jpg 300w, https:\/\/bvelo.pl\/wp-content\/uploads\/2023\/04\/BVELO-odziez-dziecieca-dres-welurowy-768x512.jpg 768w\" data-sizes=\"(max-width: 906px) 100vw, 906px\" src=\"data:image\/gif;base64,R0lGODlhAQABAAAAACH5BAEKAAEALAAAAAABAAEAAAICTAEAOw==\" style=\"--smush-placeholder-width: 906px; --smush-placeholder-aspect-ratio: 906\/604;\" \/><noscript><img loading=\"lazy\" decoding=\"async\" class=\"alignnone wp-image-291 size-full\" src=\"https:\/\/bvelo.pl\/wp-content\/uploads\/2023\/04\/BVELO-odziez-dziecieca-dres-welurowy.jpg\" alt=\"M\u00e4dchen mit einem Kissen in den H\u00e4nden auf einem Bett liegend\" width=\"906\" height=\"604\" srcset=\"https:\/\/bvelo.pl\/wp-content\/uploads\/2023\/04\/BVELO-odziez-dziecieca-dres-welurowy.jpg 906w, https:\/\/bvelo.pl\/wp-content\/uploads\/2023\/04\/BVELO-odziez-dziecieca-dres-welurowy-630x420.jpg 630w, https:\/\/bvelo.pl\/wp-content\/uploads\/2023\/04\/BVELO-odziez-dziecieca-dres-welurowy-64x43.jpg 64w, https:\/\/bvelo.pl\/wp-content\/uploads\/2023\/04\/BVELO-odziez-dziecieca-dres-welurowy-300x200.jpg 300w, https:\/\/bvelo.pl\/wp-content\/uploads\/2023\/04\/BVELO-odziez-dziecieca-dres-welurowy-768x512.jpg 768w\" sizes=\"(max-width: 906px) 100vw, 906px\" \/><\/noscript><\/p>\n<\/div>\n<div class=\"col-md-7 about-padding\">\n<h2>Mit Respekt f\u00fcr den Empf\u00e4nger<\/h2>\n<hr>\n<p class=\"descr\">Unser Ziel ist es, Kindern zu helfen, sich wohl zu f\u00fchlen. Wir stellen hochwertige, weiche Veloursbekleidung f\u00fcr Kinder her, die sich ideal f\u00fcr den Kindergarten, die Schule und die Freizeit zu Hause eignet. Tragen Sie einen Velours-Trainingsanzug, wann immer Sie sich wohl f\u00fchlen wollen.<\/p>\n<\/div>\n<\/div>\n<div class=\"row\" style=\"align-items: center;\">\n<div class=\"col-md-8 about-padding\">\n<h2 style=\"margin-top: 0;\">Mit dem Gef\u00fchl f\u00fcr ein gut gemachtes Produkt<\/h2>\n<hr>\n<p class=\"descr\">Wir w\u00e4hlen die Textilien und ihre Veredelungen so aus, dass das gew\u00fcnschte Endergebnis den Erwartungen unserer Kunden und der Zufriedenheit ihrer Kinder gerecht wird.<\/p>\n<p>Bestellen Sie, was Sie erwarten, und erwarten Sie, was Sie bestellen.<\/p>\n<\/div>\n<div class=\"col-md-4\"><img loading=\"lazy\" decoding=\"async\" class=\"alignnone wp-image-304 size-full lazyload\" data-src=\"https:\/\/bvelo.pl\/wp-content\/uploads\/2023\/04\/Bvelo-dres-dla-dzieci-welurowy.jpg\" alt=\"Frau schneidet Stoff mit einer Schere\" width=\"878\" height=\"878\" data-srcset=\"https:\/\/bvelo.pl\/wp-content\/uploads\/2023\/04\/Bvelo-dres-dla-dzieci-welurowy.jpg 878w, https:\/\/bvelo.pl\/wp-content\/uploads\/2023\/04\/Bvelo-dres-dla-dzieci-welurowy-100x100.jpg 100w, https:\/\/bvelo.pl\/wp-content\/uploads\/2023\/04\/Bvelo-dres-dla-dzieci-welurowy-630x630.jpg 630w, https:\/\/bvelo.pl\/wp-content\/uploads\/2023\/04\/Bvelo-dres-dla-dzieci-welurowy-64x64.jpg 64w, https:\/\/bvelo.pl\/wp-content\/uploads\/2023\/04\/Bvelo-dres-dla-dzieci-welurowy-300x300.jpg 300w, https:\/\/bvelo.pl\/wp-content\/uploads\/2023\/04\/Bvelo-dres-dla-dzieci-welurowy-150x150.jpg 150w, https:\/\/bvelo.pl\/wp-content\/uploads\/2023\/04\/Bvelo-dres-dla-dzieci-welurowy-768x768.jpg 768w\" data-sizes=\"(max-width: 878px) 100vw, 878px\" src=\"data:image\/gif;base64,R0lGODlhAQABAAAAACH5BAEKAAEALAAAAAABAAEAAAICTAEAOw==\" style=\"--smush-placeholder-width: 878px; --smush-placeholder-aspect-ratio: 878\/878;\" \/><noscript><img loading=\"lazy\" decoding=\"async\" class=\"alignnone wp-image-304 size-full\" src=\"https:\/\/bvelo.pl\/wp-content\/uploads\/2023\/04\/Bvelo-dres-dla-dzieci-welurowy.jpg\" alt=\"Frau schneidet Stoff mit einer Schere\" width=\"878\" height=\"878\" srcset=\"https:\/\/bvelo.pl\/wp-content\/uploads\/2023\/04\/Bvelo-dres-dla-dzieci-welurowy.jpg 878w, https:\/\/bvelo.pl\/wp-content\/uploads\/2023\/04\/Bvelo-dres-dla-dzieci-welurowy-100x100.jpg 100w, https:\/\/bvelo.pl\/wp-content\/uploads\/2023\/04\/Bvelo-dres-dla-dzieci-welurowy-630x630.jpg 630w, https:\/\/bvelo.pl\/wp-content\/uploads\/2023\/04\/Bvelo-dres-dla-dzieci-welurowy-64x64.jpg 64w, https:\/\/bvelo.pl\/wp-content\/uploads\/2023\/04\/Bvelo-dres-dla-dzieci-welurowy-300x300.jpg 300w, https:\/\/bvelo.pl\/wp-content\/uploads\/2023\/04\/Bvelo-dres-dla-dzieci-welurowy-150x150.jpg 150w, https:\/\/bvelo.pl\/wp-content\/uploads\/2023\/04\/Bvelo-dres-dla-dzieci-welurowy-768x768.jpg 768w\" sizes=\"(max-width: 878px) 100vw, 878px\" \/><\/noscript><\/div>\n<\/div>\n<div class=\"row bvelo-reverse last\" style=\"align-items: center;\">\n<div class=\"col-md-5\">\n<p><img loading=\"lazy\" decoding=\"async\" class=\"alignnone wp-image-336 size-large lazyload\" data-src=\"https:\/\/bvelo.pl\/wp-content\/uploads\/2023\/04\/Bvelo-dres-dla-dzieci-welur-kontakt-1024x683.jpg\" alt=\"Frau mit einem um den Hals gewickelten Ma\u00dfband, das an einem Kleiderst\u00e4nder lehnt\" width=\"640\" height=\"427\" data-srcset=\"https:\/\/bvelo.pl\/wp-content\/uploads\/2023\/04\/Bvelo-dres-dla-dzieci-welur-kontakt-1024x683.jpg 1024w, https:\/\/bvelo.pl\/wp-content\/uploads\/2023\/04\/Bvelo-dres-dla-dzieci-welur-kontakt-630x420.jpg 630w, https:\/\/bvelo.pl\/wp-content\/uploads\/2023\/04\/Bvelo-dres-dla-dzieci-welur-kontakt-64x43.jpg 64w, https:\/\/bvelo.pl\/wp-content\/uploads\/2023\/04\/Bvelo-dres-dla-dzieci-welur-kontakt-300x200.jpg 300w, https:\/\/bvelo.pl\/wp-content\/uploads\/2023\/04\/Bvelo-dres-dla-dzieci-welur-kontakt-768x512.jpg 768w, https:\/\/bvelo.pl\/wp-content\/uploads\/2023\/04\/Bvelo-dres-dla-dzieci-welur-kontakt.jpg 1063w\" data-sizes=\"(max-width: 640px) 100vw, 640px\" src=\"data:image\/gif;base64,R0lGODlhAQABAAAAACH5BAEKAAEALAAAAAABAAEAAAICTAEAOw==\" style=\"--smush-placeholder-width: 640px; --smush-placeholder-aspect-ratio: 640\/427;\" \/><noscript><img loading=\"lazy\" decoding=\"async\" class=\"alignnone wp-image-336 size-large\" src=\"https:\/\/bvelo.pl\/wp-content\/uploads\/2023\/04\/Bvelo-dres-dla-dzieci-welur-kontakt-1024x683.jpg\" alt=\"Frau mit einem um den Hals gewickelten Ma\u00dfband, das an einem Kleiderst\u00e4nder lehnt\" width=\"640\" height=\"427\" srcset=\"https:\/\/bvelo.pl\/wp-content\/uploads\/2023\/04\/Bvelo-dres-dla-dzieci-welur-kontakt-1024x683.jpg 1024w, https:\/\/bvelo.pl\/wp-content\/uploads\/2023\/04\/Bvelo-dres-dla-dzieci-welur-kontakt-630x420.jpg 630w, https:\/\/bvelo.pl\/wp-content\/uploads\/2023\/04\/Bvelo-dres-dla-dzieci-welur-kontakt-64x43.jpg 64w, https:\/\/bvelo.pl\/wp-content\/uploads\/2023\/04\/Bvelo-dres-dla-dzieci-welur-kontakt-300x200.jpg 300w, https:\/\/bvelo.pl\/wp-content\/uploads\/2023\/04\/Bvelo-dres-dla-dzieci-welur-kontakt-768x512.jpg 768w, https:\/\/bvelo.pl\/wp-content\/uploads\/2023\/04\/Bvelo-dres-dla-dzieci-welur-kontakt.jpg 1063w\" sizes=\"(max-width: 640px) 100vw, 640px\" \/><\/noscript><\/p>\n<\/div>\n<div class=\"col-md-7 about-padding\">\n<h2>Mit Verst\u00e4ndnis f\u00fcr die Bed\u00fcrfnisse<\/h2>\n<hr>\n<p class=\"descr\">Was uns auszeichnet, ist unser ausgezeichneter Kundenservice. Wir reagieren auf alle Ihre Konzepte, machen Vorschl\u00e4ge und beantworten Ihre Fragen. Umfassende Serviceunterst\u00fctzung erwartet Sie unter <a style=\"color: #27366d; font-weight: bold;\" href=\"tel:530698698\">530-698-698<\/a>. Wir k\u00f6nnen es kaum erwarten, Ihr Velours-Set zu kreieren. Geben Sie Ihre Bestellung noch heute auf!<\/p>\n<div style=\"margin-top: 2em; text-align: center;\"><a class=\"about-button\" href=\"https:\/\/bvelo.pl\/sklep\/\">Zum Shop gehen<\/a><\/div>\n<p style=\"font-family: Sacramento, cursive; text-align: right; font-size: 2em; margin-top: 1em;\">Bvelo Team<\/p>\n<\/div>\n<\/div>\n<\/div>\n","protected":false},"excerpt":{"rendered":"<p>Mit einer Leidenschaft f\u00fcr Qualit\u00e4t BVELO ist ein f\u00fchrender Hersteller von Veloursbekleidung f\u00fcr Kinder. Unsere Sweatshirts und Hosen k\u00f6nnen beliebig [&#8230;]<\/p>\n<p><a class=\"btn btn-secondary understrap-read-more-link\" href=\"https:\/\/bvelo.pl\/de\/ueber-uns\/\">Weiterlesen&#8230;<span class=\"screen-reader-text\"> from \u00dcber uns<\/span><\/a><\/p>\n","protected":false},"author":1,"featured_media":2149,"parent":0,"menu_order":0,"comment_status":"closed","ping_status":"closed","template":"","meta":{"_acf_changed":false,"inline_featured_image":false,"footnotes":""},"class_list":["post-1745","page","type-page","status-publish","has-post-thumbnail","hentry"],"acf":[],"yoast_head":"<!-- This site is optimized with the Yoast SEO plugin v22.9 - https:\/\/yoast.com\/wordpress\/plugins\/seo\/ -->\n<title>- Bvelo - mit einer Leidenschaft f\u00fcr Qualit\u00e4t<\/title>\n<meta name=\"description\" content=\"Polnische Qualit\u00e4tsvelourskleidung f\u00fcr Kinder. Werfen Sie einen Blick auf unsere hochwertige BVELO-Kollektion. Ein Trainingsanzug aus Velours f\u00fcr Ihr Kind.\" \/>\n<meta name=\"robots\" content=\"index, follow, max-snippet:-1, max-image-preview:large, max-video-preview:-1\" \/>\n<link rel=\"canonical\" href=\"https:\/\/bvelo.pl\/de\/ueber-uns\/\" \/>\n<meta property=\"og:locale\" content=\"de_DE\" \/>\n<meta property=\"og:type\" content=\"article\" \/>\n<meta property=\"og:title\" content=\"Bvelo - \u00dcber uns\" \/>\n<meta property=\"og:description\" content=\"Polnische Qualit\u00e4tsvelourskleidung f\u00fcr Kinder. Werfen Sie einen Blick auf unsere hochwertige BVELO-Kollektion. Ein Trainingsanzug aus Velours f\u00fcr Ihr Kind.\" \/>\n<meta property=\"og:url\" content=\"https:\/\/bvelo.pl\/de\/ueber-uns\/\" \/>\n<meta property=\"og:site_name\" content=\"Bvelo\" \/>\n<meta property=\"article:modified_time\" content=\"2025-01-22T10:55:09+00:00\" \/>\n<meta property=\"og:image\" content=\"https:\/\/bvelo.pl\/wp-content\/uploads\/2024\/07\/opengraph_twittercard_logo.png\" \/>\n\t<meta property=\"og:image:width\" content=\"1200\" \/>\n\t<meta property=\"og:image:height\" content=\"675\" \/>\n\t<meta property=\"og:image:type\" content=\"image\/png\" \/>\n<meta name=\"twitter:card\" content=\"summary_large_image\" \/>\n<meta name=\"twitter:label1\" content=\"Gesch\u00e4tzte Lesezeit\" \/>\n\t<meta name=\"twitter:data1\" content=\"3\u00a0Minuten\" \/>\n<script type=\"application\/ld+json\" class=\"yoast-schema-graph\">{\"@context\":\"https:\/\/schema.org\",\"@graph\":[{\"@type\":[\"WebPage\",\"AboutPage\"],\"@id\":\"https:\/\/bvelo.pl\/de\/ueber-uns\/\",\"url\":\"https:\/\/bvelo.pl\/de\/ueber-uns\/\",\"name\":\"- Bvelo - mit einer Leidenschaft f\u00fcr Qualit\u00e4t\",\"isPartOf\":{\"@id\":\"https:\/\/bvelo.pl\/de\/#website\"},\"primaryImageOfPage\":{\"@id\":\"https:\/\/bvelo.pl\/de\/ueber-uns\/#primaryimage\"},\"image\":{\"@id\":\"https:\/\/bvelo.pl\/de\/ueber-uns\/#primaryimage\"},\"thumbnailUrl\":\"https:\/\/bvelo.pl\/wp-content\/uploads\/2023\/04\/BVELO-odziez-dziecieca-dres-welurowy.jpg\",\"datePublished\":\"2023-01-25T12:38:29+00:00\",\"dateModified\":\"2025-01-22T10:55:09+00:00\",\"description\":\"Polnische Qualit\u00e4tsvelourskleidung f\u00fcr Kinder. Werfen Sie einen Blick auf unsere hochwertige BVELO-Kollektion. Ein Trainingsanzug aus Velours f\u00fcr Ihr Kind.\",\"breadcrumb\":{\"@id\":\"https:\/\/bvelo.pl\/de\/ueber-uns\/#breadcrumb\"},\"inLanguage\":\"de\",\"potentialAction\":[{\"@type\":\"ReadAction\",\"target\":[\"https:\/\/bvelo.pl\/de\/ueber-uns\/\"]}]},{\"@type\":\"ImageObject\",\"inLanguage\":\"de\",\"@id\":\"https:\/\/bvelo.pl\/de\/ueber-uns\/#primaryimage\",\"url\":\"https:\/\/bvelo.pl\/wp-content\/uploads\/2023\/04\/BVELO-odziez-dziecieca-dres-welurowy.jpg\",\"contentUrl\":\"https:\/\/bvelo.pl\/wp-content\/uploads\/2023\/04\/BVELO-odziez-dziecieca-dres-welurowy.jpg\",\"width\":906,\"height\":604,\"caption\":\"BVELO odziez dziecieca dres welurowy\"},{\"@type\":\"BreadcrumbList\",\"@id\":\"https:\/\/bvelo.pl\/de\/ueber-uns\/#breadcrumb\",\"itemListElement\":[{\"@type\":\"ListItem\",\"position\":1,\"name\":\"Startseite\",\"item\":\"https:\/\/bvelo.pl\/de\/\"},{\"@type\":\"ListItem\",\"position\":2,\"name\":\"\u00dcber uns\"}]},{\"@type\":\"WebSite\",\"@id\":\"https:\/\/bvelo.pl\/de\/#website\",\"url\":\"https:\/\/bvelo.pl\/de\/\",\"name\":\"Bvelo\",\"description\":\"Kolekcja Welurowa Dla Dzieci\",\"publisher\":{\"@id\":\"https:\/\/bvelo.pl\/de\/#organization\"},\"potentialAction\":[{\"@type\":\"SearchAction\",\"target\":{\"@type\":\"EntryPoint\",\"urlTemplate\":\"https:\/\/bvelo.pl\/de\/?s={search_term_string}\"},\"query-input\":\"required name=search_term_string\"}],\"inLanguage\":\"de\"},{\"@type\":\"Organization\",\"@id\":\"https:\/\/bvelo.pl\/de\/#organization\",\"name\":\"Bvelo - odzie\u017c welurowa dla dzieci\",\"alternateName\":\"Bvelo\",\"url\":\"https:\/\/bvelo.pl\/de\/\",\"logo\":{\"@type\":\"ImageObject\",\"inLanguage\":\"de\",\"@id\":\"https:\/\/bvelo.pl\/de\/#\/schema\/logo\/image\/\",\"url\":\"https:\/\/bvelo.pl\/wp-content\/uploads\/2024\/07\/bvelo_logo_yoast_organisation.png\",\"contentUrl\":\"https:\/\/bvelo.pl\/wp-content\/uploads\/2024\/07\/bvelo_logo_yoast_organisation.png\",\"width\":800,\"height\":800,\"caption\":\"Bvelo - odzie\u017c welurowa dla dzieci\"},\"image\":{\"@id\":\"https:\/\/bvelo.pl\/de\/#\/schema\/logo\/image\/\"}}]}<\/script>\n<!-- \/ Yoast SEO plugin. -->","yoast_head_json":{"title":"- Bvelo - mit einer Leidenschaft f\u00fcr Qualit\u00e4t","description":"Polnische Qualit\u00e4tsvelourskleidung f\u00fcr Kinder. Werfen Sie einen Blick auf unsere hochwertige BVELO-Kollektion. Ein Trainingsanzug aus Velours f\u00fcr Ihr Kind.","robots":{"index":"index","follow":"follow","max-snippet":"max-snippet:-1","max-image-preview":"max-image-preview:large","max-video-preview":"max-video-preview:-1"},"canonical":"https:\/\/bvelo.pl\/de\/ueber-uns\/","og_locale":"de_DE","og_type":"article","og_title":"Bvelo - \u00dcber uns","og_description":"Polnische Qualit\u00e4tsvelourskleidung f\u00fcr Kinder. Werfen Sie einen Blick auf unsere hochwertige BVELO-Kollektion. Ein Trainingsanzug aus Velours f\u00fcr Ihr Kind.","og_url":"https:\/\/bvelo.pl\/de\/ueber-uns\/","og_site_name":"Bvelo","article_modified_time":"2025-01-22T10:55:09+00:00","og_image":[{"width":1200,"height":675,"url":"https:\/\/bvelo.pl\/wp-content\/uploads\/2024\/07\/opengraph_twittercard_logo.png","type":"image\/png"}],"twitter_card":"summary_large_image","twitter_misc":{"Gesch\u00e4tzte Lesezeit":"3\u00a0Minuten"},"schema":{"@context":"https:\/\/schema.org","@graph":[{"@type":["WebPage","AboutPage"],"@id":"https:\/\/bvelo.pl\/de\/ueber-uns\/","url":"https:\/\/bvelo.pl\/de\/ueber-uns\/","name":"- Bvelo - mit einer Leidenschaft f\u00fcr Qualit\u00e4t","isPartOf":{"@id":"https:\/\/bvelo.pl\/de\/#website"},"primaryImageOfPage":{"@id":"https:\/\/bvelo.pl\/de\/ueber-uns\/#primaryimage"},"image":{"@id":"https:\/\/bvelo.pl\/de\/ueber-uns\/#primaryimage"},"thumbnailUrl":"https:\/\/bvelo.pl\/wp-content\/uploads\/2023\/04\/BVELO-odziez-dziecieca-dres-welurowy.jpg","datePublished":"2023-01-25T12:38:29+00:00","dateModified":"2025-01-22T10:55:09+00:00","description":"Polnische Qualit\u00e4tsvelourskleidung f\u00fcr Kinder. Werfen Sie einen Blick auf unsere hochwertige BVELO-Kollektion. Ein Trainingsanzug aus Velours f\u00fcr Ihr Kind.","breadcrumb":{"@id":"https:\/\/bvelo.pl\/de\/ueber-uns\/#breadcrumb"},"inLanguage":"de","potentialAction":[{"@type":"ReadAction","target":["https:\/\/bvelo.pl\/de\/ueber-uns\/"]}]},{"@type":"ImageObject","inLanguage":"de","@id":"https:\/\/bvelo.pl\/de\/ueber-uns\/#primaryimage","url":"https:\/\/bvelo.pl\/wp-content\/uploads\/2023\/04\/BVELO-odziez-dziecieca-dres-welurowy.jpg","contentUrl":"https:\/\/bvelo.pl\/wp-content\/uploads\/2023\/04\/BVELO-odziez-dziecieca-dres-welurowy.jpg","width":906,"height":604,"caption":"BVELO odziez dziecieca dres welurowy"},{"@type":"BreadcrumbList","@id":"https:\/\/bvelo.pl\/de\/ueber-uns\/#breadcrumb","itemListElement":[{"@type":"ListItem","position":1,"name":"Startseite","item":"https:\/\/bvelo.pl\/de\/"},{"@type":"ListItem","position":2,"name":"\u00dcber uns"}]},{"@type":"WebSite","@id":"https:\/\/bvelo.pl\/de\/#website","url":"https:\/\/bvelo.pl\/de\/","name":"Bvelo","description":"Kolekcja Welurowa Dla Dzieci","publisher":{"@id":"https:\/\/bvelo.pl\/de\/#organization"},"potentialAction":[{"@type":"SearchAction","target":{"@type":"EntryPoint","urlTemplate":"https:\/\/bvelo.pl\/de\/?s={search_term_string}"},"query-input":"required name=search_term_string"}],"inLanguage":"de"},{"@type":"Organization","@id":"https:\/\/bvelo.pl\/de\/#organization","name":"Bvelo - odzie\u017c welurowa dla dzieci","alternateName":"Bvelo","url":"https:\/\/bvelo.pl\/de\/","logo":{"@type":"ImageObject","inLanguage":"de","@id":"https:\/\/bvelo.pl\/de\/#\/schema\/logo\/image\/","url":"https:\/\/bvelo.pl\/wp-content\/uploads\/2024\/07\/bvelo_logo_yoast_organisation.png","contentUrl":"https:\/\/bvelo.pl\/wp-content\/uploads\/2024\/07\/bvelo_logo_yoast_organisation.png","width":800,"height":800,"caption":"Bvelo - odzie\u017c welurowa dla dzieci"},"image":{"@id":"https:\/\/bvelo.pl\/de\/#\/schema\/logo\/image\/"}}]}},"_links":{"self":[{"href":"https:\/\/bvelo.pl\/de\/wp-json\/wp\/v2\/pages\/1745"}],"collection":[{"href":"https:\/\/bvelo.pl\/de\/wp-json\/wp\/v2\/pages"}],"about":[{"href":"https:\/\/bvelo.pl\/de\/wp-json\/wp\/v2\/types\/page"}],"author":[{"embeddable":true,"href":"https:\/\/bvelo.pl\/de\/wp-json\/wp\/v2\/users\/1"}],"replies":[{"embeddable":true,"href":"https:\/\/bvelo.pl\/de\/wp-json\/wp\/v2\/comments?post=1745"}],"version-history":[{"count":6,"href":"https:\/\/bvelo.pl\/de\/wp-json\/wp\/v2\/pages\/1745\/revisions"}],"predecessor-version":[{"id":3130,"href":"https:\/\/bvelo.pl\/de\/wp-json\/wp\/v2\/pages\/1745\/revisions\/3130"}],"wp:featuredmedia":[{"embeddable":true,"href":"https:\/\/bvelo.pl\/de\/wp-json\/wp\/v2\/media\/2149"}],"wp:attachment":[{"href":"https:\/\/bvelo.pl\/de\/wp-json\/wp\/v2\/media?parent=1745"}],"curies":[{"name":"wp","href":"https:\/\/api.w.org\/{rel}","templated":true}]}}