{"id":1758,"date":"2023-04-26T14:03:41","date_gmt":"2023-04-26T12:03:41","guid":{"rendered":"https:\/\/bvelo.pl\/bezahlung\/"},"modified":"2024-07-17T12:58:48","modified_gmt":"2024-07-17T10:58:48","slug":"bezahlung","status":"publish","type":"page","link":"https:\/\/bvelo.pl\/de\/bezahlung\/","title":{"rendered":"Bezahlung"},"content":{"rendered":"<div style=\"font-size: 20px;\">\n<p><strong>In unserem Shop k\u00f6nnen Sie Ihre Bestellung \u00fcber das System Przelewy24 bezahlen, das die folgenden Zahlungsarten unterst\u00fctzt:<\/strong><\/p>\n<p>1) Online-\u00dcberweisungen<\/p>\n<p>2) Mobiles Zahlungssystem BLIK<\/p>\n<p>3) Kredit-\/Zahlungskartenverarbeitung<\/p>\n<p>4) Apple Pay<\/p>\n<p>5) Google Pay<\/p>\n<\/div>\n","protected":false},"excerpt":{"rendered":"<p>In unserem Shop k\u00f6nnen Sie Ihre Bestellung \u00fcber das System Przelewy24 bezahlen, das die folgenden Zahlungsarten unterst\u00fctzt: 1) Online-\u00dcberweisungen 2) [&#8230;]<\/p>\n<p><a class=\"btn btn-secondary understrap-read-more-link\" href=\"https:\/\/bvelo.pl\/de\/bezahlung\/\">Weiterlesen&#8230;<span class=\"screen-reader-text\"> from Bezahlung<\/span><\/a><\/p>\n","protected":false},"author":1,"featured_media":0,"parent":0,"menu_order":0,"comment_status":"closed","ping_status":"closed","template":"","meta":{"_acf_changed":false,"inline_featured_image":false,"footnotes":""},"class_list":["post-1758","page","type-page","status-publish","hentry"],"acf":[],"yoast_head":"<!-- This site is optimized with the Yoast SEO plugin v22.9 - https:\/\/yoast.com\/wordpress\/plugins\/seo\/ -->\n<title>Bezahlung - Bvelo<\/title>\n<meta name=\"description\" content=\"Im Bvelo-Shop k\u00f6nnen Sie Ihre Bestellung \u00fcber das System Przelewy24 bezahlen, das viele Zahlungsarten unterst\u00fctzt.\" \/>\n<meta name=\"robots\" content=\"index, follow, max-snippet:-1, max-image-preview:large, max-video-preview:-1\" \/>\n<link rel=\"canonical\" href=\"https:\/\/bvelo.pl\/de\/bezahlung\/\" \/>\n<meta property=\"og:locale\" content=\"de_DE\" \/>\n<meta property=\"og:type\" content=\"article\" \/>\n<meta property=\"og:title\" content=\"Bvelo - Bezahlung\" \/>\n<meta property=\"og:description\" content=\"Im Bvelo-Shop k\u00f6nnen Sie Ihre Bestellung \u00fcber das System Przelewy24 bezahlen, das viele Zahlungsarten unterst\u00fctzt.\" \/>\n<meta property=\"og:url\" content=\"https:\/\/bvelo.pl\/de\/bezahlung\/\" \/>\n<meta property=\"og:site_name\" content=\"Bvelo\" \/>\n<meta property=\"article:modified_time\" content=\"2024-07-17T10:58:48+00:00\" \/>\n<meta name=\"twitter:card\" content=\"summary_large_image\" \/>\n<meta name=\"twitter:label1\" content=\"Gesch\u00e4tzte Lesezeit\" \/>\n\t<meta name=\"twitter:data1\" content=\"1\u00a0Minute\" \/>\n<script type=\"application\/ld+json\" class=\"yoast-schema-graph\">{\"@context\":\"https:\/\/schema.org\",\"@graph\":[{\"@type\":\"WebPage\",\"@id\":\"https:\/\/bvelo.pl\/de\/bezahlung\/\",\"url\":\"https:\/\/bvelo.pl\/de\/bezahlung\/\",\"name\":\"Bezahlung - Bvelo\",\"isPartOf\":{\"@id\":\"https:\/\/bvelo.pl\/de\/#website\"},\"datePublished\":\"2023-04-26T12:03:41+00:00\",\"dateModified\":\"2024-07-17T10:58:48+00:00\",\"description\":\"Im Bvelo-Shop k\u00f6nnen Sie Ihre Bestellung \u00fcber das System Przelewy24 bezahlen, das viele Zahlungsarten unterst\u00fctzt.\",\"breadcrumb\":{\"@id\":\"https:\/\/bvelo.pl\/de\/bezahlung\/#breadcrumb\"},\"inLanguage\":\"de\",\"potentialAction\":[{\"@type\":\"ReadAction\",\"target\":[\"https:\/\/bvelo.pl\/de\/bezahlung\/\"]}]},{\"@type\":\"BreadcrumbList\",\"@id\":\"https:\/\/bvelo.pl\/de\/bezahlung\/#breadcrumb\",\"itemListElement\":[{\"@type\":\"ListItem\",\"position\":1,\"name\":\"Startseite\",\"item\":\"https:\/\/bvelo.pl\/de\/\"},{\"@type\":\"ListItem\",\"position\":2,\"name\":\"Bezahlung\"}]},{\"@type\":\"WebSite\",\"@id\":\"https:\/\/bvelo.pl\/de\/#website\",\"url\":\"https:\/\/bvelo.pl\/de\/\",\"name\":\"Bvelo\",\"description\":\"Kolekcja Welurowa Dla Dzieci\",\"publisher\":{\"@id\":\"https:\/\/bvelo.pl\/de\/#organization\"},\"potentialAction\":[{\"@type\":\"SearchAction\",\"target\":{\"@type\":\"EntryPoint\",\"urlTemplate\":\"https:\/\/bvelo.pl\/de\/?s={search_term_string}\"},\"query-input\":\"required name=search_term_string\"}],\"inLanguage\":\"de\"},{\"@type\":\"Organization\",\"@id\":\"https:\/\/bvelo.pl\/de\/#organization\",\"name\":\"Bvelo - odzie\u017c welurowa dla dzieci\",\"alternateName\":\"Bvelo\",\"url\":\"https:\/\/bvelo.pl\/de\/\",\"logo\":{\"@type\":\"ImageObject\",\"inLanguage\":\"de\",\"@id\":\"https:\/\/bvelo.pl\/de\/#\/schema\/logo\/image\/\",\"url\":\"https:\/\/bvelo.pl\/wp-content\/uploads\/2024\/07\/bvelo_logo_yoast_organisation.png\",\"contentUrl\":\"https:\/\/bvelo.pl\/wp-content\/uploads\/2024\/07\/bvelo_logo_yoast_organisation.png\",\"width\":800,\"height\":800,\"caption\":\"Bvelo - odzie\u017c welurowa dla dzieci\"},\"image\":{\"@id\":\"https:\/\/bvelo.pl\/de\/#\/schema\/logo\/image\/\"}}]}<\/script>\n<!-- \/ Yoast SEO plugin. -->","yoast_head_json":{"title":"Bezahlung - Bvelo","description":"Im Bvelo-Shop k\u00f6nnen Sie Ihre Bestellung \u00fcber das System Przelewy24 bezahlen, das viele Zahlungsarten unterst\u00fctzt.","robots":{"index":"index","follow":"follow","max-snippet":"max-snippet:-1","max-image-preview":"max-image-preview:large","max-video-preview":"max-video-preview:-1"},"canonical":"https:\/\/bvelo.pl\/de\/bezahlung\/","og_locale":"de_DE","og_type":"article","og_title":"Bvelo - Bezahlung","og_description":"Im Bvelo-Shop k\u00f6nnen Sie Ihre Bestellung \u00fcber das System Przelewy24 bezahlen, das viele Zahlungsarten unterst\u00fctzt.","og_url":"https:\/\/bvelo.pl\/de\/bezahlung\/","og_site_name":"Bvelo","article_modified_time":"2024-07-17T10:58:48+00:00","twitter_card":"summary_large_image","twitter_misc":{"Gesch\u00e4tzte Lesezeit":"1\u00a0Minute"},"schema":{"@context":"https:\/\/schema.org","@graph":[{"@type":"WebPage","@id":"https:\/\/bvelo.pl\/de\/bezahlung\/","url":"https:\/\/bvelo.pl\/de\/bezahlung\/","name":"Bezahlung - Bvelo","isPartOf":{"@id":"https:\/\/bvelo.pl\/de\/#website"},"datePublished":"2023-04-26T12:03:41+00:00","dateModified":"2024-07-17T10:58:48+00:00","description":"Im Bvelo-Shop k\u00f6nnen Sie Ihre Bestellung \u00fcber das System Przelewy24 bezahlen, das viele Zahlungsarten unterst\u00fctzt.","breadcrumb":{"@id":"https:\/\/bvelo.pl\/de\/bezahlung\/#breadcrumb"},"inLanguage":"de","potentialAction":[{"@type":"ReadAction","target":["https:\/\/bvelo.pl\/de\/bezahlung\/"]}]},{"@type":"BreadcrumbList","@id":"https:\/\/bvelo.pl\/de\/bezahlung\/#breadcrumb","itemListElement":[{"@type":"ListItem","position":1,"name":"Startseite","item":"https:\/\/bvelo.pl\/de\/"},{"@type":"ListItem","position":2,"name":"Bezahlung"}]},{"@type":"WebSite","@id":"https:\/\/bvelo.pl\/de\/#website","url":"https:\/\/bvelo.pl\/de\/","name":"Bvelo","description":"Kolekcja Welurowa Dla Dzieci","publisher":{"@id":"https:\/\/bvelo.pl\/de\/#organization"},"potentialAction":[{"@type":"SearchAction","target":{"@type":"EntryPoint","urlTemplate":"https:\/\/bvelo.pl\/de\/?s={search_term_string}"},"query-input":"required name=search_term_string"}],"inLanguage":"de"},{"@type":"Organization","@id":"https:\/\/bvelo.pl\/de\/#organization","name":"Bvelo - odzie\u017c welurowa dla dzieci","alternateName":"Bvelo","url":"https:\/\/bvelo.pl\/de\/","logo":{"@type":"ImageObject","inLanguage":"de","@id":"https:\/\/bvelo.pl\/de\/#\/schema\/logo\/image\/","url":"https:\/\/bvelo.pl\/wp-content\/uploads\/2024\/07\/bvelo_logo_yoast_organisation.png","contentUrl":"https:\/\/bvelo.pl\/wp-content\/uploads\/2024\/07\/bvelo_logo_yoast_organisation.png","width":800,"height":800,"caption":"Bvelo - odzie\u017c welurowa dla dzieci"},"image":{"@id":"https:\/\/bvelo.pl\/de\/#\/schema\/logo\/image\/"}}]}},"_links":{"self":[{"href":"https:\/\/bvelo.pl\/de\/wp-json\/wp\/v2\/pages\/1758"}],"collection":[{"href":"https:\/\/bvelo.pl\/de\/wp-json\/wp\/v2\/pages"}],"about":[{"href":"https:\/\/bvelo.pl\/de\/wp-json\/wp\/v2\/types\/page"}],"author":[{"embeddable":true,"href":"https:\/\/bvelo.pl\/de\/wp-json\/wp\/v2\/users\/1"}],"replies":[{"embeddable":true,"href":"https:\/\/bvelo.pl\/de\/wp-json\/wp\/v2\/comments?post=1758"}],"version-history":[{"count":1,"href":"https:\/\/bvelo.pl\/de\/wp-json\/wp\/v2\/pages\/1758\/revisions"}],"predecessor-version":[{"id":2635,"href":"https:\/\/bvelo.pl\/de\/wp-json\/wp\/v2\/pages\/1758\/revisions\/2635"}],"wp:attachment":[{"href":"https:\/\/bvelo.pl\/de\/wp-json\/wp\/v2\/media?parent=1758"}],"curies":[{"name":"wp","href":"https:\/\/api.w.org\/{rel}","templated":true}]}}