{"id":1759,"date":"2023-04-26T14:04:14","date_gmt":"2023-04-26T12:04:14","guid":{"rendered":"https:\/\/bvelo.pl\/rueckgabe-und-umtausch\/"},"modified":"2024-07-22T12:24:04","modified_gmt":"2024-07-22T10:24:04","slug":"rueckgabe-und-umtausch","status":"publish","type":"page","link":"https:\/\/bvelo.pl\/de\/rueckgabe-und-umtausch\/","title":{"rendered":"R\u00fcckgabe und Umtausch"},"content":{"rendered":"<div style=\"text-align: center;\">\n<h2 style=\"text-align: left; font-size: 30px;\">RETURN<\/h2>\n<ul style=\"font-size: 20px; margin-left: -10px;\">\n<li style=\"text-align: left;\">Sie k\u00f6nnen das Produkt innerhalb von 14 Tagen nach Erhalt zur\u00fcckgeben.<\/li>\n<li style=\"text-align: left;\">F\u00fcr die R\u00fccksendung von Waren nutzen Sie bitte den Service unter: <a href=\"https:\/\/furgonetka.pl\/zwroty\/1556e4c8-f514-4a7c-baf7-691e9b6386ad\">https:\/\/furgonetka.pl\/zwroty\/1556e4c8-f514-4a7c-baf7-691e9b6386ad<\/a><\/li>\n<li style=\"text-align: left;\">Wir erstatten Ihnen Ihre Zahlung innerhalb von 7 Tagen nach Erhalt Ihres R\u00fccksendepakets mit derselben Zahlungsmethode wie bei der urspr\u00fcnglichen Transaktion.<\/li>\n<li style=\"text-align: left;\">Die Kosten f\u00fcr die R\u00fccksendung der Waren an unser Gesch\u00e4ft gehen zu Lasten der Person, die die Waren zur\u00fccksendet.<\/li>\n<\/ul>\n<p style=\"text-align: left; font-size: 20px;\">Bitte beachten Sie: Zur\u00fcckgegebene Waren d\u00fcrfen keine Gebrauchsspuren aufweisen.<\/p>\n<p>&nbsp;<\/p>\n<h2 style=\"text-align: left; font-size: 30px;\">TAUSCHEN SIE<\/h2>\n<p style=\"text-align: left; font-size: 20px;\">Um einen Umtausch vorzunehmen, senden Sie die Ware auf die oben beschriebene Weise zur\u00fcck und bestellen dann neue Ware.<\/p>\n<p>&nbsp;<\/p>\n<h2 style=\"text-align: left; font-size: 30px;\">ANZEIGE<\/h2>\n<ul style=\"margin-left: -10px;\">\n<li style=\"text-align: left; font-size: 20px;\">Um eine Beschwerde einzureichen, senden Sie bitte ein ausgef\u00fclltes Beschwerdeformular (hier zum Herunterladen: <a href=\"https:\/\/bvelo.pl\/wp-content\/uploads\/2023\/08\/formularz-reklamacyjny.pdf\" target=\"_blank\" rel=\"noopener\">Beschwerdeformular<\/a>) an die folgende E-Mail-Adresse: kontakt@bvelo.pl.<\/li>\n<li style=\"text-align: left; font-size: 20px;\">Das Gesch\u00e4ft wird innerhalb von 14 Tagen auf die Beschwerde reagieren.<\/li>\n<li style=\"text-align: left; font-size: 20px;\">Wenn die Reklamation zugunsten des Kunden entschieden wird, repariert oder ersetzt der Shop die fehlerhafte Ware oder erstattet, falls ein Ersatz nicht m\u00f6glich ist, den Preis der fehlerhaften Ware innerhalb von 14 Tagen nach Beilegung der Reklamation.<\/li>\n<li style=\"text-align: left; font-size: 20px;\">Sobald die Reklamation akzeptiert wurde, schickt der Shop das Produkt in voller Qualit\u00e4t auf eigene Kosten an die vom Kunden angegebene Adresse zur\u00fcck.<\/li>\n<\/ul>\n<\/div>\n","protected":false},"excerpt":{"rendered":"<p>RETURN Sie k\u00f6nnen das Produkt innerhalb von 14 Tagen nach Erhalt zur\u00fcckgeben. F\u00fcr die R\u00fccksendung von Waren nutzen Sie bitte [&#8230;]<\/p>\n<p><a class=\"btn btn-secondary understrap-read-more-link\" href=\"https:\/\/bvelo.pl\/de\/rueckgabe-und-umtausch\/\">Weiterlesen&#8230;<span class=\"screen-reader-text\"> from R\u00fcckgabe und Umtausch<\/span><\/a><\/p>\n","protected":false},"author":1,"featured_media":0,"parent":0,"menu_order":0,"comment_status":"closed","ping_status":"closed","template":"","meta":{"_acf_changed":false,"inline_featured_image":false,"footnotes":""},"class_list":["post-1759","page","type-page","status-publish","hentry"],"acf":[],"yoast_head":"<!-- This site is optimized with the Yoast SEO plugin v22.9 - https:\/\/yoast.com\/wordpress\/plugins\/seo\/ -->\n<title>R\u00fcckgabe und Umtausch | BVELO<\/title>\n<meta name=\"description\" content=\"R\u00fcckgabe und Umtausch im Bvelo-Shop. Sie k\u00f6nnen das Produkt innerhalb von 14 Tagen nach Erhalt zur\u00fcckgeben.\" \/>\n<meta name=\"robots\" content=\"index, follow, max-snippet:-1, max-image-preview:large, max-video-preview:-1\" \/>\n<link rel=\"canonical\" href=\"https:\/\/bvelo.pl\/de\/rueckgabe-und-umtausch\/\" \/>\n<meta property=\"og:locale\" content=\"de_DE\" \/>\n<meta property=\"og:type\" content=\"article\" \/>\n<meta property=\"og:title\" content=\"Bvelo - R\u00fcckgabe und Umtausch\" \/>\n<meta property=\"og:description\" content=\"R\u00fcckgabe und Umtausch im Bvelo-Shop. Sie k\u00f6nnen das Produkt innerhalb von 14 Tagen nach Erhalt zur\u00fcckgeben.\" \/>\n<meta property=\"og:url\" content=\"https:\/\/bvelo.pl\/de\/rueckgabe-und-umtausch\/\" \/>\n<meta property=\"og:site_name\" content=\"Bvelo\" \/>\n<meta property=\"article:modified_time\" content=\"2024-07-22T10:24:04+00:00\" \/>\n<meta property=\"og:image\" content=\"https:\/\/bvelo.pl\/wp-content\/uploads\/2024\/07\/opengraph_twittercard_logo.png\" \/>\n\t<meta property=\"og:image:width\" content=\"1200\" \/>\n\t<meta property=\"og:image:height\" content=\"675\" \/>\n\t<meta property=\"og:image:type\" content=\"image\/png\" \/>\n<meta name=\"twitter:card\" content=\"summary_large_image\" \/>\n<meta name=\"twitter:label1\" content=\"Gesch\u00e4tzte Lesezeit\" \/>\n\t<meta name=\"twitter:data1\" content=\"2\u00a0Minuten\" \/>\n<script type=\"application\/ld+json\" class=\"yoast-schema-graph\">{\"@context\":\"https:\/\/schema.org\",\"@graph\":[{\"@type\":\"WebPage\",\"@id\":\"https:\/\/bvelo.pl\/de\/rueckgabe-und-umtausch\/\",\"url\":\"https:\/\/bvelo.pl\/de\/rueckgabe-und-umtausch\/\",\"name\":\"R\u00fcckgabe und Umtausch | BVELO\",\"isPartOf\":{\"@id\":\"https:\/\/bvelo.pl\/de\/#website\"},\"datePublished\":\"2023-04-26T12:04:14+00:00\",\"dateModified\":\"2024-07-22T10:24:04+00:00\",\"description\":\"R\u00fcckgabe und Umtausch im Bvelo-Shop. Sie k\u00f6nnen das Produkt innerhalb von 14 Tagen nach Erhalt zur\u00fcckgeben.\",\"breadcrumb\":{\"@id\":\"https:\/\/bvelo.pl\/de\/rueckgabe-und-umtausch\/#breadcrumb\"},\"inLanguage\":\"de\",\"potentialAction\":[{\"@type\":\"ReadAction\",\"target\":[\"https:\/\/bvelo.pl\/de\/rueckgabe-und-umtausch\/\"]}]},{\"@type\":\"BreadcrumbList\",\"@id\":\"https:\/\/bvelo.pl\/de\/rueckgabe-und-umtausch\/#breadcrumb\",\"itemListElement\":[{\"@type\":\"ListItem\",\"position\":1,\"name\":\"Startseite\",\"item\":\"https:\/\/bvelo.pl\/de\/\"},{\"@type\":\"ListItem\",\"position\":2,\"name\":\"R\u00fcckgabe und Umtausch\"}]},{\"@type\":\"WebSite\",\"@id\":\"https:\/\/bvelo.pl\/de\/#website\",\"url\":\"https:\/\/bvelo.pl\/de\/\",\"name\":\"Bvelo\",\"description\":\"Kolekcja Welurowa Dla Dzieci\",\"publisher\":{\"@id\":\"https:\/\/bvelo.pl\/de\/#organization\"},\"potentialAction\":[{\"@type\":\"SearchAction\",\"target\":{\"@type\":\"EntryPoint\",\"urlTemplate\":\"https:\/\/bvelo.pl\/de\/?s={search_term_string}\"},\"query-input\":\"required name=search_term_string\"}],\"inLanguage\":\"de\"},{\"@type\":\"Organization\",\"@id\":\"https:\/\/bvelo.pl\/de\/#organization\",\"name\":\"Bvelo - odzie\u017c welurowa dla dzieci\",\"alternateName\":\"Bvelo\",\"url\":\"https:\/\/bvelo.pl\/de\/\",\"logo\":{\"@type\":\"ImageObject\",\"inLanguage\":\"de\",\"@id\":\"https:\/\/bvelo.pl\/de\/#\/schema\/logo\/image\/\",\"url\":\"https:\/\/bvelo.pl\/wp-content\/uploads\/2024\/07\/bvelo_logo_yoast_organisation.png\",\"contentUrl\":\"https:\/\/bvelo.pl\/wp-content\/uploads\/2024\/07\/bvelo_logo_yoast_organisation.png\",\"width\":800,\"height\":800,\"caption\":\"Bvelo - odzie\u017c welurowa dla dzieci\"},\"image\":{\"@id\":\"https:\/\/bvelo.pl\/de\/#\/schema\/logo\/image\/\"}}]}<\/script>\n<!-- \/ Yoast SEO plugin. -->","yoast_head_json":{"title":"R\u00fcckgabe und Umtausch | BVELO","description":"R\u00fcckgabe und Umtausch im Bvelo-Shop. Sie k\u00f6nnen das Produkt innerhalb von 14 Tagen nach Erhalt zur\u00fcckgeben.","robots":{"index":"index","follow":"follow","max-snippet":"max-snippet:-1","max-image-preview":"max-image-preview:large","max-video-preview":"max-video-preview:-1"},"canonical":"https:\/\/bvelo.pl\/de\/rueckgabe-und-umtausch\/","og_locale":"de_DE","og_type":"article","og_title":"Bvelo - R\u00fcckgabe und Umtausch","og_description":"R\u00fcckgabe und Umtausch im Bvelo-Shop. Sie k\u00f6nnen das Produkt innerhalb von 14 Tagen nach Erhalt zur\u00fcckgeben.","og_url":"https:\/\/bvelo.pl\/de\/rueckgabe-und-umtausch\/","og_site_name":"Bvelo","article_modified_time":"2024-07-22T10:24:04+00:00","og_image":[{"width":1200,"height":675,"url":"https:\/\/bvelo.pl\/wp-content\/uploads\/2024\/07\/opengraph_twittercard_logo.png","type":"image\/png"}],"twitter_card":"summary_large_image","twitter_misc":{"Gesch\u00e4tzte Lesezeit":"2\u00a0Minuten"},"schema":{"@context":"https:\/\/schema.org","@graph":[{"@type":"WebPage","@id":"https:\/\/bvelo.pl\/de\/rueckgabe-und-umtausch\/","url":"https:\/\/bvelo.pl\/de\/rueckgabe-und-umtausch\/","name":"R\u00fcckgabe und Umtausch | BVELO","isPartOf":{"@id":"https:\/\/bvelo.pl\/de\/#website"},"datePublished":"2023-04-26T12:04:14+00:00","dateModified":"2024-07-22T10:24:04+00:00","description":"R\u00fcckgabe und Umtausch im Bvelo-Shop. Sie k\u00f6nnen das Produkt innerhalb von 14 Tagen nach Erhalt zur\u00fcckgeben.","breadcrumb":{"@id":"https:\/\/bvelo.pl\/de\/rueckgabe-und-umtausch\/#breadcrumb"},"inLanguage":"de","potentialAction":[{"@type":"ReadAction","target":["https:\/\/bvelo.pl\/de\/rueckgabe-und-umtausch\/"]}]},{"@type":"BreadcrumbList","@id":"https:\/\/bvelo.pl\/de\/rueckgabe-und-umtausch\/#breadcrumb","itemListElement":[{"@type":"ListItem","position":1,"name":"Startseite","item":"https:\/\/bvelo.pl\/de\/"},{"@type":"ListItem","position":2,"name":"R\u00fcckgabe und Umtausch"}]},{"@type":"WebSite","@id":"https:\/\/bvelo.pl\/de\/#website","url":"https:\/\/bvelo.pl\/de\/","name":"Bvelo","description":"Kolekcja Welurowa Dla Dzieci","publisher":{"@id":"https:\/\/bvelo.pl\/de\/#organization"},"potentialAction":[{"@type":"SearchAction","target":{"@type":"EntryPoint","urlTemplate":"https:\/\/bvelo.pl\/de\/?s={search_term_string}"},"query-input":"required name=search_term_string"}],"inLanguage":"de"},{"@type":"Organization","@id":"https:\/\/bvelo.pl\/de\/#organization","name":"Bvelo - odzie\u017c welurowa dla dzieci","alternateName":"Bvelo","url":"https:\/\/bvelo.pl\/de\/","logo":{"@type":"ImageObject","inLanguage":"de","@id":"https:\/\/bvelo.pl\/de\/#\/schema\/logo\/image\/","url":"https:\/\/bvelo.pl\/wp-content\/uploads\/2024\/07\/bvelo_logo_yoast_organisation.png","contentUrl":"https:\/\/bvelo.pl\/wp-content\/uploads\/2024\/07\/bvelo_logo_yoast_organisation.png","width":800,"height":800,"caption":"Bvelo - odzie\u017c welurowa dla dzieci"},"image":{"@id":"https:\/\/bvelo.pl\/de\/#\/schema\/logo\/image\/"}}]}},"_links":{"self":[{"href":"https:\/\/bvelo.pl\/de\/wp-json\/wp\/v2\/pages\/1759"}],"collection":[{"href":"https:\/\/bvelo.pl\/de\/wp-json\/wp\/v2\/pages"}],"about":[{"href":"https:\/\/bvelo.pl\/de\/wp-json\/wp\/v2\/types\/page"}],"author":[{"embeddable":true,"href":"https:\/\/bvelo.pl\/de\/wp-json\/wp\/v2\/users\/1"}],"replies":[{"embeddable":true,"href":"https:\/\/bvelo.pl\/de\/wp-json\/wp\/v2\/comments?post=1759"}],"version-history":[{"count":2,"href":"https:\/\/bvelo.pl\/de\/wp-json\/wp\/v2\/pages\/1759\/revisions"}],"predecessor-version":[{"id":2692,"href":"https:\/\/bvelo.pl\/de\/wp-json\/wp\/v2\/pages\/1759\/revisions\/2692"}],"wp:attachment":[{"href":"https:\/\/bvelo.pl\/de\/wp-json\/wp\/v2\/media?parent=1759"}],"curies":[{"name":"wp","href":"https:\/\/api.w.org\/{rel}","templated":true}]}}