{"id":1760,"date":"2023-04-26T14:05:11","date_gmt":"2023-04-26T12:05:11","guid":{"rendered":"https:\/\/bvelo.pl\/lieferung\/"},"modified":"2024-07-19T09:44:00","modified_gmt":"2024-07-19T07:44:00","slug":"lieferung","status":"publish","type":"page","link":"https:\/\/bvelo.pl\/de\/lieferung\/","title":{"rendered":"Lieferung"},"content":{"rendered":"<div style=\"font-size: 20px; margin-left: -10px;\">\n<ul>\n<li>KOSTENLOSER LIEFERVERSAND innerhalb Polens<\/li>\n<li>Der Versand erfolgt per Kurierdienst &#8211; an die Adresse Ihrer Wahl oder an einen Paketautomaten<\/li>\n<li>Die Bestellungen werden sofort, sp\u00e4testens jedoch innerhalb von 3 Werktagen nach Gutschrift der \u00fcber die Website von Przelewy24 get\u00e4tigten Zahlung bearbeitet.<\/li>\n<li>Lieferungen au\u00dferhalb Polens werden gem\u00e4\u00df der bei der Bestellung angegebenen Preisliste berechnet.<\/li>\n<\/ul>\n<\/div>\n","protected":false},"excerpt":{"rendered":"<p>KOSTENLOSER LIEFERVERSAND innerhalb Polens Der Versand erfolgt per Kurierdienst &#8211; an die Adresse Ihrer Wahl oder an einen Paketautomaten Die [&#8230;]<\/p>\n<p><a class=\"btn btn-secondary understrap-read-more-link\" href=\"https:\/\/bvelo.pl\/de\/lieferung\/\">Weiterlesen&#8230;<span class=\"screen-reader-text\"> from Lieferung<\/span><\/a><\/p>\n","protected":false},"author":1,"featured_media":0,"parent":0,"menu_order":0,"comment_status":"closed","ping_status":"closed","template":"","meta":{"_acf_changed":false,"inline_featured_image":false,"footnotes":""},"class_list":["post-1760","page","type-page","status-publish","hentry"],"acf":[],"yoast_head":"<!-- This site is optimized with the Yoast SEO plugin v22.9 - https:\/\/yoast.com\/wordpress\/plugins\/seo\/ -->\n<title>Lieferung | BVELO<\/title>\n<meta name=\"description\" content=\"Kostenlose Lieferung innerhalb Polens. Bestellungen werden sofort, sp\u00e4testens jedoch innerhalb von 3 Werktagen bearbeitet.\" \/>\n<meta name=\"robots\" content=\"index, follow, max-snippet:-1, max-image-preview:large, max-video-preview:-1\" \/>\n<link rel=\"canonical\" href=\"https:\/\/bvelo.pl\/de\/lieferung\/\" \/>\n<meta property=\"og:locale\" content=\"de_DE\" \/>\n<meta property=\"og:type\" content=\"article\" \/>\n<meta property=\"og:title\" content=\"Bvelo - Lieferung\" \/>\n<meta property=\"og:description\" content=\"Informationen zu Lieferzeiten und Preisen.\" \/>\n<meta property=\"og:url\" content=\"https:\/\/bvelo.pl\/de\/lieferung\/\" \/>\n<meta property=\"og:site_name\" content=\"Bvelo\" \/>\n<meta property=\"article:modified_time\" content=\"2024-07-19T07:44:00+00:00\" \/>\n<meta property=\"og:image\" content=\"https:\/\/bvelo.pl\/wp-content\/uploads\/2024\/07\/opengraph_twittercard_logo.png\" \/>\n\t<meta property=\"og:image:width\" content=\"1200\" \/>\n\t<meta property=\"og:image:height\" content=\"675\" \/>\n\t<meta property=\"og:image:type\" content=\"image\/png\" \/>\n<meta name=\"twitter:card\" content=\"summary_large_image\" \/>\n<meta name=\"twitter:label1\" content=\"Gesch\u00e4tzte Lesezeit\" \/>\n\t<meta name=\"twitter:data1\" content=\"1\u00a0Minute\" \/>\n<script type=\"application\/ld+json\" class=\"yoast-schema-graph\">{\"@context\":\"https:\/\/schema.org\",\"@graph\":[{\"@type\":\"WebPage\",\"@id\":\"https:\/\/bvelo.pl\/de\/lieferung\/\",\"url\":\"https:\/\/bvelo.pl\/de\/lieferung\/\",\"name\":\"Lieferung | BVELO\",\"isPartOf\":{\"@id\":\"https:\/\/bvelo.pl\/de\/#website\"},\"datePublished\":\"2023-04-26T12:05:11+00:00\",\"dateModified\":\"2024-07-19T07:44:00+00:00\",\"description\":\"Kostenlose Lieferung innerhalb Polens. Bestellungen werden sofort, sp\u00e4testens jedoch innerhalb von 3 Werktagen bearbeitet.\",\"breadcrumb\":{\"@id\":\"https:\/\/bvelo.pl\/de\/lieferung\/#breadcrumb\"},\"inLanguage\":\"de\",\"potentialAction\":[{\"@type\":\"ReadAction\",\"target\":[\"https:\/\/bvelo.pl\/de\/lieferung\/\"]}]},{\"@type\":\"BreadcrumbList\",\"@id\":\"https:\/\/bvelo.pl\/de\/lieferung\/#breadcrumb\",\"itemListElement\":[{\"@type\":\"ListItem\",\"position\":1,\"name\":\"Startseite\",\"item\":\"https:\/\/bvelo.pl\/de\/\"},{\"@type\":\"ListItem\",\"position\":2,\"name\":\"Lieferung\"}]},{\"@type\":\"WebSite\",\"@id\":\"https:\/\/bvelo.pl\/de\/#website\",\"url\":\"https:\/\/bvelo.pl\/de\/\",\"name\":\"Bvelo\",\"description\":\"Kolekcja Welurowa Dla Dzieci\",\"publisher\":{\"@id\":\"https:\/\/bvelo.pl\/de\/#organization\"},\"potentialAction\":[{\"@type\":\"SearchAction\",\"target\":{\"@type\":\"EntryPoint\",\"urlTemplate\":\"https:\/\/bvelo.pl\/de\/?s={search_term_string}\"},\"query-input\":\"required name=search_term_string\"}],\"inLanguage\":\"de\"},{\"@type\":\"Organization\",\"@id\":\"https:\/\/bvelo.pl\/de\/#organization\",\"name\":\"Bvelo - odzie\u017c welurowa dla dzieci\",\"alternateName\":\"Bvelo\",\"url\":\"https:\/\/bvelo.pl\/de\/\",\"logo\":{\"@type\":\"ImageObject\",\"inLanguage\":\"de\",\"@id\":\"https:\/\/bvelo.pl\/de\/#\/schema\/logo\/image\/\",\"url\":\"https:\/\/bvelo.pl\/wp-content\/uploads\/2024\/07\/bvelo_logo_yoast_organisation.png\",\"contentUrl\":\"https:\/\/bvelo.pl\/wp-content\/uploads\/2024\/07\/bvelo_logo_yoast_organisation.png\",\"width\":800,\"height\":800,\"caption\":\"Bvelo - odzie\u017c welurowa dla dzieci\"},\"image\":{\"@id\":\"https:\/\/bvelo.pl\/de\/#\/schema\/logo\/image\/\"}}]}<\/script>\n<!-- \/ Yoast SEO plugin. -->","yoast_head_json":{"title":"Lieferung | BVELO","description":"Kostenlose Lieferung innerhalb Polens. Bestellungen werden sofort, sp\u00e4testens jedoch innerhalb von 3 Werktagen bearbeitet.","robots":{"index":"index","follow":"follow","max-snippet":"max-snippet:-1","max-image-preview":"max-image-preview:large","max-video-preview":"max-video-preview:-1"},"canonical":"https:\/\/bvelo.pl\/de\/lieferung\/","og_locale":"de_DE","og_type":"article","og_title":"Bvelo - Lieferung","og_description":"Informationen zu Lieferzeiten und Preisen.","og_url":"https:\/\/bvelo.pl\/de\/lieferung\/","og_site_name":"Bvelo","article_modified_time":"2024-07-19T07:44:00+00:00","og_image":[{"width":1200,"height":675,"url":"https:\/\/bvelo.pl\/wp-content\/uploads\/2024\/07\/opengraph_twittercard_logo.png","type":"image\/png"}],"twitter_card":"summary_large_image","twitter_misc":{"Gesch\u00e4tzte Lesezeit":"1\u00a0Minute"},"schema":{"@context":"https:\/\/schema.org","@graph":[{"@type":"WebPage","@id":"https:\/\/bvelo.pl\/de\/lieferung\/","url":"https:\/\/bvelo.pl\/de\/lieferung\/","name":"Lieferung | BVELO","isPartOf":{"@id":"https:\/\/bvelo.pl\/de\/#website"},"datePublished":"2023-04-26T12:05:11+00:00","dateModified":"2024-07-19T07:44:00+00:00","description":"Kostenlose Lieferung innerhalb Polens. Bestellungen werden sofort, sp\u00e4testens jedoch innerhalb von 3 Werktagen bearbeitet.","breadcrumb":{"@id":"https:\/\/bvelo.pl\/de\/lieferung\/#breadcrumb"},"inLanguage":"de","potentialAction":[{"@type":"ReadAction","target":["https:\/\/bvelo.pl\/de\/lieferung\/"]}]},{"@type":"BreadcrumbList","@id":"https:\/\/bvelo.pl\/de\/lieferung\/#breadcrumb","itemListElement":[{"@type":"ListItem","position":1,"name":"Startseite","item":"https:\/\/bvelo.pl\/de\/"},{"@type":"ListItem","position":2,"name":"Lieferung"}]},{"@type":"WebSite","@id":"https:\/\/bvelo.pl\/de\/#website","url":"https:\/\/bvelo.pl\/de\/","name":"Bvelo","description":"Kolekcja Welurowa Dla Dzieci","publisher":{"@id":"https:\/\/bvelo.pl\/de\/#organization"},"potentialAction":[{"@type":"SearchAction","target":{"@type":"EntryPoint","urlTemplate":"https:\/\/bvelo.pl\/de\/?s={search_term_string}"},"query-input":"required name=search_term_string"}],"inLanguage":"de"},{"@type":"Organization","@id":"https:\/\/bvelo.pl\/de\/#organization","name":"Bvelo - odzie\u017c welurowa dla dzieci","alternateName":"Bvelo","url":"https:\/\/bvelo.pl\/de\/","logo":{"@type":"ImageObject","inLanguage":"de","@id":"https:\/\/bvelo.pl\/de\/#\/schema\/logo\/image\/","url":"https:\/\/bvelo.pl\/wp-content\/uploads\/2024\/07\/bvelo_logo_yoast_organisation.png","contentUrl":"https:\/\/bvelo.pl\/wp-content\/uploads\/2024\/07\/bvelo_logo_yoast_organisation.png","width":800,"height":800,"caption":"Bvelo - odzie\u017c welurowa dla dzieci"},"image":{"@id":"https:\/\/bvelo.pl\/de\/#\/schema\/logo\/image\/"}}]}},"_links":{"self":[{"href":"https:\/\/bvelo.pl\/de\/wp-json\/wp\/v2\/pages\/1760"}],"collection":[{"href":"https:\/\/bvelo.pl\/de\/wp-json\/wp\/v2\/pages"}],"about":[{"href":"https:\/\/bvelo.pl\/de\/wp-json\/wp\/v2\/types\/page"}],"author":[{"embeddable":true,"href":"https:\/\/bvelo.pl\/de\/wp-json\/wp\/v2\/users\/1"}],"replies":[{"embeddable":true,"href":"https:\/\/bvelo.pl\/de\/wp-json\/wp\/v2\/comments?post=1760"}],"version-history":[{"count":2,"href":"https:\/\/bvelo.pl\/de\/wp-json\/wp\/v2\/pages\/1760\/revisions"}],"predecessor-version":[{"id":2659,"href":"https:\/\/bvelo.pl\/de\/wp-json\/wp\/v2\/pages\/1760\/revisions\/2659"}],"wp:attachment":[{"href":"https:\/\/bvelo.pl\/de\/wp-json\/wp\/v2\/media?parent=1760"}],"curies":[{"name":"wp","href":"https:\/\/api.w.org\/{rel}","templated":true}]}}