{"id":1761,"date":"2023-07-06T12:03:03","date_gmt":"2023-07-06T10:03:03","guid":{"rendered":"https:\/\/bvelo.pl\/vorschriften\/"},"modified":"2024-07-22T12:58:18","modified_gmt":"2024-07-22T10:58:18","slug":"vorschriften","status":"publish","type":"page","link":"https:\/\/bvelo.pl\/de\/vorschriften\/","title":{"rendered":"Vorschriften"},"content":{"rendered":"<h2>GESCH\u00c4FTSORDNUNG<\/h2>\n<h3 style=\"font-size: 16px;\"><strong>I. ALLGEMEINE INFORMATIONEN<\/strong><\/h3>\n<p>1. Der Inhaber des Online-Shops www.bvelo.pl (im Folgenden &#8222;Shop&#8220; genannt) ist die Firma BVELO Marta Broniarczyk, die ihre Gesch\u00e4ftst\u00e4tigkeit mit Sitz in Bia\u0142ystok 15-162, ul. Kasprzaka 2A NIP 9662177096 REGON 525185970<br \/>\n2. Das Gesch\u00e4ft verkauft Kinderkleidung im Versandhandel \u00fcber das Internet.<\/p>\n<h3 style=\"font-size: 16px;\"><strong>II. KONTAKTANGABEN<\/strong><\/h3>\n<p>Der Kundendienst ist werktags von 9:00 bis 18:00 Uhr ge\u00f6ffnet, Telefon: +48 530 698 698, E-Mail: kontakt@bvelo.pl<\/p>\n<h3 style=\"font-size: 16px;\"><strong>III. ERTEILUNG UND BEARBEITUNG VON AUFTR\u00c4GEN<\/strong><\/h3>\n<p>1. Eine Bestellung im Shop kann von einer nat\u00fcrlichen Person aufgegeben werden, die mindestens 18 Jahre alt und voll gesch\u00e4ftsf\u00e4hig ist (im Folgenden als &#8222;Kunde&#8220; bezeichnet).<br \/>\n2. Die Aufgabe einer Bestellung im Online-Shop bvelo.pl stellt den Abschluss eines rechtsverbindlichen Kaufvertrags zwischen &#8222;BVELO Marta Broniarczyk&#8220; und dem Kunden dar.<br \/>\n3. Bestellungen k\u00f6nnen 24 Stunden am Tag aufgegeben werden\u0328.<br \/>\n4. Bestellungen werden bearbeitet, sobald die Zahlung des Kunden auf dem Konto des Shops gutgeschrieben wurde.<br \/>\n5. Die gekauften Waren werden dem Kunden durch ein Kurierunternehmen an die vom Kunden auf dem Bestellformular angegebene Adresse geschickt. Das Verkaufsdokument (Rechnung) wird dem Kunden elektronisch an die vom Kunden auf dem Formular angegebene E-Mail-Adresse gesendet.<br \/>\n6. Um eine Bestellung aufzugeben, muss der Kunde angeben:<br \/>\n\u25e6 die bestellten Waren und die Menge,<br \/>\n\u25e6 die Adresse, an die die gekauften Waren geliefert werden sollen, und eine Kontakttelefonnummer,<br \/>\n\u25e6 Art der Zustellung,<br \/>\n\u25e6 Zahlungsweise,<br \/>\n\u25e6 E-Mail-Kontakt.<br \/>\n7. Die bestellten Waren werden innerhalb von maximal 3 Werktagen nach Gutschrift der Zahlung des Kunden auf dem Konto des Shops an den Kunden versandt.<br \/>\n8. Die Kosten f\u00fcr die Lieferung in Polen werden vom Shop \u00fcbernommen. Die Kosten f\u00fcr die Lieferung au\u00dferhalb Polens h\u00e4ngen von dem Land ab, in das die Waren verschickt werden und werden bei der Bestellung angezeigt.<br \/>\n9. Der Shop wird bei mindestens zwei erfolglosen Abholungen einer per Kurier versendeten Bestellung des Kunden versuchen, die vom Kunden angegebene Telefonnummer zu kontaktieren, um das Problem mit der Lieferung des Auftragsgegenstands zu l\u00f6sen. Im Falle weiterer Unstimmigkeiten ist der Shop berechtigt, die Bestellung zu stornieren. In diesem Fall erstattet der Shop den vom Kunden gezahlten Betrag zur\u00fcck, abz\u00fcglich der Kosten, die dem Shop im Zusammenhang mit der erfolglosen Lieferung entstanden sind.<br \/>\n10. Der Kundendienst kann den Kunden unter der von ihm angegebenen Telefonnummer kontaktieren, um die aufgegebene Bestellung zu best\u00e4tigen.<br \/>\n11. Wenn ein Artikel nicht vorr\u00e4tig oder vergriffen ist, wird der Kunde vom Kundenservice des Shops per E-Mail oder telefonisch informiert. In dieser Situation wird dem Kunden ein Angebot gemacht:<br \/>\n\u25e6 Stornierung der gesamten Bestellung<br \/>\n\u25e6 Stornierung des Auftrags in dem Teil, in dem die Erf\u00fcllung innerhalb der vorgeschriebenen Frist m\u00f6glich ist<br \/>\n12. Die Preise im Shop sind in PLN angegeben.<br \/>\n13. die zum Zeitpunkt der Bestellung g\u00fcltigen Preise sind die, die auf dem Produktbild angezeigt werden.<br \/>\n14. Der Shop haftet nicht f\u00fcr eine Nichtlieferung von Waren oder eine Verz\u00f6gerung bei der Lieferung bestellter Waren oder der Erf\u00fcllung einer Bestellung aufgrund einer vom Kunden angegebenen falschen oder ungenauen Lieferadresse.<\/p>\n<h3 style=\"font-size: 16px;\"><strong>IV. VORR\u00c4TE<\/strong><\/h3>\n<p>1. Die Bestellungen werden innerhalb von 3 Werktagen ab dem Datum der Gutschrift der Zahlung auf dem Konto des Shops versandt.<br \/>\n2. Die Kosten f\u00fcr die Lieferung in Polen werden vom Shop \u00fcbernommen. Die Kosten f\u00fcr die Lieferung au\u00dferhalb Polens h\u00e4ngen von dem Land ab, in das die Bestellung versandt wird, und werden immer bei der Bestellung angezeigt.<br \/>\n3. Kuriersendungen werden von einem durch den Shop von Furgonetka.pl ausgew\u00e4hlten Kurierdienst durchgef\u00fchrt.<\/p>\n<h3 style=\"font-size: 16px;\"><strong>V. ZAHLUNGSMODALIT\u00c4TEN<\/strong><\/h3>\n<p>1. Der Shop bietet Ihnen die M\u00f6glichkeit, Ihre Bestellung \u00fcber das System Przelewy24 zu bezahlen, das die folgenden Zahlungsarten unterst\u00fctzt:<br \/>\n&#8211; Online-\u00dcberweisungen<br \/>\n&#8211; Mobiles Zahlungssystem BLIK<br \/>\n&#8211; Verarbeitung von Kredit-\/Debitkarten<br \/>\n&#8211; Apple Pay<br \/>\n&#8211; Google Pay<\/p>\n<h3 style=\"font-size: 16px;\"><strong>VI. R\u00dcCKSENDUNGEN UND BESCHWERDEN<\/strong><\/h3>\n<p>RETUREN<br \/>\n1. Der Kunde hat das Recht, den Kaufvertrag ohne Angabe von Gr\u00fcnden innerhalb von 14 (vierzehn) Tagen ab dem Datum des Erhalts des Produkts zu widerrufen. Zur\u00fcckgesendete Waren sollten an den Shop zur\u00fcckgeschickt werden, indem Sie den Service unter: <a href=\"https:\/\/furgonetka.pl\/zwroty\/1556e4c8-f514-4a7c-baf7-691e9b6386ad\" target=\"_blank\" rel=\"noopener\">https:\/\/furgonetka.pl\/zwroty\/1556e4c8-f514-4a7c-baf7-691e9b6386ad<\/a>. Der Kunde muss die erhaltene Ware unverz\u00fcglich, sp\u00e4testens jedoch innerhalb von 14 (vierzehn) Tagen nach Erhalt des Produkts, unversehrt, ohne Gebrauchsspuren und mit den Originaletiketten des Herstellers zur\u00fccksenden.<br \/>\nRechtsgrundlage: das Gesetz \u00fcber Verbraucherrechte vom 30. Mai 2014. (Gesetzblatt 2014, Art. 827 in der ge\u00e4nderten Fassung) &#8222;Ein Verbraucher, der einen Fernabsatzvertrag abgeschlossen hat, kann den Vertrag innerhalb von 14 Kalendertagen ohne Angabe von Gr\u00fcnden und ohne \u00dcbernahme der Kosten widerrufen, mit Ausnahme der nachstehend genannten Kosten&#8220;.<br \/>\n2. Die Kosten f\u00fcr die R\u00fccksendung der Ware an den Store tr\u00e4gt die Person, die die Ware zur\u00fcckgibt. Sendungen, die auf Kosten des Empf\u00e4ngers zur\u00fcckgeschickt werden, werden nicht angenommen.<br \/>\n3. Die Zahlung wird innerhalb von 7 Tagen nach Eingang des R\u00fccksendepakets beim Shop unter Verwendung desselben Zahlungsmittels wie bei der urspr\u00fcnglichen Transaktion zur\u00fcckerstattet. Die Kosten f\u00fcr die R\u00fccksendung der Waren an den Shop sind nicht erstattungsf\u00e4hig.<\/p>\n<p>BESCHWERDEN<br \/>\n1. Der Kunde kann eine Reklamation wegen Nicht\u00fcbereinstimmung der Ware mit dem Vertrag geltend machen, indem er ein ausgef\u00fclltes Reklamationsformular (auf der Website des Shops unter &#8222;R\u00fcckgabe und Umtausch&#8220; verf\u00fcgbar) an die Kundendienstabteilung unter der folgenden E-Mail-Adresse sendet: kontakt@bvelo.pl.<br \/>\n2. Der Shop wird innerhalb von 14 (vierzehn) Tagen auf die Beschwerde des Kunden reagieren und den Kunden elektronisch \u00fcber die L\u00f6sung informieren.<br \/>\n3. Wenn die Reklamation zugunsten des Kunden entschieden wird, wird der Shop die beworbenen Waren reparieren oder durch neue, qualitativ hochwertige Waren ersetzen oder, falls ein Ersatz nicht m\u00f6glich ist, den f\u00fcr die beworbenen Waren f\u00e4lligen Betrag innerhalb von 14 Tagen ab dem Datum der L\u00f6sung der Reklamation erstatten.<br \/>\n4. Sobald die Reklamation akzeptiert wurde, sendet der Shop das Produkt in voller Qualit\u00e4t auf eigene Kosten an die vom Kunden angegebene Adresse zur\u00fcck.<\/p>\n<h3 style=\"font-size: 16px;\"><strong>VII. SCHUTZ DER PERS\u00d6NLICHEN DATEN<\/strong><\/h3>\n<p>1. Der Verwalter der pers\u00f6nlichen Daten des Kunden ist BVELO Marta Broniarczyk, ul. Kasprzaka 2A, 15-162 Bia\u0142ystok<br \/>\n2. Die vom Kunden auf der Website bvelo.pl zur Verf\u00fcgung gestellten personenbezogenen Daten werden zum Zweck der Erf\u00fcllung des Kaufvertrags verarbeitet und k\u00f6nnen mit gesonderter Zustimmung zu Marketing- und Werbezwecken verarbeitet werden, in \u00dcbereinstimmung mit den Bestimmungen des Gesetzes vom 29. August 1997. \u00fcber den Schutz personenbezogener Daten (Dz. U. Nr. 101 von 2002, Punkt 926, in der ge\u00e4nderten Fassung) und in der Verordnung des Ministers f\u00fcr innere Angelegenheiten und Verwaltung vom 29. April 2004. \u00fcber die Dokumentation der Verarbeitung personenbezogener Daten und die technischen und organisatorischen Bedingungen, die von den f\u00fcr die Verarbeitung personenbezogener Daten verwendeten Ger\u00e4ten und IT-Systemen erf\u00fcllt werden m\u00fcssen (Gesetzblatt Nr. 100, Punkt 1024)<br \/>\n3. Die personenbezogenen Daten des Kunden werden \u00fcber den Dienst https:\/\/furgonetka.pl an mit dem Shop zusammenarbeitende Kurierunternehmen \u00fcbermittelt, um das Produkt an den Kunden zu versenden.<br \/>\n4. Der Kunde kann Marketingmaterial auf elektronischem Wege erhalten, wenn er damit einverstanden ist.<br \/>\n5. Der Kunde kann die Zustimmung zum Erhalt von Material \u00fcber den Link im Hauptteil der E-Mail, im Bereich &#8222;Mein Konto&#8220; auf bvelo.pl oder durch Kontaktaufnahme mit dem Kundendienst widerrufen.<br \/>\n6. Die Angabe personenbezogener Daten ist freiwillig, jedoch f\u00fcr die Erf\u00fcllung des abgeschlossenen Kaufvertrags erforderlich.<br \/>\n7. Der Kunde hat das Recht, seine pers\u00f6nlichen Daten und seine Adressdaten einzusehen und zu korrigieren, nachdem er sich in sein Konto auf bvelo.pl eingeloggt hat (Reiter &#8222;Mein Konto&#8220;).<\/p>\n<h3 style=\"font-size: 16px;\"><strong>VIII. DATENSCHUTZ- UND COOKIE-RICHTLINIE<\/strong><\/h3>\n<p>1. Durch die Annahme dieser Allgemeinen Gesch\u00e4ftsbedingungen erkl\u00e4rt sich der Kunde damit einverstanden, Statistiken \u00fcber seine Anwesenheit und Aktivit\u00e4t im Shop zu sammeln und mit dem Unternehmen zu teilen. Die Daten werden automatisch gesammelt und k\u00f6nnen zur Analyse der Kundenaktivit\u00e4ten verwendet werden.<br \/>\n2. Zu statistischen Zwecken und um eine m\u00f6glichst hohe Servicequalit\u00e4t bieten zu k\u00f6nnen, verwendet der Shop Informationen, die vom Server auf dem Endger\u00e4t des Kunden gespeichert werden und die dann bei jeder Verbindung des Internetbrowsers ausgelesen werden (sog. Cookies). Der Kunde kann jederzeit die Einstellungen seines Browsers so \u00e4ndern, dass er solche Dateien nicht akzeptiert oder ihn \u00fcber deren \u00dcbertragung informiert. Bitte beachten Sie jedoch, dass die Nichtannahme von Cookies zu Schwierigkeiten bei der Nutzung des bvelo.de Shops f\u00fchren kann. Die Verwendung eines Browsers durch den Kunden, dessen Einstellungen die Speicherung von Cookies auf dem Ger\u00e4t des Kunden zulassen, bedeutet, dass der Kunde der Speicherung der oben genannten Dateien auf diesem Ger\u00e4t zustimmt.<\/p>\n<h3 style=\"font-size: 16px;\"><strong>IX. \u00c4NDERUNGEN DER VERORDNUNGEN<\/strong><\/h3>\n<p>1. Der Shop beh\u00e4lt sich das Recht vor, die Bestimmungen der Allgemeinen Gesch\u00e4ftsbedingungen zu \u00e4ndern, wenn dies erforderlich ist:<br \/>\n\u25e6 \u00c4nderungen, die sich aus der Gesetzgebung oder der Strafverfolgungspraxis ergeben,<br \/>\n\u25e6 \u00c4nderungen bei den Zahlungsarten,<br \/>\n\u25e6 \u00c4nderungen in der Art und Weise, wie Waren geliefert werden,<br \/>\n2. \u00c4nderungen der Allgemeinen Gesch\u00e4ftsbedingungen werden mit dem Datum ihrer Ver\u00f6ffentlichung auf bvelo.pl wirksam.<br \/>\n3. Bestellungen, die vor Inkrafttreten der \u00c4nderungen der Allgemeinen Gesch\u00e4ftsbedingungen aufgegeben wurden, werden nach den vorherigen Bestimmungen der Allgemeinen Gesch\u00e4ftsbedingungen bearbeitet (d.h. nach den Bestimmungen der Allgemeinen Gesch\u00e4ftsbedingungen, die zum Zeitpunkt der Bestellung in Kraft waren).<\/p>\n<h3 style=\"font-size: 16px;\"><strong>X. SCHLUSSBESTIMMUNGEN<\/strong><\/h3>\n<p>1. Die auf den Seiten des Internetshops www.bvelo.pl enthaltenen Produktinformationen stellen kein Angebot im Sinne des B\u00fcrgerlichen Gesetzbuches dar.<br \/>\n2. Das Unternehmen, das den Shop betreibt, unternimmt alle Anstrengungen, um sicherzustellen, dass die Dienstleistungen des Online-Shops bvelo.pl dem h\u00f6chsten Standard entsprechen. Das Unternehmen schlie\u00dft jedoch die M\u00f6glichkeit einer vor\u00fcbergehenden Aussetzung der Verf\u00fcgbarkeit des Online-Shops bvelo.pl im Falle der Notwendigkeit einer Wartung, einer Inspektion, eines Austauschs von Ger\u00e4ten oder im Zusammenhang mit der Notwendigkeit einer Modernisierung oder Erweiterung des Online-Shops bvelo.pl nicht aus.<br \/>\n3. Soweit gesetzlich zul\u00e4ssig, ist das Unternehmen, das den Shop betreibt, nicht verantwortlich f\u00fcr die Blockierung der \u00dcbermittlung von Nachrichten an die vom Kunden angegebene E-Mail-Adresse durch Mailserver-Administratoren sowie f\u00fcr die L\u00f6schung und Blockierung von E-Mails durch Software, die auf dem vom Kunden verwendeten Computer installiert ist.<br \/>\n4. Individuelle Computereinstellungen k\u00f6nnen Unterschiede zwischen der Darstellung des Produkts auf dem Computer des Kunden und dem tats\u00e4chlichen Aussehen des Produkts (Farbe, Proportionen usw.) verursachen.<br \/>\n5. In Angelegenheiten, die in diesen Bedingungen nicht geregelt sind, gelten die Bestimmungen des polnischen Rechts, insbesondere das B\u00fcrgerliche Gesetzbuch und die Bestimmungen des Gesetzes \u00fcber besondere Bedingungen f\u00fcr Verbraucherk\u00e4ufe und \u00c4nderungen des B\u00fcrgerlichen Gesetzbuches (Gesetzblatt Nr. 141 von 2002, Pos. 1176, in der ge\u00e4nderten Fassung) sowie das Gesetz \u00fcber den Schutz bestimmter Verbraucherrechte und die Haftung f\u00fcr Sch\u00e4den durch ein gef\u00e4hrliches Produkt (Gesetzblatt Nr. 22 von 2000, Pos. 271, in der ge\u00e4nderten Fassung).7. Alle Produktnamen, die auf der Website des Internetshops bvelo.pl erscheinen, werden zu Identifikationszwecken verwendet und k\u00f6nnen gem\u00e4\u00df den Bestimmungen des Gesetzes \u00fcber das gewerbliche Eigentum (Gesetzblatt Nr. 119 aus dem Jahr 2003, Pos. 1117) gesch\u00fctzt und vorbehalten sein.<br \/>\n6. Alle Streitigkeiten, die zwischen einem Kunden, der kein Verbraucher im Sinne des B\u00fcrgerlichen Gesetzbuches ist, und dem Unternehmen, das den Shop betreibt, entstehen, werden von dem f\u00fcr den Sitz des Unternehmens zust\u00e4ndigen Gericht entschieden.<\/p>\n","protected":false},"excerpt":{"rendered":"<p>GESCH\u00c4FTSORDNUNG I. ALLGEMEINE INFORMATIONEN 1. Der Inhaber des Online-Shops www.bvelo.pl (im Folgenden &#8222;Shop&#8220; genannt) ist die Firma BVELO Marta Broniarczyk, [&#8230;]<\/p>\n<p><a class=\"btn btn-secondary understrap-read-more-link\" href=\"https:\/\/bvelo.pl\/de\/vorschriften\/\">Weiterlesen&#8230;<span class=\"screen-reader-text\"> from Vorschriften<\/span><\/a><\/p>\n","protected":false},"author":1,"featured_media":0,"parent":0,"menu_order":0,"comment_status":"closed","ping_status":"closed","template":"","meta":{"_acf_changed":false,"inline_featured_image":false,"footnotes":""},"class_list":["post-1761","page","type-page","status-publish","hentry"],"acf":[],"yoast_head":"<!-- This site is optimized with the Yoast SEO plugin v22.9 - https:\/\/yoast.com\/wordpress\/plugins\/seo\/ -->\n<title>Vorschriften | BVELO<\/title>\n<meta name=\"description\" content=\"Bvelo Ladenordnung. Eine Sammlung von Informationen \u00fcber den Shop, seinen Betrieb und die Kundenrechte.\" \/>\n<meta name=\"robots\" content=\"index, follow, max-snippet:-1, max-image-preview:large, max-video-preview:-1\" \/>\n<link rel=\"canonical\" href=\"https:\/\/bvelo.pl\/de\/vorschriften\/\" \/>\n<meta property=\"og:locale\" content=\"de_DE\" \/>\n<meta property=\"og:type\" content=\"article\" \/>\n<meta property=\"og:title\" content=\"Bvelo - Vorschriften\" \/>\n<meta property=\"og:description\" content=\"Bvelo Ladenordnung. Eine Sammlung von Informationen \u00fcber den Shop, seinen Betrieb und die Kundenrechte.\" \/>\n<meta property=\"og:url\" content=\"https:\/\/bvelo.pl\/de\/vorschriften\/\" \/>\n<meta property=\"og:site_name\" content=\"Bvelo\" \/>\n<meta property=\"article:modified_time\" content=\"2024-07-22T10:58:18+00:00\" \/>\n<meta property=\"og:image\" content=\"https:\/\/bvelo.pl\/wp-content\/uploads\/2024\/07\/opengraph_twittercard_logo.png\" \/>\n\t<meta property=\"og:image:width\" content=\"1200\" \/>\n\t<meta property=\"og:image:height\" content=\"675\" \/>\n\t<meta property=\"og:image:type\" content=\"image\/png\" \/>\n<meta name=\"twitter:card\" content=\"summary_large_image\" \/>\n<meta name=\"twitter:label1\" content=\"Gesch\u00e4tzte Lesezeit\" \/>\n\t<meta name=\"twitter:data1\" content=\"11\u00a0Minuten\" \/>\n<script type=\"application\/ld+json\" class=\"yoast-schema-graph\">{\"@context\":\"https:\/\/schema.org\",\"@graph\":[{\"@type\":\"WebPage\",\"@id\":\"https:\/\/bvelo.pl\/de\/vorschriften\/\",\"url\":\"https:\/\/bvelo.pl\/de\/vorschriften\/\",\"name\":\"Vorschriften | BVELO\",\"isPartOf\":{\"@id\":\"https:\/\/bvelo.pl\/de\/#website\"},\"datePublished\":\"2023-07-06T10:03:03+00:00\",\"dateModified\":\"2024-07-22T10:58:18+00:00\",\"description\":\"Bvelo Ladenordnung. Eine Sammlung von Informationen \u00fcber den Shop, seinen Betrieb und die Kundenrechte.\",\"breadcrumb\":{\"@id\":\"https:\/\/bvelo.pl\/de\/vorschriften\/#breadcrumb\"},\"inLanguage\":\"de\",\"potentialAction\":[{\"@type\":\"ReadAction\",\"target\":[\"https:\/\/bvelo.pl\/de\/vorschriften\/\"]}]},{\"@type\":\"BreadcrumbList\",\"@id\":\"https:\/\/bvelo.pl\/de\/vorschriften\/#breadcrumb\",\"itemListElement\":[{\"@type\":\"ListItem\",\"position\":1,\"name\":\"Startseite\",\"item\":\"https:\/\/bvelo.pl\/de\/\"},{\"@type\":\"ListItem\",\"position\":2,\"name\":\"Vorschriften\"}]},{\"@type\":\"WebSite\",\"@id\":\"https:\/\/bvelo.pl\/de\/#website\",\"url\":\"https:\/\/bvelo.pl\/de\/\",\"name\":\"Bvelo\",\"description\":\"Kolekcja Welurowa Dla Dzieci\",\"publisher\":{\"@id\":\"https:\/\/bvelo.pl\/de\/#organization\"},\"potentialAction\":[{\"@type\":\"SearchAction\",\"target\":{\"@type\":\"EntryPoint\",\"urlTemplate\":\"https:\/\/bvelo.pl\/de\/?s={search_term_string}\"},\"query-input\":\"required name=search_term_string\"}],\"inLanguage\":\"de\"},{\"@type\":\"Organization\",\"@id\":\"https:\/\/bvelo.pl\/de\/#organization\",\"name\":\"Bvelo - odzie\u017c welurowa dla dzieci\",\"alternateName\":\"Bvelo\",\"url\":\"https:\/\/bvelo.pl\/de\/\",\"logo\":{\"@type\":\"ImageObject\",\"inLanguage\":\"de\",\"@id\":\"https:\/\/bvelo.pl\/de\/#\/schema\/logo\/image\/\",\"url\":\"https:\/\/bvelo.pl\/wp-content\/uploads\/2024\/07\/bvelo_logo_yoast_organisation.png\",\"contentUrl\":\"https:\/\/bvelo.pl\/wp-content\/uploads\/2024\/07\/bvelo_logo_yoast_organisation.png\",\"width\":800,\"height\":800,\"caption\":\"Bvelo - odzie\u017c welurowa dla dzieci\"},\"image\":{\"@id\":\"https:\/\/bvelo.pl\/de\/#\/schema\/logo\/image\/\"}}]}<\/script>\n<!-- \/ Yoast SEO plugin. -->","yoast_head_json":{"title":"Vorschriften | BVELO","description":"Bvelo Ladenordnung. Eine Sammlung von Informationen \u00fcber den Shop, seinen Betrieb und die Kundenrechte.","robots":{"index":"index","follow":"follow","max-snippet":"max-snippet:-1","max-image-preview":"max-image-preview:large","max-video-preview":"max-video-preview:-1"},"canonical":"https:\/\/bvelo.pl\/de\/vorschriften\/","og_locale":"de_DE","og_type":"article","og_title":"Bvelo - Vorschriften","og_description":"Bvelo Ladenordnung. Eine Sammlung von Informationen \u00fcber den Shop, seinen Betrieb und die Kundenrechte.","og_url":"https:\/\/bvelo.pl\/de\/vorschriften\/","og_site_name":"Bvelo","article_modified_time":"2024-07-22T10:58:18+00:00","og_image":[{"width":1200,"height":675,"url":"https:\/\/bvelo.pl\/wp-content\/uploads\/2024\/07\/opengraph_twittercard_logo.png","type":"image\/png"}],"twitter_card":"summary_large_image","twitter_misc":{"Gesch\u00e4tzte Lesezeit":"11\u00a0Minuten"},"schema":{"@context":"https:\/\/schema.org","@graph":[{"@type":"WebPage","@id":"https:\/\/bvelo.pl\/de\/vorschriften\/","url":"https:\/\/bvelo.pl\/de\/vorschriften\/","name":"Vorschriften | BVELO","isPartOf":{"@id":"https:\/\/bvelo.pl\/de\/#website"},"datePublished":"2023-07-06T10:03:03+00:00","dateModified":"2024-07-22T10:58:18+00:00","description":"Bvelo Ladenordnung. Eine Sammlung von Informationen \u00fcber den Shop, seinen Betrieb und die Kundenrechte.","breadcrumb":{"@id":"https:\/\/bvelo.pl\/de\/vorschriften\/#breadcrumb"},"inLanguage":"de","potentialAction":[{"@type":"ReadAction","target":["https:\/\/bvelo.pl\/de\/vorschriften\/"]}]},{"@type":"BreadcrumbList","@id":"https:\/\/bvelo.pl\/de\/vorschriften\/#breadcrumb","itemListElement":[{"@type":"ListItem","position":1,"name":"Startseite","item":"https:\/\/bvelo.pl\/de\/"},{"@type":"ListItem","position":2,"name":"Vorschriften"}]},{"@type":"WebSite","@id":"https:\/\/bvelo.pl\/de\/#website","url":"https:\/\/bvelo.pl\/de\/","name":"Bvelo","description":"Kolekcja Welurowa Dla Dzieci","publisher":{"@id":"https:\/\/bvelo.pl\/de\/#organization"},"potentialAction":[{"@type":"SearchAction","target":{"@type":"EntryPoint","urlTemplate":"https:\/\/bvelo.pl\/de\/?s={search_term_string}"},"query-input":"required name=search_term_string"}],"inLanguage":"de"},{"@type":"Organization","@id":"https:\/\/bvelo.pl\/de\/#organization","name":"Bvelo - odzie\u017c welurowa dla dzieci","alternateName":"Bvelo","url":"https:\/\/bvelo.pl\/de\/","logo":{"@type":"ImageObject","inLanguage":"de","@id":"https:\/\/bvelo.pl\/de\/#\/schema\/logo\/image\/","url":"https:\/\/bvelo.pl\/wp-content\/uploads\/2024\/07\/bvelo_logo_yoast_organisation.png","contentUrl":"https:\/\/bvelo.pl\/wp-content\/uploads\/2024\/07\/bvelo_logo_yoast_organisation.png","width":800,"height":800,"caption":"Bvelo - odzie\u017c welurowa dla dzieci"},"image":{"@id":"https:\/\/bvelo.pl\/de\/#\/schema\/logo\/image\/"}}]}},"_links":{"self":[{"href":"https:\/\/bvelo.pl\/de\/wp-json\/wp\/v2\/pages\/1761"}],"collection":[{"href":"https:\/\/bvelo.pl\/de\/wp-json\/wp\/v2\/pages"}],"about":[{"href":"https:\/\/bvelo.pl\/de\/wp-json\/wp\/v2\/types\/page"}],"author":[{"embeddable":true,"href":"https:\/\/bvelo.pl\/de\/wp-json\/wp\/v2\/users\/1"}],"replies":[{"embeddable":true,"href":"https:\/\/bvelo.pl\/de\/wp-json\/wp\/v2\/comments?post=1761"}],"version-history":[{"count":4,"href":"https:\/\/bvelo.pl\/de\/wp-json\/wp\/v2\/pages\/1761\/revisions"}],"predecessor-version":[{"id":2703,"href":"https:\/\/bvelo.pl\/de\/wp-json\/wp\/v2\/pages\/1761\/revisions\/2703"}],"wp:attachment":[{"href":"https:\/\/bvelo.pl\/de\/wp-json\/wp\/v2\/media?parent=1761"}],"curies":[{"name":"wp","href":"https:\/\/api.w.org\/{rel}","templated":true}]}}