{"id":3056,"date":"2024-11-05T12:31:21","date_gmt":"2024-11-05T11:31:21","guid":{"rendered":"https:\/\/bvelo.pl\/sklepy-stacjonarne\/"},"modified":"2024-11-05T14:55:41","modified_gmt":"2024-11-05T13:55:41","slug":"stationare-geschafte","status":"publish","type":"page","link":"https:\/\/bvelo.pl\/de\/stationare-geschafte\/","title":{"rendered":"Station\u00e4re Gesch\u00e4fte"},"content":{"rendered":"<p>Marke Bvelo, Abk\u00fcrzung f\u00fcr &#8222;Baby-Velour&#8220;.<\/p>\n<p class=\"justify-mobile\">Alle Farben und Gr\u00f6\u00dfen aus unserer Kollektion k\u00f6nnen Sie in unserem Online-Shop oder in f\u00fcr Sie ausgew\u00e4hlten station\u00e4ren Gesch\u00e4ften erwerben, wie zum Beispiel:<\/p>\n<div class=\"shop-content-wrapper\">\n<div class=\"shop-content\">\n<div class=\"shop-name-wrapper\">\n<p>Kraina Szcz\u0119\u015bcia Concept Store<br \/>\nStandort: Galeria Klif Gdynia<br \/>\nAdresse: Aleja Zwyci\u0119stwa 256, 81-525 Gdynia<\/p>\n<\/div>\n<div class=\"two-photos-right\"><img loading=\"lazy\" decoding=\"async\" class=\"alignright size-large wp-image-3037 lazyload\" data-src=\"https:\/\/bvelo.pl\/wp-content\/uploads\/2024\/11\/stacjonarne2-1024x444.jpg\" alt=\"\" width=\"500\" height=\"278\" src=\"data:image\/gif;base64,R0lGODlhAQABAAAAACH5BAEKAAEALAAAAAABAAEAAAICTAEAOw==\" style=\"--smush-placeholder-width: 500px; --smush-placeholder-aspect-ratio: 500\/278;\" \/><noscript><img loading=\"lazy\" decoding=\"async\" class=\"alignright size-large wp-image-3037\" src=\"https:\/\/bvelo.pl\/wp-content\/uploads\/2024\/11\/stacjonarne2-1024x444.jpg\" alt=\"\" width=\"500\" height=\"278\" \/><\/noscript><br \/>\n<img loading=\"lazy\" decoding=\"async\" class=\"alignright size-full wp-image-3033 lazyload\" data-src=\"https:\/\/bvelo.pl\/wp-content\/uploads\/2024\/11\/stacjonarne1.jpg\" alt=\"\" width=\"500\" height=\"626\" src=\"data:image\/gif;base64,R0lGODlhAQABAAAAACH5BAEKAAEALAAAAAABAAEAAAICTAEAOw==\" style=\"--smush-placeholder-width: 500px; --smush-placeholder-aspect-ratio: 500\/626;\" \/><noscript><img loading=\"lazy\" decoding=\"async\" class=\"alignright size-full wp-image-3033\" src=\"https:\/\/bvelo.pl\/wp-content\/uploads\/2024\/11\/stacjonarne1.jpg\" alt=\"\" width=\"500\" height=\"626\" \/><\/noscript><\/div>\n<\/div>\n<div class=\"maps-wrapper\"><iframe style=\"border: 0; width: 100%;\" data-src=\"https:\/\/www.google.com\/maps\/embed?pb=!1m18!1m12!1m3!1d2318.3557828658886!2d18.549367577412383!3d54.474304272637845!2m3!1f0!2f0!3f0!3m2!1i1024!2i768!4f13.1!3m3!1m2!1s0x46fda12005318b5b%3A0x16d09f2a9e62b109!2sKraina%20Szcz%C4%99%C5%9Bcia%20Concept%20Store%20Klif!5e0!3m2!1spl!2spl!4v1730801157734!5m2!1spl!2spl&#038;hl=de\" height=\"300\" allowfullscreen=\"allowfullscreen\" src=\"data:image\/gif;base64,R0lGODlhAQABAAAAACH5BAEKAAEALAAAAAABAAEAAAICTAEAOw==\" class=\"lazyload\" data-load-mode=\"1\"><\/iframe><\/div>\n<\/div>\n<p class=\"justify-mobile\">Bei BVELO kreieren wir einzigartige Kinderkleidung aus hochwertigem Samtstoff auf Baumwollbasis (sog. Baumwollsamt). Der hohe Anteil an nat\u00fcrlicher Baumwolle macht das Material \u00e4u\u00dferst weich und samtig im Griff und gleichzeitig \u00e4u\u00dferst vertr\u00e4glich f\u00fcr empfindliche Kinderhaut. Es ist eine viel bessere Alternative zu beliebten Stoffen \u00e4hnlicher Art, die jedoch auf Polyesterbasis basieren. Jedes Kleidungsst\u00fcck, das von den Nadeln unserer Maschinen genommen wird, wird sorgf\u00e4ltig auf Qualit\u00e4t \u00fcberpr\u00fcft und mit der Stickerei des Unternehmens gekennzeichnet. Wir haben die Schnitte unserer Velours-Trainingsanz\u00fcge so gestaltet, dass sie dem Kind richtig passen, und die B\u00fcndchen aus nat\u00fcrlicher Baumwolle halten das Material an den richtigen Stellen und sorgen so f\u00fcr eine \u00fcbergro\u00dfe Form. Bei uns z\u00e4hlen die Details! Wir legen gro\u00dfen Wert auf die Details und die Verarbeitung unserer Trainingsanz\u00fcge. Wir verwenden Accessoires von h\u00f6chster Qualit\u00e4t, wie Rei\u00dfverschl\u00fcsse einer bekannten Marke aus den USA, elastische B\u00fcndchen aus 100% Baumwolle, Kinnschutz bei Sweatshirts und Stopper bei Hosen, um das Straffen der Taille zu erleichtern. Wir signieren jedes St\u00fcck mit unserer Originalstickerei. Wir glauben, dass es auf Details ankommt!<\/p>\n","protected":false},"excerpt":{"rendered":"<p>Marke Bvelo, Abk\u00fcrzung f\u00fcr &#8222;Baby-Velour&#8220;. Alle Farben und Gr\u00f6\u00dfen aus unserer Kollektion k\u00f6nnen Sie in unserem Online-Shop oder in f\u00fcr [&#8230;]<\/p>\n<p><a class=\"btn btn-secondary understrap-read-more-link\" href=\"https:\/\/bvelo.pl\/de\/stationare-geschafte\/\">Weiterlesen&#8230;<span class=\"screen-reader-text\"> from Station\u00e4re Gesch\u00e4fte<\/span><\/a><\/p>\n","protected":false},"author":1,"featured_media":0,"parent":0,"menu_order":0,"comment_status":"closed","ping_status":"closed","template":"page-templates\/fullwidthpage.php","meta":{"_acf_changed":false,"inline_featured_image":false,"footnotes":""},"class_list":["post-3056","page","type-page","status-publish","hentry"],"acf":[],"yoast_head":"<!-- This site is optimized with the Yoast SEO plugin v22.9 - https:\/\/yoast.com\/wordpress\/plugins\/seo\/ -->\n<title>Station\u00e4re Gesch\u00e4fte | BVELO<\/title>\n<meta name=\"description\" content=\"BVELO \u27a4 Station\u00e4re Gesch\u00e4fte \u2714\ufe0f Mi\u0119kkie i wygodne dresy welurowe dla dzieci, idealne na ka\u017cd\u0105 okazj\u0119 \u2714\ufe0f Modne wzory i wysoka jako\u015b\u0107 materia\u0142\u00f3w, zapewniaj\u0105ce trwa\u0142o\u015b\u0107 i komfort \u2b50 Sprawd\u017a!\" \/>\n<meta name=\"robots\" content=\"index, follow, max-snippet:-1, max-image-preview:large, max-video-preview:-1\" \/>\n<link rel=\"canonical\" href=\"https:\/\/bvelo.pl\/de\/stationare-geschafte\/\" \/>\n<meta property=\"og:locale\" content=\"de_DE\" \/>\n<meta property=\"og:type\" content=\"article\" \/>\n<meta property=\"og:title\" content=\"Station\u00e4re Gesch\u00e4fte | BVELO\" \/>\n<meta property=\"og:description\" content=\"BVELO \u27a4 Station\u00e4re Gesch\u00e4fte \u2714\ufe0f Mi\u0119kkie i wygodne dresy welurowe dla dzieci, idealne na ka\u017cd\u0105 okazj\u0119 \u2714\ufe0f Modne wzory i wysoka jako\u015b\u0107 materia\u0142\u00f3w, zapewniaj\u0105ce trwa\u0142o\u015b\u0107 i komfort \u2b50 Sprawd\u017a!\" \/>\n<meta property=\"og:url\" content=\"https:\/\/bvelo.pl\/de\/stationare-geschafte\/\" \/>\n<meta property=\"og:site_name\" content=\"Bvelo\" \/>\n<meta property=\"article:modified_time\" content=\"2024-11-05T13:55:41+00:00\" \/>\n<meta property=\"og:image\" content=\"https:\/\/bvelo.pl\/wp-content\/uploads\/2024\/11\/stacjonarne2-1024x444.jpg\" \/>\n<meta name=\"twitter:card\" content=\"summary_large_image\" \/>\n<meta name=\"twitter:label1\" content=\"Gesch\u00e4tzte Lesezeit\" \/>\n\t<meta name=\"twitter:data1\" content=\"2\u00a0Minuten\" \/>\n<script type=\"application\/ld+json\" class=\"yoast-schema-graph\">{\"@context\":\"https:\/\/schema.org\",\"@graph\":[{\"@type\":\"WebPage\",\"@id\":\"https:\/\/bvelo.pl\/de\/stationare-geschafte\/\",\"url\":\"https:\/\/bvelo.pl\/de\/stationare-geschafte\/\",\"name\":\"Station\u00e4re Gesch\u00e4fte | BVELO\",\"isPartOf\":{\"@id\":\"https:\/\/bvelo.pl\/de\/#website\"},\"primaryImageOfPage\":{\"@id\":\"https:\/\/bvelo.pl\/de\/stationare-geschafte\/#primaryimage\"},\"image\":{\"@id\":\"https:\/\/bvelo.pl\/de\/stationare-geschafte\/#primaryimage\"},\"thumbnailUrl\":\"https:\/\/bvelo.pl\/wp-content\/uploads\/2024\/11\/stacjonarne2-1024x444.jpg\",\"datePublished\":\"2024-11-05T11:31:21+00:00\",\"dateModified\":\"2024-11-05T13:55:41+00:00\",\"description\":\"BVELO \u27a4 Station\u00e4re Gesch\u00e4fte \u2714\ufe0f Mi\u0119kkie i wygodne dresy welurowe dla dzieci, idealne na ka\u017cd\u0105 okazj\u0119 \u2714\ufe0f Modne wzory i wysoka jako\u015b\u0107 materia\u0142\u00f3w, zapewniaj\u0105ce trwa\u0142o\u015b\u0107 i komfort \u2b50 Sprawd\u017a!\",\"breadcrumb\":{\"@id\":\"https:\/\/bvelo.pl\/de\/stationare-geschafte\/#breadcrumb\"},\"inLanguage\":\"de\",\"potentialAction\":[{\"@type\":\"ReadAction\",\"target\":[\"https:\/\/bvelo.pl\/de\/stationare-geschafte\/\"]}]},{\"@type\":\"ImageObject\",\"inLanguage\":\"de\",\"@id\":\"https:\/\/bvelo.pl\/de\/stationare-geschafte\/#primaryimage\",\"url\":\"https:\/\/bvelo.pl\/wp-content\/uploads\/2024\/11\/stacjonarne2-1024x444.jpg\",\"contentUrl\":\"https:\/\/bvelo.pl\/wp-content\/uploads\/2024\/11\/stacjonarne2-1024x444.jpg\"},{\"@type\":\"BreadcrumbList\",\"@id\":\"https:\/\/bvelo.pl\/de\/stationare-geschafte\/#breadcrumb\",\"itemListElement\":[{\"@type\":\"ListItem\",\"position\":1,\"name\":\"Startseite\",\"item\":\"https:\/\/bvelo.pl\/de\/\"},{\"@type\":\"ListItem\",\"position\":2,\"name\":\"Station\u00e4re Gesch\u00e4fte\"}]},{\"@type\":\"WebSite\",\"@id\":\"https:\/\/bvelo.pl\/de\/#website\",\"url\":\"https:\/\/bvelo.pl\/de\/\",\"name\":\"Bvelo\",\"description\":\"Kolekcja Welurowa Dla Dzieci\",\"publisher\":{\"@id\":\"https:\/\/bvelo.pl\/de\/#organization\"},\"potentialAction\":[{\"@type\":\"SearchAction\",\"target\":{\"@type\":\"EntryPoint\",\"urlTemplate\":\"https:\/\/bvelo.pl\/de\/?s={search_term_string}\"},\"query-input\":\"required name=search_term_string\"}],\"inLanguage\":\"de\"},{\"@type\":\"Organization\",\"@id\":\"https:\/\/bvelo.pl\/de\/#organization\",\"name\":\"Bvelo - odzie\u017c welurowa dla dzieci\",\"alternateName\":\"Bvelo\",\"url\":\"https:\/\/bvelo.pl\/de\/\",\"logo\":{\"@type\":\"ImageObject\",\"inLanguage\":\"de\",\"@id\":\"https:\/\/bvelo.pl\/de\/#\/schema\/logo\/image\/\",\"url\":\"https:\/\/bvelo.pl\/wp-content\/uploads\/2024\/07\/bvelo_logo_yoast_organisation.png\",\"contentUrl\":\"https:\/\/bvelo.pl\/wp-content\/uploads\/2024\/07\/bvelo_logo_yoast_organisation.png\",\"width\":800,\"height\":800,\"caption\":\"Bvelo - odzie\u017c welurowa dla dzieci\"},\"image\":{\"@id\":\"https:\/\/bvelo.pl\/de\/#\/schema\/logo\/image\/\"}}]}<\/script>\n<!-- \/ Yoast SEO plugin. -->","yoast_head_json":{"title":"Station\u00e4re Gesch\u00e4fte | BVELO","description":"BVELO \u27a4 Station\u00e4re Gesch\u00e4fte \u2714\ufe0f Mi\u0119kkie i wygodne dresy welurowe dla dzieci, idealne na ka\u017cd\u0105 okazj\u0119 \u2714\ufe0f Modne wzory i wysoka jako\u015b\u0107 materia\u0142\u00f3w, zapewniaj\u0105ce trwa\u0142o\u015b\u0107 i komfort \u2b50 Sprawd\u017a!","robots":{"index":"index","follow":"follow","max-snippet":"max-snippet:-1","max-image-preview":"max-image-preview:large","max-video-preview":"max-video-preview:-1"},"canonical":"https:\/\/bvelo.pl\/de\/stationare-geschafte\/","og_locale":"de_DE","og_type":"article","og_title":"Station\u00e4re Gesch\u00e4fte | BVELO","og_description":"BVELO \u27a4 Station\u00e4re Gesch\u00e4fte \u2714\ufe0f Mi\u0119kkie i wygodne dresy welurowe dla dzieci, idealne na ka\u017cd\u0105 okazj\u0119 \u2714\ufe0f Modne wzory i wysoka jako\u015b\u0107 materia\u0142\u00f3w, zapewniaj\u0105ce trwa\u0142o\u015b\u0107 i komfort \u2b50 Sprawd\u017a!","og_url":"https:\/\/bvelo.pl\/de\/stationare-geschafte\/","og_site_name":"Bvelo","article_modified_time":"2024-11-05T13:55:41+00:00","og_image":[{"url":"https:\/\/bvelo.pl\/wp-content\/uploads\/2024\/11\/stacjonarne2-1024x444.jpg"}],"twitter_card":"summary_large_image","twitter_misc":{"Gesch\u00e4tzte Lesezeit":"2\u00a0Minuten"},"schema":{"@context":"https:\/\/schema.org","@graph":[{"@type":"WebPage","@id":"https:\/\/bvelo.pl\/de\/stationare-geschafte\/","url":"https:\/\/bvelo.pl\/de\/stationare-geschafte\/","name":"Station\u00e4re Gesch\u00e4fte | BVELO","isPartOf":{"@id":"https:\/\/bvelo.pl\/de\/#website"},"primaryImageOfPage":{"@id":"https:\/\/bvelo.pl\/de\/stationare-geschafte\/#primaryimage"},"image":{"@id":"https:\/\/bvelo.pl\/de\/stationare-geschafte\/#primaryimage"},"thumbnailUrl":"https:\/\/bvelo.pl\/wp-content\/uploads\/2024\/11\/stacjonarne2-1024x444.jpg","datePublished":"2024-11-05T11:31:21+00:00","dateModified":"2024-11-05T13:55:41+00:00","description":"BVELO \u27a4 Station\u00e4re Gesch\u00e4fte \u2714\ufe0f Mi\u0119kkie i wygodne dresy welurowe dla dzieci, idealne na ka\u017cd\u0105 okazj\u0119 \u2714\ufe0f Modne wzory i wysoka jako\u015b\u0107 materia\u0142\u00f3w, zapewniaj\u0105ce trwa\u0142o\u015b\u0107 i komfort \u2b50 Sprawd\u017a!","breadcrumb":{"@id":"https:\/\/bvelo.pl\/de\/stationare-geschafte\/#breadcrumb"},"inLanguage":"de","potentialAction":[{"@type":"ReadAction","target":["https:\/\/bvelo.pl\/de\/stationare-geschafte\/"]}]},{"@type":"ImageObject","inLanguage":"de","@id":"https:\/\/bvelo.pl\/de\/stationare-geschafte\/#primaryimage","url":"https:\/\/bvelo.pl\/wp-content\/uploads\/2024\/11\/stacjonarne2-1024x444.jpg","contentUrl":"https:\/\/bvelo.pl\/wp-content\/uploads\/2024\/11\/stacjonarne2-1024x444.jpg"},{"@type":"BreadcrumbList","@id":"https:\/\/bvelo.pl\/de\/stationare-geschafte\/#breadcrumb","itemListElement":[{"@type":"ListItem","position":1,"name":"Startseite","item":"https:\/\/bvelo.pl\/de\/"},{"@type":"ListItem","position":2,"name":"Station\u00e4re Gesch\u00e4fte"}]},{"@type":"WebSite","@id":"https:\/\/bvelo.pl\/de\/#website","url":"https:\/\/bvelo.pl\/de\/","name":"Bvelo","description":"Kolekcja Welurowa Dla Dzieci","publisher":{"@id":"https:\/\/bvelo.pl\/de\/#organization"},"potentialAction":[{"@type":"SearchAction","target":{"@type":"EntryPoint","urlTemplate":"https:\/\/bvelo.pl\/de\/?s={search_term_string}"},"query-input":"required name=search_term_string"}],"inLanguage":"de"},{"@type":"Organization","@id":"https:\/\/bvelo.pl\/de\/#organization","name":"Bvelo - odzie\u017c welurowa dla dzieci","alternateName":"Bvelo","url":"https:\/\/bvelo.pl\/de\/","logo":{"@type":"ImageObject","inLanguage":"de","@id":"https:\/\/bvelo.pl\/de\/#\/schema\/logo\/image\/","url":"https:\/\/bvelo.pl\/wp-content\/uploads\/2024\/07\/bvelo_logo_yoast_organisation.png","contentUrl":"https:\/\/bvelo.pl\/wp-content\/uploads\/2024\/07\/bvelo_logo_yoast_organisation.png","width":800,"height":800,"caption":"Bvelo - odzie\u017c welurowa dla dzieci"},"image":{"@id":"https:\/\/bvelo.pl\/de\/#\/schema\/logo\/image\/"}}]}},"_links":{"self":[{"href":"https:\/\/bvelo.pl\/de\/wp-json\/wp\/v2\/pages\/3056"}],"collection":[{"href":"https:\/\/bvelo.pl\/de\/wp-json\/wp\/v2\/pages"}],"about":[{"href":"https:\/\/bvelo.pl\/de\/wp-json\/wp\/v2\/types\/page"}],"author":[{"embeddable":true,"href":"https:\/\/bvelo.pl\/de\/wp-json\/wp\/v2\/users\/1"}],"replies":[{"embeddable":true,"href":"https:\/\/bvelo.pl\/de\/wp-json\/wp\/v2\/comments?post=3056"}],"version-history":[{"count":4,"href":"https:\/\/bvelo.pl\/de\/wp-json\/wp\/v2\/pages\/3056\/revisions"}],"predecessor-version":[{"id":3061,"href":"https:\/\/bvelo.pl\/de\/wp-json\/wp\/v2\/pages\/3056\/revisions\/3061"}],"wp:attachment":[{"href":"https:\/\/bvelo.pl\/de\/wp-json\/wp\/v2\/media?parent=3056"}],"curies":[{"name":"wp","href":"https:\/\/api.w.org\/{rel}","templated":true}]}}