{"id":1843,"date":"2023-05-10T15:17:53","date_gmt":"2023-05-10T13:17:53","guid":{"rendered":"https:\/\/bvelo.pl\/sklep\/unkategorisiert\/hosen-fuer-maedchen-ecru\/"},"modified":"2025-03-27T15:04:17","modified_gmt":"2025-03-27T14:04:17","slug":"hosen-fuer-maedchen-ecru","status":"publish","type":"product","link":"https:\/\/bvelo.pl\/de\/sklep\/kinder\/kollektion-fur-madchen\/hosen-fuer-maedchen-ecru\/","title":{"rendered":"Hose f\u00fcr M\u00e4dchen \u00e9cru"},"content":{"rendered":"<p>Velourslederhose mit einer entspannten Passform f\u00fcr hohen Tragekomfort. Elastischer Bund mit zus\u00e4tzlichem Kordelzug, der mit einem Stopper verstellbar ist. Lose Beine mit Gummizug an der Unterseite der Beine. Aufgesetzte Taschen auf der Vorderseite. Signiert mit einer hochwertigen Stickerei in der Farbe der Hose.<\/p>\n<p>Unsere Hosen sind aus Baumwollvelours mit einer Zusammensetzung aus 79% Baumwolle und 21% Polyester gen\u00e4ht. Der hohe Baumwollanteil macht den Stoff &#8218;atmungsaktiv&#8216; und \u00e4u\u00dferst angenehm auf der Haut. Dank der Polyesterverst\u00e4rkung ist er haltbarer und knittert nicht.<\/p>\n<p>Produziert in Polen.<\/p>\n","protected":false},"excerpt":{"rendered":"<p style=\"font-size: 17px;\">Velourslederhose mit einer entspannten Passform f\u00fcr hohen Tragekomfort. Elastischer Bund mit zus\u00e4tzlichem Kordelzug, der mit einem Stopper verstellbar ist. Lose Beine mit Gummizug an der Unterseite der Beine. Aufgesetzte Taschen auf der Vorderseite. Signiert mit einer hochwertigen Stickerei in der Farbe der Hose.<\/p>\n<p style=\"font-size: 17px;\">Unsere Hosen sind aus Baumwollvelours mit einer Zusammensetzung aus 79% Baumwolle und 21% Polyester gen\u00e4ht. Der hohe Baumwollanteil macht den Stoff &#8218;atmungsaktiv&#8216; und \u00e4u\u00dferst angenehm auf der Haut. Dank der Polyesterverst\u00e4rkung ist er haltbarer und knittert nicht.<\/p>\n<p style=\"font-size: 17px;\">Produziert in Polen.<\/p>\n<p> [&#8230;]<\/p>\n<p><a class=\"btn btn-secondary understrap-read-more-link\" href=\"https:\/\/bvelo.pl\/de\/sklep\/kinder\/kollektion-fur-madchen\/hosen-fuer-maedchen-ecru\/\">Weiterlesen&#8230;<span class=\"screen-reader-text\"> from Hose f\u00fcr M\u00e4dchen \u00e9cru<\/span><\/a><\/p>\n","protected":false},"featured_media":1847,"comment_status":"open","ping_status":"closed","template":"","meta":{"_acf_changed":false,"inline_featured_image":false},"product_cat":[81,83],"product_tag":[],"class_list":{"0":"post-1843","1":"product","2":"type-product","3":"status-publish","4":"has-post-thumbnail","6":"product_cat-kollektion-fur-madchen","7":"product_cat-hosen-fur-madchen","9":"first","10":"instock","11":"taxable","12":"shipping-taxable","13":"purchasable","14":"product-type-variable"},"acf":[],"yoast_head":"<!-- This site is optimized with the Yoast SEO plugin v22.9 - https:\/\/yoast.com\/wordpress\/plugins\/seo\/ -->\n<title>Hose f\u00fcr M\u00e4dchen \u00e9cru - Bvelo<\/title>\n<meta name=\"description\" content=\"Velourslederhose mit einer entspannten Passform f\u00fcr hohen Tragekomfort. Elastischer Bund mit zus\u00e4tzlichem Kordelzug, der mit einem Stopper verstellbar ist. Produziert in Polen.\" \/>\n<meta name=\"robots\" content=\"index, follow, max-snippet:-1, max-image-preview:large, max-video-preview:-1\" \/>\n<link rel=\"canonical\" href=\"https:\/\/bvelo.pl\/de\/sklep\/kinder\/kollektion-fur-madchen\/hosen-fuer-maedchen-ecru\/\" \/>\n<meta property=\"og:locale\" content=\"de_DE\" \/>\n<meta property=\"og:type\" content=\"article\" \/>\n<meta property=\"og:title\" content=\"Hose f\u00fcr M\u00e4dchen \u00e9cru - Bvelo\" \/>\n<meta property=\"og:description\" content=\"Velourslederhose mit einer entspannten Passform f\u00fcr hohen Tragekomfort. Elastischer Bund mit zus\u00e4tzlichem Kordelzug, der mit einem Stopper verstellbar ist. Produziert in Polen.\" \/>\n<meta property=\"og:url\" content=\"https:\/\/bvelo.pl\/de\/sklep\/kinder\/kollektion-fur-madchen\/hosen-fuer-maedchen-ecru\/\" \/>\n<meta property=\"og:site_name\" content=\"Bvelo\" \/>\n<meta property=\"article:modified_time\" content=\"2025-03-27T14:04:17+00:00\" \/>\n<meta property=\"og:image\" content=\"https:\/\/bvelo.pl\/wp-content\/uploads\/2023\/05\/spodnie_dziewczece_ecru-miniatura.jpg\" \/>\n\t<meta property=\"og:image:width\" content=\"1436\" \/>\n\t<meta property=\"og:image:height\" content=\"1724\" \/>\n\t<meta property=\"og:image:type\" content=\"image\/jpeg\" \/>\n<meta name=\"twitter:card\" content=\"summary_large_image\" \/>\n<meta name=\"twitter:label1\" content=\"Gesch\u00e4tzte Lesezeit\" \/>\n\t<meta name=\"twitter:data1\" content=\"1\u00a0Minute\" \/>\n<script type=\"application\/ld+json\" class=\"yoast-schema-graph\">{\"@context\":\"https:\/\/schema.org\",\"@graph\":[{\"@type\":[\"WebPage\",\"ItemPage\"],\"@id\":\"https:\/\/bvelo.pl\/de\/sklep\/kinder\/kollektion-fur-madchen\/hosen-fuer-maedchen-ecru\/\",\"url\":\"https:\/\/bvelo.pl\/de\/sklep\/kinder\/kollektion-fur-madchen\/hosen-fuer-maedchen-ecru\/\",\"name\":\"Hose f\u00fcr M\u00e4dchen \u00e9cru - Bvelo\",\"isPartOf\":{\"@id\":\"https:\/\/bvelo.pl\/de\/#website\"},\"primaryImageOfPage\":{\"@id\":\"https:\/\/bvelo.pl\/de\/sklep\/kinder\/kollektion-fur-madchen\/hosen-fuer-maedchen-ecru\/#primaryimage\"},\"image\":{\"@id\":\"https:\/\/bvelo.pl\/de\/sklep\/kinder\/kollektion-fur-madchen\/hosen-fuer-maedchen-ecru\/#primaryimage\"},\"thumbnailUrl\":\"https:\/\/bvelo.pl\/wp-content\/uploads\/2023\/05\/spodnie_dziewczece_ecru-miniatura.jpg\",\"datePublished\":\"2023-05-10T13:17:53+00:00\",\"dateModified\":\"2025-03-27T14:04:17+00:00\",\"description\":\"Velourslederhose mit einer entspannten Passform f\u00fcr hohen Tragekomfort. Elastischer Bund mit zus\u00e4tzlichem Kordelzug, der mit einem Stopper verstellbar ist. Produziert in Polen.\",\"breadcrumb\":{\"@id\":\"https:\/\/bvelo.pl\/de\/sklep\/kinder\/kollektion-fur-madchen\/hosen-fuer-maedchen-ecru\/#breadcrumb\"},\"inLanguage\":\"de\",\"potentialAction\":[{\"@type\":\"ReadAction\",\"target\":[\"https:\/\/bvelo.pl\/de\/sklep\/kinder\/kollektion-fur-madchen\/hosen-fuer-maedchen-ecru\/\"]}]},{\"@type\":\"ImageObject\",\"inLanguage\":\"de\",\"@id\":\"https:\/\/bvelo.pl\/de\/sklep\/kinder\/kollektion-fur-madchen\/hosen-fuer-maedchen-ecru\/#primaryimage\",\"url\":\"https:\/\/bvelo.pl\/wp-content\/uploads\/2023\/05\/spodnie_dziewczece_ecru-miniatura.jpg\",\"contentUrl\":\"https:\/\/bvelo.pl\/wp-content\/uploads\/2023\/05\/spodnie_dziewczece_ecru-miniatura.jpg\",\"width\":1436,\"height\":1724,\"caption\":\"Velourslederhose mit Rippb\u00fcndchen in Ecru\"},{\"@type\":\"BreadcrumbList\",\"@id\":\"https:\/\/bvelo.pl\/de\/sklep\/kinder\/kollektion-fur-madchen\/hosen-fuer-maedchen-ecru\/#breadcrumb\",\"itemListElement\":[{\"@type\":\"ListItem\",\"position\":1,\"name\":\"Startseite\",\"item\":\"https:\/\/bvelo.pl\/de\/\"},{\"@type\":\"ListItem\",\"position\":2,\"name\":\"Shop\",\"item\":\"https:\/\/bvelo.pl\/de\/shop\/\"},{\"@type\":\"ListItem\",\"position\":3,\"name\":\"Hose f\u00fcr M\u00e4dchen \u00e9cru\"}]},{\"@type\":\"WebSite\",\"@id\":\"https:\/\/bvelo.pl\/de\/#website\",\"url\":\"https:\/\/bvelo.pl\/de\/\",\"name\":\"Bvelo\",\"description\":\"Kolekcja Welurowa Dla Dzieci\",\"publisher\":{\"@id\":\"https:\/\/bvelo.pl\/de\/#organization\"},\"potentialAction\":[{\"@type\":\"SearchAction\",\"target\":{\"@type\":\"EntryPoint\",\"urlTemplate\":\"https:\/\/bvelo.pl\/de\/?s={search_term_string}\"},\"query-input\":\"required name=search_term_string\"}],\"inLanguage\":\"de\"},{\"@type\":\"Organization\",\"@id\":\"https:\/\/bvelo.pl\/de\/#organization\",\"name\":\"Bvelo - odzie\u017c welurowa dla dzieci\",\"alternateName\":\"Bvelo\",\"url\":\"https:\/\/bvelo.pl\/de\/\",\"logo\":{\"@type\":\"ImageObject\",\"inLanguage\":\"de\",\"@id\":\"https:\/\/bvelo.pl\/de\/#\/schema\/logo\/image\/\",\"url\":\"https:\/\/bvelo.pl\/wp-content\/uploads\/2024\/07\/bvelo_logo_yoast_organisation.png\",\"contentUrl\":\"https:\/\/bvelo.pl\/wp-content\/uploads\/2024\/07\/bvelo_logo_yoast_organisation.png\",\"width\":800,\"height\":800,\"caption\":\"Bvelo - odzie\u017c welurowa dla dzieci\"},\"image\":{\"@id\":\"https:\/\/bvelo.pl\/de\/#\/schema\/logo\/image\/\"}}]}<\/script>\n<!-- \/ Yoast SEO plugin. -->","yoast_head_json":{"title":"Hose f\u00fcr M\u00e4dchen \u00e9cru - Bvelo","description":"Velourslederhose mit einer entspannten Passform f\u00fcr hohen Tragekomfort. Elastischer Bund mit zus\u00e4tzlichem Kordelzug, der mit einem Stopper verstellbar ist. Produziert in Polen.","robots":{"index":"index","follow":"follow","max-snippet":"max-snippet:-1","max-image-preview":"max-image-preview:large","max-video-preview":"max-video-preview:-1"},"canonical":"https:\/\/bvelo.pl\/de\/sklep\/kinder\/kollektion-fur-madchen\/hosen-fuer-maedchen-ecru\/","og_locale":"de_DE","og_type":"article","og_title":"Hose f\u00fcr M\u00e4dchen \u00e9cru - Bvelo","og_description":"Velourslederhose mit einer entspannten Passform f\u00fcr hohen Tragekomfort. Elastischer Bund mit zus\u00e4tzlichem Kordelzug, der mit einem Stopper verstellbar ist. Produziert in Polen.","og_url":"https:\/\/bvelo.pl\/de\/sklep\/kinder\/kollektion-fur-madchen\/hosen-fuer-maedchen-ecru\/","og_site_name":"Bvelo","article_modified_time":"2025-03-27T14:04:17+00:00","og_image":[{"width":1436,"height":1724,"url":"https:\/\/bvelo.pl\/wp-content\/uploads\/2023\/05\/spodnie_dziewczece_ecru-miniatura.jpg","type":"image\/jpeg"}],"twitter_card":"summary_large_image","twitter_misc":{"Gesch\u00e4tzte Lesezeit":"1\u00a0Minute"},"schema":{"@context":"https:\/\/schema.org","@graph":[{"@type":["WebPage","ItemPage"],"@id":"https:\/\/bvelo.pl\/de\/sklep\/kinder\/kollektion-fur-madchen\/hosen-fuer-maedchen-ecru\/","url":"https:\/\/bvelo.pl\/de\/sklep\/kinder\/kollektion-fur-madchen\/hosen-fuer-maedchen-ecru\/","name":"Hose f\u00fcr M\u00e4dchen \u00e9cru - Bvelo","isPartOf":{"@id":"https:\/\/bvelo.pl\/de\/#website"},"primaryImageOfPage":{"@id":"https:\/\/bvelo.pl\/de\/sklep\/kinder\/kollektion-fur-madchen\/hosen-fuer-maedchen-ecru\/#primaryimage"},"image":{"@id":"https:\/\/bvelo.pl\/de\/sklep\/kinder\/kollektion-fur-madchen\/hosen-fuer-maedchen-ecru\/#primaryimage"},"thumbnailUrl":"https:\/\/bvelo.pl\/wp-content\/uploads\/2023\/05\/spodnie_dziewczece_ecru-miniatura.jpg","datePublished":"2023-05-10T13:17:53+00:00","dateModified":"2025-03-27T14:04:17+00:00","description":"Velourslederhose mit einer entspannten Passform f\u00fcr hohen Tragekomfort. Elastischer Bund mit zus\u00e4tzlichem Kordelzug, der mit einem Stopper verstellbar ist. Produziert in Polen.","breadcrumb":{"@id":"https:\/\/bvelo.pl\/de\/sklep\/kinder\/kollektion-fur-madchen\/hosen-fuer-maedchen-ecru\/#breadcrumb"},"inLanguage":"de","potentialAction":[{"@type":"ReadAction","target":["https:\/\/bvelo.pl\/de\/sklep\/kinder\/kollektion-fur-madchen\/hosen-fuer-maedchen-ecru\/"]}]},{"@type":"ImageObject","inLanguage":"de","@id":"https:\/\/bvelo.pl\/de\/sklep\/kinder\/kollektion-fur-madchen\/hosen-fuer-maedchen-ecru\/#primaryimage","url":"https:\/\/bvelo.pl\/wp-content\/uploads\/2023\/05\/spodnie_dziewczece_ecru-miniatura.jpg","contentUrl":"https:\/\/bvelo.pl\/wp-content\/uploads\/2023\/05\/spodnie_dziewczece_ecru-miniatura.jpg","width":1436,"height":1724,"caption":"Velourslederhose mit Rippb\u00fcndchen in Ecru"},{"@type":"BreadcrumbList","@id":"https:\/\/bvelo.pl\/de\/sklep\/kinder\/kollektion-fur-madchen\/hosen-fuer-maedchen-ecru\/#breadcrumb","itemListElement":[{"@type":"ListItem","position":1,"name":"Startseite","item":"https:\/\/bvelo.pl\/de\/"},{"@type":"ListItem","position":2,"name":"Shop","item":"https:\/\/bvelo.pl\/de\/shop\/"},{"@type":"ListItem","position":3,"name":"Hose f\u00fcr M\u00e4dchen \u00e9cru"}]},{"@type":"WebSite","@id":"https:\/\/bvelo.pl\/de\/#website","url":"https:\/\/bvelo.pl\/de\/","name":"Bvelo","description":"Kolekcja Welurowa Dla Dzieci","publisher":{"@id":"https:\/\/bvelo.pl\/de\/#organization"},"potentialAction":[{"@type":"SearchAction","target":{"@type":"EntryPoint","urlTemplate":"https:\/\/bvelo.pl\/de\/?s={search_term_string}"},"query-input":"required name=search_term_string"}],"inLanguage":"de"},{"@type":"Organization","@id":"https:\/\/bvelo.pl\/de\/#organization","name":"Bvelo - odzie\u017c welurowa dla dzieci","alternateName":"Bvelo","url":"https:\/\/bvelo.pl\/de\/","logo":{"@type":"ImageObject","inLanguage":"de","@id":"https:\/\/bvelo.pl\/de\/#\/schema\/logo\/image\/","url":"https:\/\/bvelo.pl\/wp-content\/uploads\/2024\/07\/bvelo_logo_yoast_organisation.png","contentUrl":"https:\/\/bvelo.pl\/wp-content\/uploads\/2024\/07\/bvelo_logo_yoast_organisation.png","width":800,"height":800,"caption":"Bvelo - odzie\u017c welurowa dla dzieci"},"image":{"@id":"https:\/\/bvelo.pl\/de\/#\/schema\/logo\/image\/"}}]}},"_links":{"self":[{"href":"https:\/\/bvelo.pl\/de\/wp-json\/wp\/v2\/product\/1843"}],"collection":[{"href":"https:\/\/bvelo.pl\/de\/wp-json\/wp\/v2\/product"}],"about":[{"href":"https:\/\/bvelo.pl\/de\/wp-json\/wp\/v2\/types\/product"}],"replies":[{"embeddable":true,"href":"https:\/\/bvelo.pl\/de\/wp-json\/wp\/v2\/comments?post=1843"}],"wp:featuredmedia":[{"embeddable":true,"href":"https:\/\/bvelo.pl\/de\/wp-json\/wp\/v2\/media\/1847"}],"wp:attachment":[{"href":"https:\/\/bvelo.pl\/de\/wp-json\/wp\/v2\/media?parent=1843"}],"wp:term":[{"taxonomy":"product_cat","embeddable":true,"href":"https:\/\/bvelo.pl\/de\/wp-json\/wp\/v2\/product_cat?post=1843"},{"taxonomy":"product_tag","embeddable":true,"href":"https:\/\/bvelo.pl\/de\/wp-json\/wp\/v2\/product_tag?post=1843"}],"curies":[{"name":"wp","href":"https:\/\/api.w.org\/{rel}","templated":true}]}}