{"id":1945,"date":"2023-05-11T11:06:38","date_gmt":"2023-05-11T09:06:38","guid":{"rendered":"https:\/\/bvelo.pl\/sklep\/unkategorisiert\/dunkelblaues-sweatshirt-mit-reissverschluss\/"},"modified":"2025-03-27T15:00:09","modified_gmt":"2025-03-27T14:00:09","slug":"dunkelblaues-sweatshirt-mit-reissverschluss","status":"publish","type":"product","link":"https:\/\/bvelo.pl\/de\/sklep\/kinder\/kollektion-fur-jungen\/dunkelblaues-sweatshirt-mit-reissverschluss\/","title":{"rendered":"Pullover mit Rei\u00dfverschluss dunkelblau"},"content":{"rendered":"<p>Pullover aus Velours f\u00fcr Jungen mit lockerer Passform f\u00fcr angenehmen Tragekomfort. Rei\u00dfverschluss mit Kinnschutz, Stehkragen, aufgesetzte Taschen. Die \u00c4rmelb\u00fcndchen und der Taillensaum sind elastisch f\u00fcr mehr Bewegungsfreiheit. Signiert mit einer hochwertigen Stickerei in der Farbe des Pullover.<\/p>\n<p>Unsere Sweatshirts sind aus Baumwollvelours mit einer Zusammensetzung aus 79% Baumwolle und 21% Polyester gen\u00e4ht. Der hohe Baumwollanteil macht den Stoff &#8218;atmungsaktiv&#8216; und \u00e4u\u00dferst angenehm auf der Haut. Dank der Polyesterverst\u00e4rkung ist er haltbarer und knittert nicht.<\/p>\n<p>Hergestellt in Polen.<\/p>\n","protected":false},"excerpt":{"rendered":"<p style=\"font-size: 17px;\">Pullover aus Velours f\u00fcr Jungen mit lockerer Passform f\u00fcr angenehmen Tragekomfort. Rei\u00dfverschluss mit Kinnschutz, Stehkragen, aufgesetzte Taschen. Die \u00c4rmelb\u00fcndchen und der Taillensaum sind elastisch f\u00fcr mehr Bewegungsfreiheit. Signiert mit einer hochwertigen Stickerei in der Farbe des Pullover.<\/p>\n<p style=\"font-size: 17px;\">Unsere Sweatshirts sind aus Baumwollvelours mit einer Zusammensetzung aus 79% Baumwolle und 21% Polyester gen\u00e4ht. Der hohe Baumwollanteil macht den Stoff &#8218;atmungsaktiv&#8216; und \u00e4u\u00dferst angenehm auf der Haut. Dank der Polyesterverst\u00e4rkung ist er haltbarer und knittert nicht.<\/p>\n<p style=\"font-size: 17px;\">Hergestellt in Polen.<\/p>\n<p> [&#8230;]<\/p>\n<p><a class=\"btn btn-secondary understrap-read-more-link\" href=\"https:\/\/bvelo.pl\/de\/sklep\/kinder\/kollektion-fur-jungen\/dunkelblaues-sweatshirt-mit-reissverschluss\/\">Weiterlesen&#8230;<span class=\"screen-reader-text\"> from Pullover mit Rei\u00dfverschluss dunkelblau<\/span><\/a><\/p>\n","protected":false},"featured_media":1946,"comment_status":"open","ping_status":"closed","template":"","meta":{"_acf_changed":false,"inline_featured_image":false},"product_cat":[84,85],"product_tag":[],"class_list":{"0":"post-1945","1":"product","2":"type-product","3":"status-publish","4":"has-post-thumbnail","6":"product_cat-kollektion-fur-jungen","7":"product_cat-pullover-fur-jungen","9":"first","10":"instock","11":"taxable","12":"shipping-taxable","13":"purchasable","14":"product-type-variable"},"acf":[],"yoast_head":"<!-- This site is optimized with the Yoast SEO plugin v22.9 - https:\/\/yoast.com\/wordpress\/plugins\/seo\/ -->\n<title>Dunkelblaues Pullover mit Rei\u00dfverschluss - Bvelo<\/title>\n<meta name=\"description\" content=\"Pullover aus Velours f\u00fcr Jungen mit lockerer Passform f\u00fcr angenehmen Tragekomfort. Rei\u00dfverschluss mit Kinnschutz, aufgesetzte Taschen. Hergestellt in Polen.\" \/>\n<meta name=\"robots\" content=\"index, follow, max-snippet:-1, max-image-preview:large, max-video-preview:-1\" \/>\n<link rel=\"canonical\" href=\"https:\/\/bvelo.pl\/de\/sklep\/kinder\/kollektion-fur-jungen\/dunkelblaues-sweatshirt-mit-reissverschluss\/\" \/>\n<meta property=\"og:locale\" content=\"de_DE\" \/>\n<meta property=\"og:type\" content=\"article\" \/>\n<meta property=\"og:title\" content=\"Dunkelblaues Pullover mit Rei\u00dfverschluss - Bvelo\" \/>\n<meta property=\"og:description\" content=\"Pullover aus Velours f\u00fcr Jungen mit lockerer Passform f\u00fcr angenehmen Tragekomfort. Rei\u00dfverschluss mit Kinnschutz, aufgesetzte Taschen. Hergestellt in Polen.\" \/>\n<meta property=\"og:url\" content=\"https:\/\/bvelo.pl\/de\/sklep\/kinder\/kollektion-fur-jungen\/dunkelblaues-sweatshirt-mit-reissverschluss\/\" \/>\n<meta property=\"og:site_name\" content=\"Bvelo\" \/>\n<meta property=\"article:modified_time\" content=\"2025-03-27T14:00:09+00:00\" \/>\n<meta property=\"og:image\" content=\"https:\/\/bvelo.pl\/wp-content\/uploads\/2023\/05\/bluza_chlopieca_rozsuwana_ciemnogranatowa-miniatura.jpg\" \/>\n\t<meta property=\"og:image:width\" content=\"1436\" \/>\n\t<meta property=\"og:image:height\" content=\"1724\" \/>\n\t<meta property=\"og:image:type\" content=\"image\/jpeg\" \/>\n<meta name=\"twitter:card\" content=\"summary_large_image\" \/>\n<meta name=\"twitter:label1\" content=\"Gesch\u00e4tzte Lesezeit\" \/>\n\t<meta name=\"twitter:data1\" content=\"1\u00a0Minute\" \/>\n<script type=\"application\/ld+json\" class=\"yoast-schema-graph\">{\"@context\":\"https:\/\/schema.org\",\"@graph\":[{\"@type\":[\"WebPage\",\"ItemPage\"],\"@id\":\"https:\/\/bvelo.pl\/de\/sklep\/kinder\/kollektion-fur-jungen\/dunkelblaues-sweatshirt-mit-reissverschluss\/\",\"url\":\"https:\/\/bvelo.pl\/de\/sklep\/kinder\/kollektion-fur-jungen\/dunkelblaues-sweatshirt-mit-reissverschluss\/\",\"name\":\"Dunkelblaues Pullover mit Rei\u00dfverschluss - Bvelo\",\"isPartOf\":{\"@id\":\"https:\/\/bvelo.pl\/de\/#website\"},\"primaryImageOfPage\":{\"@id\":\"https:\/\/bvelo.pl\/de\/sklep\/kinder\/kollektion-fur-jungen\/dunkelblaues-sweatshirt-mit-reissverschluss\/#primaryimage\"},\"image\":{\"@id\":\"https:\/\/bvelo.pl\/de\/sklep\/kinder\/kollektion-fur-jungen\/dunkelblaues-sweatshirt-mit-reissverschluss\/#primaryimage\"},\"thumbnailUrl\":\"https:\/\/bvelo.pl\/wp-content\/uploads\/2023\/05\/bluza_chlopieca_rozsuwana_ciemnogranatowa-miniatura.jpg\",\"datePublished\":\"2023-05-11T09:06:38+00:00\",\"dateModified\":\"2025-03-27T14:00:09+00:00\",\"description\":\"Pullover aus Velours f\u00fcr Jungen mit lockerer Passform f\u00fcr angenehmen Tragekomfort. Rei\u00dfverschluss mit Kinnschutz, aufgesetzte Taschen. Hergestellt in Polen.\",\"breadcrumb\":{\"@id\":\"https:\/\/bvelo.pl\/de\/sklep\/kinder\/kollektion-fur-jungen\/dunkelblaues-sweatshirt-mit-reissverschluss\/#breadcrumb\"},\"inLanguage\":\"de\",\"potentialAction\":[{\"@type\":\"ReadAction\",\"target\":[\"https:\/\/bvelo.pl\/de\/sklep\/kinder\/kollektion-fur-jungen\/dunkelblaues-sweatshirt-mit-reissverschluss\/\"]}]},{\"@type\":\"ImageObject\",\"inLanguage\":\"de\",\"@id\":\"https:\/\/bvelo.pl\/de\/sklep\/kinder\/kollektion-fur-jungen\/dunkelblaues-sweatshirt-mit-reissverschluss\/#primaryimage\",\"url\":\"https:\/\/bvelo.pl\/wp-content\/uploads\/2023\/05\/bluza_chlopieca_rozsuwana_ciemnogranatowa-miniatura.jpg\",\"contentUrl\":\"https:\/\/bvelo.pl\/wp-content\/uploads\/2023\/05\/bluza_chlopieca_rozsuwana_ciemnogranatowa-miniatura.jpg\",\"width\":1436,\"height\":1724,\"caption\":\"Junge in dunkelblauem Velours-Sweatshirt mit Rei\u00dfverschluss\"},{\"@type\":\"BreadcrumbList\",\"@id\":\"https:\/\/bvelo.pl\/de\/sklep\/kinder\/kollektion-fur-jungen\/dunkelblaues-sweatshirt-mit-reissverschluss\/#breadcrumb\",\"itemListElement\":[{\"@type\":\"ListItem\",\"position\":1,\"name\":\"Startseite\",\"item\":\"https:\/\/bvelo.pl\/de\/\"},{\"@type\":\"ListItem\",\"position\":2,\"name\":\"Shop\",\"item\":\"https:\/\/bvelo.pl\/de\/shop\/\"},{\"@type\":\"ListItem\",\"position\":3,\"name\":\"Pullover mit Rei\u00dfverschluss dunkelblau\"}]},{\"@type\":\"WebSite\",\"@id\":\"https:\/\/bvelo.pl\/de\/#website\",\"url\":\"https:\/\/bvelo.pl\/de\/\",\"name\":\"Bvelo\",\"description\":\"Kolekcja Welurowa Dla Dzieci\",\"publisher\":{\"@id\":\"https:\/\/bvelo.pl\/de\/#organization\"},\"potentialAction\":[{\"@type\":\"SearchAction\",\"target\":{\"@type\":\"EntryPoint\",\"urlTemplate\":\"https:\/\/bvelo.pl\/de\/?s={search_term_string}\"},\"query-input\":\"required name=search_term_string\"}],\"inLanguage\":\"de\"},{\"@type\":\"Organization\",\"@id\":\"https:\/\/bvelo.pl\/de\/#organization\",\"name\":\"Bvelo - odzie\u017c welurowa dla dzieci\",\"alternateName\":\"Bvelo\",\"url\":\"https:\/\/bvelo.pl\/de\/\",\"logo\":{\"@type\":\"ImageObject\",\"inLanguage\":\"de\",\"@id\":\"https:\/\/bvelo.pl\/de\/#\/schema\/logo\/image\/\",\"url\":\"https:\/\/bvelo.pl\/wp-content\/uploads\/2024\/07\/bvelo_logo_yoast_organisation.png\",\"contentUrl\":\"https:\/\/bvelo.pl\/wp-content\/uploads\/2024\/07\/bvelo_logo_yoast_organisation.png\",\"width\":800,\"height\":800,\"caption\":\"Bvelo - odzie\u017c welurowa dla dzieci\"},\"image\":{\"@id\":\"https:\/\/bvelo.pl\/de\/#\/schema\/logo\/image\/\"}}]}<\/script>\n<!-- \/ Yoast SEO plugin. -->","yoast_head_json":{"title":"Dunkelblaues Pullover mit Rei\u00dfverschluss - Bvelo","description":"Pullover aus Velours f\u00fcr Jungen mit lockerer Passform f\u00fcr angenehmen Tragekomfort. Rei\u00dfverschluss mit Kinnschutz, aufgesetzte Taschen. Hergestellt in Polen.","robots":{"index":"index","follow":"follow","max-snippet":"max-snippet:-1","max-image-preview":"max-image-preview:large","max-video-preview":"max-video-preview:-1"},"canonical":"https:\/\/bvelo.pl\/de\/sklep\/kinder\/kollektion-fur-jungen\/dunkelblaues-sweatshirt-mit-reissverschluss\/","og_locale":"de_DE","og_type":"article","og_title":"Dunkelblaues Pullover mit Rei\u00dfverschluss - Bvelo","og_description":"Pullover aus Velours f\u00fcr Jungen mit lockerer Passform f\u00fcr angenehmen Tragekomfort. Rei\u00dfverschluss mit Kinnschutz, aufgesetzte Taschen. Hergestellt in Polen.","og_url":"https:\/\/bvelo.pl\/de\/sklep\/kinder\/kollektion-fur-jungen\/dunkelblaues-sweatshirt-mit-reissverschluss\/","og_site_name":"Bvelo","article_modified_time":"2025-03-27T14:00:09+00:00","og_image":[{"width":1436,"height":1724,"url":"https:\/\/bvelo.pl\/wp-content\/uploads\/2023\/05\/bluza_chlopieca_rozsuwana_ciemnogranatowa-miniatura.jpg","type":"image\/jpeg"}],"twitter_card":"summary_large_image","twitter_misc":{"Gesch\u00e4tzte Lesezeit":"1\u00a0Minute"},"schema":{"@context":"https:\/\/schema.org","@graph":[{"@type":["WebPage","ItemPage"],"@id":"https:\/\/bvelo.pl\/de\/sklep\/kinder\/kollektion-fur-jungen\/dunkelblaues-sweatshirt-mit-reissverschluss\/","url":"https:\/\/bvelo.pl\/de\/sklep\/kinder\/kollektion-fur-jungen\/dunkelblaues-sweatshirt-mit-reissverschluss\/","name":"Dunkelblaues Pullover mit Rei\u00dfverschluss - Bvelo","isPartOf":{"@id":"https:\/\/bvelo.pl\/de\/#website"},"primaryImageOfPage":{"@id":"https:\/\/bvelo.pl\/de\/sklep\/kinder\/kollektion-fur-jungen\/dunkelblaues-sweatshirt-mit-reissverschluss\/#primaryimage"},"image":{"@id":"https:\/\/bvelo.pl\/de\/sklep\/kinder\/kollektion-fur-jungen\/dunkelblaues-sweatshirt-mit-reissverschluss\/#primaryimage"},"thumbnailUrl":"https:\/\/bvelo.pl\/wp-content\/uploads\/2023\/05\/bluza_chlopieca_rozsuwana_ciemnogranatowa-miniatura.jpg","datePublished":"2023-05-11T09:06:38+00:00","dateModified":"2025-03-27T14:00:09+00:00","description":"Pullover aus Velours f\u00fcr Jungen mit lockerer Passform f\u00fcr angenehmen Tragekomfort. Rei\u00dfverschluss mit Kinnschutz, aufgesetzte Taschen. Hergestellt in Polen.","breadcrumb":{"@id":"https:\/\/bvelo.pl\/de\/sklep\/kinder\/kollektion-fur-jungen\/dunkelblaues-sweatshirt-mit-reissverschluss\/#breadcrumb"},"inLanguage":"de","potentialAction":[{"@type":"ReadAction","target":["https:\/\/bvelo.pl\/de\/sklep\/kinder\/kollektion-fur-jungen\/dunkelblaues-sweatshirt-mit-reissverschluss\/"]}]},{"@type":"ImageObject","inLanguage":"de","@id":"https:\/\/bvelo.pl\/de\/sklep\/kinder\/kollektion-fur-jungen\/dunkelblaues-sweatshirt-mit-reissverschluss\/#primaryimage","url":"https:\/\/bvelo.pl\/wp-content\/uploads\/2023\/05\/bluza_chlopieca_rozsuwana_ciemnogranatowa-miniatura.jpg","contentUrl":"https:\/\/bvelo.pl\/wp-content\/uploads\/2023\/05\/bluza_chlopieca_rozsuwana_ciemnogranatowa-miniatura.jpg","width":1436,"height":1724,"caption":"Junge in dunkelblauem Velours-Sweatshirt mit Rei\u00dfverschluss"},{"@type":"BreadcrumbList","@id":"https:\/\/bvelo.pl\/de\/sklep\/kinder\/kollektion-fur-jungen\/dunkelblaues-sweatshirt-mit-reissverschluss\/#breadcrumb","itemListElement":[{"@type":"ListItem","position":1,"name":"Startseite","item":"https:\/\/bvelo.pl\/de\/"},{"@type":"ListItem","position":2,"name":"Shop","item":"https:\/\/bvelo.pl\/de\/shop\/"},{"@type":"ListItem","position":3,"name":"Pullover mit Rei\u00dfverschluss dunkelblau"}]},{"@type":"WebSite","@id":"https:\/\/bvelo.pl\/de\/#website","url":"https:\/\/bvelo.pl\/de\/","name":"Bvelo","description":"Kolekcja Welurowa Dla Dzieci","publisher":{"@id":"https:\/\/bvelo.pl\/de\/#organization"},"potentialAction":[{"@type":"SearchAction","target":{"@type":"EntryPoint","urlTemplate":"https:\/\/bvelo.pl\/de\/?s={search_term_string}"},"query-input":"required name=search_term_string"}],"inLanguage":"de"},{"@type":"Organization","@id":"https:\/\/bvelo.pl\/de\/#organization","name":"Bvelo - odzie\u017c welurowa dla dzieci","alternateName":"Bvelo","url":"https:\/\/bvelo.pl\/de\/","logo":{"@type":"ImageObject","inLanguage":"de","@id":"https:\/\/bvelo.pl\/de\/#\/schema\/logo\/image\/","url":"https:\/\/bvelo.pl\/wp-content\/uploads\/2024\/07\/bvelo_logo_yoast_organisation.png","contentUrl":"https:\/\/bvelo.pl\/wp-content\/uploads\/2024\/07\/bvelo_logo_yoast_organisation.png","width":800,"height":800,"caption":"Bvelo - odzie\u017c welurowa dla dzieci"},"image":{"@id":"https:\/\/bvelo.pl\/de\/#\/schema\/logo\/image\/"}}]}},"_links":{"self":[{"href":"https:\/\/bvelo.pl\/de\/wp-json\/wp\/v2\/product\/1945"}],"collection":[{"href":"https:\/\/bvelo.pl\/de\/wp-json\/wp\/v2\/product"}],"about":[{"href":"https:\/\/bvelo.pl\/de\/wp-json\/wp\/v2\/types\/product"}],"replies":[{"embeddable":true,"href":"https:\/\/bvelo.pl\/de\/wp-json\/wp\/v2\/comments?post=1945"}],"wp:featuredmedia":[{"embeddable":true,"href":"https:\/\/bvelo.pl\/de\/wp-json\/wp\/v2\/media\/1946"}],"wp:attachment":[{"href":"https:\/\/bvelo.pl\/de\/wp-json\/wp\/v2\/media?parent=1945"}],"wp:term":[{"taxonomy":"product_cat","embeddable":true,"href":"https:\/\/bvelo.pl\/de\/wp-json\/wp\/v2\/product_cat?post=1945"},{"taxonomy":"product_tag","embeddable":true,"href":"https:\/\/bvelo.pl\/de\/wp-json\/wp\/v2\/product_tag?post=1945"}],"curies":[{"name":"wp","href":"https:\/\/api.w.org\/{rel}","templated":true}]}}