{"id":3631,"date":"2026-01-13T11:27:38","date_gmt":"2026-01-13T10:27:38","guid":{"rendered":"https:\/\/bvelo.pl\/sklep\/unkategorisiert\/herren-sweatshirt-in-oliv\/"},"modified":"2026-01-22T14:57:57","modified_gmt":"2026-01-22T13:57:57","slug":"herren-sweatshirt-in-oliv","status":"publish","type":"product","link":"https:\/\/bvelo.pl\/de\/sklep\/erwachsene\/mann\/herren-sweatshirts\/herren-sweatshirt-in-oliv\/","title":{"rendered":"Herren Sweatshirt olive"},"content":{"rendered":"<p>Herren Sweatshirt aus Velours mit lockerer Passform f\u00fcr angenehmen Tragekomfort. Rei\u00dfverschluss, hoher Kragen, aufgesetzte Taschen.  Signiert mit einer hochwertigen Stickerei in der Farbe des Pullover.<\/p>\n<p>Unsere Sweatshirts sind aus Baumwollvelours mit einer Zusammensetzung aus 80% Baumwolle und 20% Polyester gen\u00e4ht. Der hohe Baumwollanteil macht den Stoff &#8218;atmungsaktiv&#8216; und \u00e4u\u00dferst angenehm auf der Haut. Dank der Polyesterverst\u00e4rkung ist er haltbarer und knittert nicht.<\/p>\n<p>Produziert in Polen.<\/p>\n","protected":false},"excerpt":{"rendered":"<div class=\"other-product-bvelo\">\n<p><span style=\"font-size: 17px;\">Herren Sweatshirt aus Velours mit lockerer Passform f\u00fcr angenehmen Tragekomfort. Rei\u00dfverschluss, hoher Kragen, aufgesetzte Taschen.  Signiert mit einer hochwertigen Stickerei in der Farbe des Pullover.<\/span><\/p>\n<\/div>\n<p style=\"font-size: 17px;\">Unsere Sweatshirts sind aus Baumwollvelours mit einer Zusammensetzung aus 80% Baumwolle und 20% Polyester gen\u00e4ht. Der hohe Baumwollanteil macht den Stoff &#8218;atmungsaktiv&#8216; und \u00e4u\u00dferst angenehm auf der Haut. Dank der Polyesterverst\u00e4rkung ist er haltbarer und knittert nicht.<\/p>\n<p style=\"font-size: 17px;\">Produziert in Polen.<\/p>\n<p> [&#8230;]<\/p>\n<p><a class=\"btn btn-secondary understrap-read-more-link\" href=\"https:\/\/bvelo.pl\/de\/sklep\/erwachsene\/mann\/herren-sweatshirts\/herren-sweatshirt-in-oliv\/\">Weiterlesen&#8230;<span class=\"screen-reader-text\"> from Herren Sweatshirt olive<\/span><\/a><\/p>\n","protected":false},"featured_media":3726,"comment_status":"open","ping_status":"closed","template":"","meta":{"_acf_changed":false,"inline_featured_image":false},"product_cat":[159,164,163],"product_tag":[],"class_list":{"0":"post-3631","1":"product","2":"type-product","3":"status-publish","4":"has-post-thumbnail","6":"product_cat-erwachsene","7":"product_cat-herren-sweatshirts","8":"product_cat-mann","10":"first","11":"instock","12":"taxable","13":"shipping-taxable","14":"purchasable","15":"product-type-variable"},"acf":[],"yoast_head":"<!-- This site is optimized with the Yoast SEO plugin v22.9 - https:\/\/yoast.com\/wordpress\/plugins\/seo\/ -->\n<title>Herren Sweatshirt olive | Odzie\u017c premium dla dzieci | Sklep Online | BVELO<\/title>\n<meta name=\"description\" content=\"BVELO \u27a4 Herren Sweatshirt olive w atrakcyjnej Cenie \u2714\ufe0f Mi\u0119kkie i wygodne dresy welurowe dla dzieci, idealne na ka\u017cd\u0105 okazj\u0119 \u2714\ufe0f Modne wzory i wysoka jako\u015b\u0107 materia\u0142\u00f3w, zapewniaj\u0105ce trwa\u0142o\u015b\u0107 i komfort \u2b50 Kup!\" \/>\n<meta name=\"robots\" content=\"index, follow, max-snippet:-1, max-image-preview:large, max-video-preview:-1\" \/>\n<link rel=\"canonical\" href=\"https:\/\/bvelo.pl\/de\/sklep\/erwachsene\/mann\/herren-sweatshirts\/herren-sweatshirt-in-oliv\/\" \/>\n<meta property=\"og:locale\" content=\"de_DE\" \/>\n<meta property=\"og:type\" content=\"article\" \/>\n<meta property=\"og:title\" content=\"Herren Sweatshirt olive | Odzie\u017c premium dla dzieci | Sklep Online | BVELO\" \/>\n<meta property=\"og:description\" content=\"BVELO \u27a4 Herren Sweatshirt olive w atrakcyjnej Cenie \u2714\ufe0f Mi\u0119kkie i wygodne dresy welurowe dla dzieci, idealne na ka\u017cd\u0105 okazj\u0119 \u2714\ufe0f Modne wzory i wysoka jako\u015b\u0107 materia\u0142\u00f3w, zapewniaj\u0105ce trwa\u0142o\u015b\u0107 i komfort \u2b50 Kup!\" \/>\n<meta property=\"og:url\" content=\"https:\/\/bvelo.pl\/de\/sklep\/erwachsene\/mann\/herren-sweatshirts\/herren-sweatshirt-in-oliv\/\" \/>\n<meta property=\"og:site_name\" content=\"Bvelo\" \/>\n<meta property=\"article:modified_time\" content=\"2026-01-22T13:57:57+00:00\" \/>\n<meta property=\"og:image\" content=\"https:\/\/bvelo.pl\/wp-content\/uploads\/2026\/01\/Obszar-roboczy-1.jpg\" \/>\n\t<meta property=\"og:image:width\" content=\"1638\" \/>\n\t<meta property=\"og:image:height\" content=\"2048\" \/>\n\t<meta property=\"og:image:type\" content=\"image\/jpeg\" \/>\n<meta name=\"twitter:card\" content=\"summary_large_image\" \/>\n<meta name=\"twitter:label1\" content=\"Gesch\u00e4tzte Lesezeit\" \/>\n\t<meta name=\"twitter:data1\" content=\"1\u00a0Minute\" \/>\n<script type=\"application\/ld+json\" class=\"yoast-schema-graph\">{\"@context\":\"https:\/\/schema.org\",\"@graph\":[{\"@type\":[\"WebPage\",\"ItemPage\"],\"@id\":\"https:\/\/bvelo.pl\/de\/sklep\/erwachsene\/mann\/herren-sweatshirts\/herren-sweatshirt-in-oliv\/\",\"url\":\"https:\/\/bvelo.pl\/de\/sklep\/erwachsene\/mann\/herren-sweatshirts\/herren-sweatshirt-in-oliv\/\",\"name\":\"Herren Sweatshirt olive | Odzie\u017c premium dla dzieci | Sklep Online | BVELO\",\"isPartOf\":{\"@id\":\"https:\/\/bvelo.pl\/de\/#website\"},\"primaryImageOfPage\":{\"@id\":\"https:\/\/bvelo.pl\/de\/sklep\/erwachsene\/mann\/herren-sweatshirts\/herren-sweatshirt-in-oliv\/#primaryimage\"},\"image\":{\"@id\":\"https:\/\/bvelo.pl\/de\/sklep\/erwachsene\/mann\/herren-sweatshirts\/herren-sweatshirt-in-oliv\/#primaryimage\"},\"thumbnailUrl\":\"https:\/\/bvelo.pl\/wp-content\/uploads\/2026\/01\/juz_wkrotce_new1.jpg\",\"datePublished\":\"2026-01-13T10:27:38+00:00\",\"dateModified\":\"2026-01-22T13:57:57+00:00\",\"description\":\"BVELO \u27a4 Herren Sweatshirt olive w atrakcyjnej Cenie \u2714\ufe0f Mi\u0119kkie i wygodne dresy welurowe dla dzieci, idealne na ka\u017cd\u0105 okazj\u0119 \u2714\ufe0f Modne wzory i wysoka jako\u015b\u0107 materia\u0142\u00f3w, zapewniaj\u0105ce trwa\u0142o\u015b\u0107 i komfort \u2b50 Kup!\",\"breadcrumb\":{\"@id\":\"https:\/\/bvelo.pl\/de\/sklep\/erwachsene\/mann\/herren-sweatshirts\/herren-sweatshirt-in-oliv\/#breadcrumb\"},\"inLanguage\":\"de\",\"potentialAction\":[{\"@type\":\"ReadAction\",\"target\":[\"https:\/\/bvelo.pl\/de\/sklep\/erwachsene\/mann\/herren-sweatshirts\/herren-sweatshirt-in-oliv\/\"]}]},{\"@type\":\"ImageObject\",\"inLanguage\":\"de\",\"@id\":\"https:\/\/bvelo.pl\/de\/sklep\/erwachsene\/mann\/herren-sweatshirts\/herren-sweatshirt-in-oliv\/#primaryimage\",\"url\":\"https:\/\/bvelo.pl\/wp-content\/uploads\/2026\/01\/juz_wkrotce_new1.jpg\",\"contentUrl\":\"https:\/\/bvelo.pl\/wp-content\/uploads\/2026\/01\/juz_wkrotce_new1.jpg\",\"width\":1638,\"height\":2048},{\"@type\":\"BreadcrumbList\",\"@id\":\"https:\/\/bvelo.pl\/de\/sklep\/erwachsene\/mann\/herren-sweatshirts\/herren-sweatshirt-in-oliv\/#breadcrumb\",\"itemListElement\":[{\"@type\":\"ListItem\",\"position\":1,\"name\":\"Startseite\",\"item\":\"https:\/\/bvelo.pl\/de\/\"},{\"@type\":\"ListItem\",\"position\":2,\"name\":\"Shop\",\"item\":\"https:\/\/bvelo.pl\/de\/shop\/\"},{\"@type\":\"ListItem\",\"position\":3,\"name\":\"Herren Sweatshirt olive\"}]},{\"@type\":\"WebSite\",\"@id\":\"https:\/\/bvelo.pl\/de\/#website\",\"url\":\"https:\/\/bvelo.pl\/de\/\",\"name\":\"Bvelo\",\"description\":\"Kolekcja Welurowa Dla Dzieci\",\"publisher\":{\"@id\":\"https:\/\/bvelo.pl\/de\/#organization\"},\"potentialAction\":[{\"@type\":\"SearchAction\",\"target\":{\"@type\":\"EntryPoint\",\"urlTemplate\":\"https:\/\/bvelo.pl\/de\/?s={search_term_string}\"},\"query-input\":\"required name=search_term_string\"}],\"inLanguage\":\"de\"},{\"@type\":\"Organization\",\"@id\":\"https:\/\/bvelo.pl\/de\/#organization\",\"name\":\"Bvelo - odzie\u017c welurowa dla dzieci\",\"alternateName\":\"Bvelo\",\"url\":\"https:\/\/bvelo.pl\/de\/\",\"logo\":{\"@type\":\"ImageObject\",\"inLanguage\":\"de\",\"@id\":\"https:\/\/bvelo.pl\/de\/#\/schema\/logo\/image\/\",\"url\":\"https:\/\/bvelo.pl\/wp-content\/uploads\/2024\/07\/bvelo_logo_yoast_organisation.png\",\"contentUrl\":\"https:\/\/bvelo.pl\/wp-content\/uploads\/2024\/07\/bvelo_logo_yoast_organisation.png\",\"width\":800,\"height\":800,\"caption\":\"Bvelo - odzie\u017c welurowa dla dzieci\"},\"image\":{\"@id\":\"https:\/\/bvelo.pl\/de\/#\/schema\/logo\/image\/\"}}]}<\/script>\n<!-- \/ Yoast SEO plugin. -->","yoast_head_json":{"title":"Herren Sweatshirt olive | Odzie\u017c premium dla dzieci | Sklep Online | BVELO","description":"BVELO \u27a4 Herren Sweatshirt olive w atrakcyjnej Cenie \u2714\ufe0f Mi\u0119kkie i wygodne dresy welurowe dla dzieci, idealne na ka\u017cd\u0105 okazj\u0119 \u2714\ufe0f Modne wzory i wysoka jako\u015b\u0107 materia\u0142\u00f3w, zapewniaj\u0105ce trwa\u0142o\u015b\u0107 i komfort \u2b50 Kup!","robots":{"index":"index","follow":"follow","max-snippet":"max-snippet:-1","max-image-preview":"max-image-preview:large","max-video-preview":"max-video-preview:-1"},"canonical":"https:\/\/bvelo.pl\/de\/sklep\/erwachsene\/mann\/herren-sweatshirts\/herren-sweatshirt-in-oliv\/","og_locale":"de_DE","og_type":"article","og_title":"Herren Sweatshirt olive | Odzie\u017c premium dla dzieci | Sklep Online | BVELO","og_description":"BVELO \u27a4 Herren Sweatshirt olive w atrakcyjnej Cenie \u2714\ufe0f Mi\u0119kkie i wygodne dresy welurowe dla dzieci, idealne na ka\u017cd\u0105 okazj\u0119 \u2714\ufe0f Modne wzory i wysoka jako\u015b\u0107 materia\u0142\u00f3w, zapewniaj\u0105ce trwa\u0142o\u015b\u0107 i komfort \u2b50 Kup!","og_url":"https:\/\/bvelo.pl\/de\/sklep\/erwachsene\/mann\/herren-sweatshirts\/herren-sweatshirt-in-oliv\/","og_site_name":"Bvelo","article_modified_time":"2026-01-22T13:57:57+00:00","og_image":[{"width":1638,"height":2048,"url":"https:\/\/bvelo.pl\/wp-content\/uploads\/2026\/01\/Obszar-roboczy-1.jpg","type":"image\/jpeg"}],"twitter_card":"summary_large_image","twitter_misc":{"Gesch\u00e4tzte Lesezeit":"1\u00a0Minute"},"schema":{"@context":"https:\/\/schema.org","@graph":[{"@type":["WebPage","ItemPage"],"@id":"https:\/\/bvelo.pl\/de\/sklep\/erwachsene\/mann\/herren-sweatshirts\/herren-sweatshirt-in-oliv\/","url":"https:\/\/bvelo.pl\/de\/sklep\/erwachsene\/mann\/herren-sweatshirts\/herren-sweatshirt-in-oliv\/","name":"Herren Sweatshirt olive | Odzie\u017c premium dla dzieci | Sklep Online | BVELO","isPartOf":{"@id":"https:\/\/bvelo.pl\/de\/#website"},"primaryImageOfPage":{"@id":"https:\/\/bvelo.pl\/de\/sklep\/erwachsene\/mann\/herren-sweatshirts\/herren-sweatshirt-in-oliv\/#primaryimage"},"image":{"@id":"https:\/\/bvelo.pl\/de\/sklep\/erwachsene\/mann\/herren-sweatshirts\/herren-sweatshirt-in-oliv\/#primaryimage"},"thumbnailUrl":"https:\/\/bvelo.pl\/wp-content\/uploads\/2026\/01\/juz_wkrotce_new1.jpg","datePublished":"2026-01-13T10:27:38+00:00","dateModified":"2026-01-22T13:57:57+00:00","description":"BVELO \u27a4 Herren Sweatshirt olive w atrakcyjnej Cenie \u2714\ufe0f Mi\u0119kkie i wygodne dresy welurowe dla dzieci, idealne na ka\u017cd\u0105 okazj\u0119 \u2714\ufe0f Modne wzory i wysoka jako\u015b\u0107 materia\u0142\u00f3w, zapewniaj\u0105ce trwa\u0142o\u015b\u0107 i komfort \u2b50 Kup!","breadcrumb":{"@id":"https:\/\/bvelo.pl\/de\/sklep\/erwachsene\/mann\/herren-sweatshirts\/herren-sweatshirt-in-oliv\/#breadcrumb"},"inLanguage":"de","potentialAction":[{"@type":"ReadAction","target":["https:\/\/bvelo.pl\/de\/sklep\/erwachsene\/mann\/herren-sweatshirts\/herren-sweatshirt-in-oliv\/"]}]},{"@type":"ImageObject","inLanguage":"de","@id":"https:\/\/bvelo.pl\/de\/sklep\/erwachsene\/mann\/herren-sweatshirts\/herren-sweatshirt-in-oliv\/#primaryimage","url":"https:\/\/bvelo.pl\/wp-content\/uploads\/2026\/01\/juz_wkrotce_new1.jpg","contentUrl":"https:\/\/bvelo.pl\/wp-content\/uploads\/2026\/01\/juz_wkrotce_new1.jpg","width":1638,"height":2048},{"@type":"BreadcrumbList","@id":"https:\/\/bvelo.pl\/de\/sklep\/erwachsene\/mann\/herren-sweatshirts\/herren-sweatshirt-in-oliv\/#breadcrumb","itemListElement":[{"@type":"ListItem","position":1,"name":"Startseite","item":"https:\/\/bvelo.pl\/de\/"},{"@type":"ListItem","position":2,"name":"Shop","item":"https:\/\/bvelo.pl\/de\/shop\/"},{"@type":"ListItem","position":3,"name":"Herren Sweatshirt olive"}]},{"@type":"WebSite","@id":"https:\/\/bvelo.pl\/de\/#website","url":"https:\/\/bvelo.pl\/de\/","name":"Bvelo","description":"Kolekcja Welurowa Dla Dzieci","publisher":{"@id":"https:\/\/bvelo.pl\/de\/#organization"},"potentialAction":[{"@type":"SearchAction","target":{"@type":"EntryPoint","urlTemplate":"https:\/\/bvelo.pl\/de\/?s={search_term_string}"},"query-input":"required name=search_term_string"}],"inLanguage":"de"},{"@type":"Organization","@id":"https:\/\/bvelo.pl\/de\/#organization","name":"Bvelo - odzie\u017c welurowa dla dzieci","alternateName":"Bvelo","url":"https:\/\/bvelo.pl\/de\/","logo":{"@type":"ImageObject","inLanguage":"de","@id":"https:\/\/bvelo.pl\/de\/#\/schema\/logo\/image\/","url":"https:\/\/bvelo.pl\/wp-content\/uploads\/2024\/07\/bvelo_logo_yoast_organisation.png","contentUrl":"https:\/\/bvelo.pl\/wp-content\/uploads\/2024\/07\/bvelo_logo_yoast_organisation.png","width":800,"height":800,"caption":"Bvelo - odzie\u017c welurowa dla dzieci"},"image":{"@id":"https:\/\/bvelo.pl\/de\/#\/schema\/logo\/image\/"}}]}},"_links":{"self":[{"href":"https:\/\/bvelo.pl\/de\/wp-json\/wp\/v2\/product\/3631"}],"collection":[{"href":"https:\/\/bvelo.pl\/de\/wp-json\/wp\/v2\/product"}],"about":[{"href":"https:\/\/bvelo.pl\/de\/wp-json\/wp\/v2\/types\/product"}],"replies":[{"embeddable":true,"href":"https:\/\/bvelo.pl\/de\/wp-json\/wp\/v2\/comments?post=3631"}],"wp:featuredmedia":[{"embeddable":true,"href":"https:\/\/bvelo.pl\/de\/wp-json\/wp\/v2\/media\/3726"}],"wp:attachment":[{"href":"https:\/\/bvelo.pl\/de\/wp-json\/wp\/v2\/media?parent=3631"}],"wp:term":[{"taxonomy":"product_cat","embeddable":true,"href":"https:\/\/bvelo.pl\/de\/wp-json\/wp\/v2\/product_cat?post=3631"},{"taxonomy":"product_tag","embeddable":true,"href":"https:\/\/bvelo.pl\/de\/wp-json\/wp\/v2\/product_tag?post=3631"}],"curies":[{"name":"wp","href":"https:\/\/api.w.org\/{rel}","templated":true}]}}