{"id":3062,"date":"2024-11-05T12:31:21","date_gmt":"2024-11-05T11:31:21","guid":{"rendered":"https:\/\/bvelo.pl\/sklepy-stacjonarne\/"},"modified":"2024-11-05T15:02:41","modified_gmt":"2024-11-05T14:02:41","slug":"stationary-stores","status":"publish","type":"page","link":"https:\/\/bvelo.pl\/en\/stationary-stores\/","title":{"rendered":"Stationary stores"},"content":{"rendered":"<p>The Bvelo brand, short for &#8220;baby velour&#8221;.<\/p>\n<p class=\"justify-mobile\">Any color and size from our collection can be purchased in our online store or stationary stores selected for you, such as:<\/p>\n<div class=\"shop-content-wrapper\">\n<div class=\"shop-content\">\n<div class=\"shop-name-wrapper\">\n<p>Kraina Szcz\u0119\u015bcia Concept Store<br \/>\nLocation: Galeria Klif Gdynia<br \/>\nAddress: Aleja Zwyci\u0119stwa 256, 81-525 Gdynia<\/p>\n<\/div>\n<div class=\"two-photos-right\"><img loading=\"lazy\" decoding=\"async\" class=\"alignright size-large wp-image-3037 lazyload\" data-src=\"https:\/\/bvelo.pl\/wp-content\/uploads\/2024\/11\/stacjonarne2-1024x444.jpg\" alt=\"\" width=\"500\" height=\"278\" src=\"data:image\/gif;base64,R0lGODlhAQABAAAAACH5BAEKAAEALAAAAAABAAEAAAICTAEAOw==\" style=\"--smush-placeholder-width: 500px; --smush-placeholder-aspect-ratio: 500\/278;\" \/><noscript><img loading=\"lazy\" decoding=\"async\" class=\"alignright size-large wp-image-3037\" src=\"https:\/\/bvelo.pl\/wp-content\/uploads\/2024\/11\/stacjonarne2-1024x444.jpg\" alt=\"\" width=\"500\" height=\"278\" \/><\/noscript><br \/>\n<img loading=\"lazy\" decoding=\"async\" class=\"alignright size-full wp-image-3033 lazyload\" data-src=\"https:\/\/bvelo.pl\/wp-content\/uploads\/2024\/11\/stacjonarne1.jpg\" alt=\"\" width=\"500\" height=\"626\" src=\"data:image\/gif;base64,R0lGODlhAQABAAAAACH5BAEKAAEALAAAAAABAAEAAAICTAEAOw==\" style=\"--smush-placeholder-width: 500px; --smush-placeholder-aspect-ratio: 500\/626;\" \/><noscript><img loading=\"lazy\" decoding=\"async\" class=\"alignright size-full wp-image-3033\" src=\"https:\/\/bvelo.pl\/wp-content\/uploads\/2024\/11\/stacjonarne1.jpg\" alt=\"\" width=\"500\" height=\"626\" \/><\/noscript><\/div>\n<\/div>\n<div class=\"maps-wrapper\"><iframe style=\"border: 0; width: 100%;\" data-src=\"https:\/\/www.google.com\/maps\/embed?pb=!1m18!1m12!1m3!1d2318.3557828658886!2d18.549367577412383!3d54.474304272637845!2m3!1f0!2f0!3f0!3m2!1i1024!2i768!4f13.1!3m3!1m2!1s0x46fda12005318b5b%3A0x16d09f2a9e62b109!2sKraina%20Szcz%C4%99%C5%9Bcia%20Concept%20Store%20Klif!5e0!3m2!1spl!2spl!4v1730801157734!5m2!1spl!2spl&#038;hl=en\" height=\"300\" allowfullscreen=\"allowfullscreen\" src=\"data:image\/gif;base64,R0lGODlhAQABAAAAACH5BAEKAAEALAAAAAABAAEAAAICTAEAOw==\" class=\"lazyload\" data-load-mode=\"1\"><\/iframe><\/div>\n<\/div>\n<p class=\"justify-mobile\">At BVELO, we create unique children&#8217;s clothing from high-quality cotton-based velour knitwear (so-called cotton velour). The high content of natural cotton makes the material extremely soft and velvety to the touch and at the same time the most friendly to sensitive children&#8217;s skin. It is a much better alternative to popular fabrics of a similar type, but based on polyester bases. Each piece of clothing taken from the needles of our machines is thoroughly verified in terms of quality and signed with the company&#8217;s embroidery. We have designed the cuts of our velour tracksuits so that they fit properly on the child and natural cotton cuffs hold the material in the right places, creating an oversize form. Details count for us! We pay great attention to the details and finishing of our tracksuits. We use the highest quality accessories such as zippers from a recognized brand from the USA, elastic and 100% cotton cuffs, in sweatshirts we use a chin guard and in trousers we use stoppers to facilitate tightening the belt. We sign each piece with our original embroidery. We believe that details matter!<\/p>\n","protected":false},"excerpt":{"rendered":"<p>The Bvelo brand, short for &#8220;baby velour&#8221;. Any color and size from our collection can be purchased in our online [&#8230;]<\/p>\n<p><a class=\"btn btn-secondary understrap-read-more-link\" href=\"https:\/\/bvelo.pl\/en\/stationary-stores\/\">Read More&#8230;<span class=\"screen-reader-text\"> from Stationary stores<\/span><\/a><\/p>\n","protected":false},"author":1,"featured_media":0,"parent":0,"menu_order":0,"comment_status":"closed","ping_status":"closed","template":"page-templates\/fullwidthpage.php","meta":{"_acf_changed":false,"inline_featured_image":false,"footnotes":""},"class_list":["post-3062","page","type-page","status-publish","hentry"],"acf":[],"yoast_head":"<!-- This site is optimized with the Yoast SEO plugin v22.9 - https:\/\/yoast.com\/wordpress\/plugins\/seo\/ -->\n<title>Stationary stores | BVELO<\/title>\n<meta name=\"description\" content=\"BVELO \u27a4 Stationary stores \u2714\ufe0f Mi\u0119kkie i wygodne dresy welurowe dla dzieci, idealne na ka\u017cd\u0105 okazj\u0119 \u2714\ufe0f Modne wzory i wysoka jako\u015b\u0107 materia\u0142\u00f3w, zapewniaj\u0105ce trwa\u0142o\u015b\u0107 i komfort \u2b50 Sprawd\u017a!\" \/>\n<meta name=\"robots\" content=\"index, follow, max-snippet:-1, max-image-preview:large, max-video-preview:-1\" \/>\n<link rel=\"canonical\" href=\"https:\/\/bvelo.pl\/en\/stationary-stores\/\" \/>\n<meta property=\"og:locale\" content=\"en_US\" \/>\n<meta property=\"og:type\" content=\"article\" \/>\n<meta property=\"og:title\" content=\"Stationary stores | BVELO\" \/>\n<meta property=\"og:description\" content=\"BVELO \u27a4 Stationary stores \u2714\ufe0f Mi\u0119kkie i wygodne dresy welurowe dla dzieci, idealne na ka\u017cd\u0105 okazj\u0119 \u2714\ufe0f Modne wzory i wysoka jako\u015b\u0107 materia\u0142\u00f3w, zapewniaj\u0105ce trwa\u0142o\u015b\u0107 i komfort \u2b50 Sprawd\u017a!\" \/>\n<meta property=\"og:url\" content=\"https:\/\/bvelo.pl\/en\/stationary-stores\/\" \/>\n<meta property=\"og:site_name\" content=\"Bvelo\" \/>\n<meta property=\"article:modified_time\" content=\"2024-11-05T14:02:41+00:00\" \/>\n<meta property=\"og:image\" content=\"https:\/\/bvelo.pl\/wp-content\/uploads\/2024\/11\/stacjonarne2-1024x444.jpg\" \/>\n<meta name=\"twitter:card\" content=\"summary_large_image\" \/>\n<meta name=\"twitter:label1\" content=\"Est. reading time\" \/>\n\t<meta name=\"twitter:data1\" content=\"2 minutes\" \/>\n<script type=\"application\/ld+json\" class=\"yoast-schema-graph\">{\"@context\":\"https:\/\/schema.org\",\"@graph\":[{\"@type\":\"WebPage\",\"@id\":\"https:\/\/bvelo.pl\/en\/stationary-stores\/\",\"url\":\"https:\/\/bvelo.pl\/en\/stationary-stores\/\",\"name\":\"Stationary stores | BVELO\",\"isPartOf\":{\"@id\":\"https:\/\/bvelo.pl\/en\/#website\"},\"primaryImageOfPage\":{\"@id\":\"https:\/\/bvelo.pl\/en\/stationary-stores\/#primaryimage\"},\"image\":{\"@id\":\"https:\/\/bvelo.pl\/en\/stationary-stores\/#primaryimage\"},\"thumbnailUrl\":\"https:\/\/bvelo.pl\/wp-content\/uploads\/2024\/11\/stacjonarne2-1024x444.jpg\",\"datePublished\":\"2024-11-05T11:31:21+00:00\",\"dateModified\":\"2024-11-05T14:02:41+00:00\",\"description\":\"BVELO \u27a4 Stationary stores \u2714\ufe0f Mi\u0119kkie i wygodne dresy welurowe dla dzieci, idealne na ka\u017cd\u0105 okazj\u0119 \u2714\ufe0f Modne wzory i wysoka jako\u015b\u0107 materia\u0142\u00f3w, zapewniaj\u0105ce trwa\u0142o\u015b\u0107 i komfort \u2b50 Sprawd\u017a!\",\"breadcrumb\":{\"@id\":\"https:\/\/bvelo.pl\/en\/stationary-stores\/#breadcrumb\"},\"inLanguage\":\"en-US\",\"potentialAction\":[{\"@type\":\"ReadAction\",\"target\":[\"https:\/\/bvelo.pl\/en\/stationary-stores\/\"]}]},{\"@type\":\"ImageObject\",\"inLanguage\":\"en-US\",\"@id\":\"https:\/\/bvelo.pl\/en\/stationary-stores\/#primaryimage\",\"url\":\"https:\/\/bvelo.pl\/wp-content\/uploads\/2024\/11\/stacjonarne2-1024x444.jpg\",\"contentUrl\":\"https:\/\/bvelo.pl\/wp-content\/uploads\/2024\/11\/stacjonarne2-1024x444.jpg\"},{\"@type\":\"BreadcrumbList\",\"@id\":\"https:\/\/bvelo.pl\/en\/stationary-stores\/#breadcrumb\",\"itemListElement\":[{\"@type\":\"ListItem\",\"position\":1,\"name\":\"Homepage\",\"item\":\"https:\/\/bvelo.pl\/en\/\"},{\"@type\":\"ListItem\",\"position\":2,\"name\":\"Stationary stores\"}]},{\"@type\":\"WebSite\",\"@id\":\"https:\/\/bvelo.pl\/en\/#website\",\"url\":\"https:\/\/bvelo.pl\/en\/\",\"name\":\"Bvelo\",\"description\":\"Kolekcja Welurowa Dla Dzieci\",\"publisher\":{\"@id\":\"https:\/\/bvelo.pl\/en\/#organization\"},\"potentialAction\":[{\"@type\":\"SearchAction\",\"target\":{\"@type\":\"EntryPoint\",\"urlTemplate\":\"https:\/\/bvelo.pl\/en\/?s={search_term_string}\"},\"query-input\":\"required name=search_term_string\"}],\"inLanguage\":\"en-US\"},{\"@type\":\"Organization\",\"@id\":\"https:\/\/bvelo.pl\/en\/#organization\",\"name\":\"Bvelo - odzie\u017c welurowa dla dzieci\",\"alternateName\":\"Bvelo\",\"url\":\"https:\/\/bvelo.pl\/en\/\",\"logo\":{\"@type\":\"ImageObject\",\"inLanguage\":\"en-US\",\"@id\":\"https:\/\/bvelo.pl\/en\/#\/schema\/logo\/image\/\",\"url\":\"https:\/\/bvelo.pl\/wp-content\/uploads\/2024\/07\/bvelo_logo_yoast_organisation.png\",\"contentUrl\":\"https:\/\/bvelo.pl\/wp-content\/uploads\/2024\/07\/bvelo_logo_yoast_organisation.png\",\"width\":800,\"height\":800,\"caption\":\"Bvelo - odzie\u017c welurowa dla dzieci\"},\"image\":{\"@id\":\"https:\/\/bvelo.pl\/en\/#\/schema\/logo\/image\/\"}}]}<\/script>\n<!-- \/ Yoast SEO plugin. -->","yoast_head_json":{"title":"Stationary stores | BVELO","description":"BVELO \u27a4 Stationary stores \u2714\ufe0f Mi\u0119kkie i wygodne dresy welurowe dla dzieci, idealne na ka\u017cd\u0105 okazj\u0119 \u2714\ufe0f Modne wzory i wysoka jako\u015b\u0107 materia\u0142\u00f3w, zapewniaj\u0105ce trwa\u0142o\u015b\u0107 i komfort \u2b50 Sprawd\u017a!","robots":{"index":"index","follow":"follow","max-snippet":"max-snippet:-1","max-image-preview":"max-image-preview:large","max-video-preview":"max-video-preview:-1"},"canonical":"https:\/\/bvelo.pl\/en\/stationary-stores\/","og_locale":"en_US","og_type":"article","og_title":"Stationary stores | BVELO","og_description":"BVELO \u27a4 Stationary stores \u2714\ufe0f Mi\u0119kkie i wygodne dresy welurowe dla dzieci, idealne na ka\u017cd\u0105 okazj\u0119 \u2714\ufe0f Modne wzory i wysoka jako\u015b\u0107 materia\u0142\u00f3w, zapewniaj\u0105ce trwa\u0142o\u015b\u0107 i komfort \u2b50 Sprawd\u017a!","og_url":"https:\/\/bvelo.pl\/en\/stationary-stores\/","og_site_name":"Bvelo","article_modified_time":"2024-11-05T14:02:41+00:00","og_image":[{"url":"https:\/\/bvelo.pl\/wp-content\/uploads\/2024\/11\/stacjonarne2-1024x444.jpg"}],"twitter_card":"summary_large_image","twitter_misc":{"Est. reading time":"2 minutes"},"schema":{"@context":"https:\/\/schema.org","@graph":[{"@type":"WebPage","@id":"https:\/\/bvelo.pl\/en\/stationary-stores\/","url":"https:\/\/bvelo.pl\/en\/stationary-stores\/","name":"Stationary stores | BVELO","isPartOf":{"@id":"https:\/\/bvelo.pl\/en\/#website"},"primaryImageOfPage":{"@id":"https:\/\/bvelo.pl\/en\/stationary-stores\/#primaryimage"},"image":{"@id":"https:\/\/bvelo.pl\/en\/stationary-stores\/#primaryimage"},"thumbnailUrl":"https:\/\/bvelo.pl\/wp-content\/uploads\/2024\/11\/stacjonarne2-1024x444.jpg","datePublished":"2024-11-05T11:31:21+00:00","dateModified":"2024-11-05T14:02:41+00:00","description":"BVELO \u27a4 Stationary stores \u2714\ufe0f Mi\u0119kkie i wygodne dresy welurowe dla dzieci, idealne na ka\u017cd\u0105 okazj\u0119 \u2714\ufe0f Modne wzory i wysoka jako\u015b\u0107 materia\u0142\u00f3w, zapewniaj\u0105ce trwa\u0142o\u015b\u0107 i komfort \u2b50 Sprawd\u017a!","breadcrumb":{"@id":"https:\/\/bvelo.pl\/en\/stationary-stores\/#breadcrumb"},"inLanguage":"en-US","potentialAction":[{"@type":"ReadAction","target":["https:\/\/bvelo.pl\/en\/stationary-stores\/"]}]},{"@type":"ImageObject","inLanguage":"en-US","@id":"https:\/\/bvelo.pl\/en\/stationary-stores\/#primaryimage","url":"https:\/\/bvelo.pl\/wp-content\/uploads\/2024\/11\/stacjonarne2-1024x444.jpg","contentUrl":"https:\/\/bvelo.pl\/wp-content\/uploads\/2024\/11\/stacjonarne2-1024x444.jpg"},{"@type":"BreadcrumbList","@id":"https:\/\/bvelo.pl\/en\/stationary-stores\/#breadcrumb","itemListElement":[{"@type":"ListItem","position":1,"name":"Homepage","item":"https:\/\/bvelo.pl\/en\/"},{"@type":"ListItem","position":2,"name":"Stationary stores"}]},{"@type":"WebSite","@id":"https:\/\/bvelo.pl\/en\/#website","url":"https:\/\/bvelo.pl\/en\/","name":"Bvelo","description":"Kolekcja Welurowa Dla Dzieci","publisher":{"@id":"https:\/\/bvelo.pl\/en\/#organization"},"potentialAction":[{"@type":"SearchAction","target":{"@type":"EntryPoint","urlTemplate":"https:\/\/bvelo.pl\/en\/?s={search_term_string}"},"query-input":"required name=search_term_string"}],"inLanguage":"en-US"},{"@type":"Organization","@id":"https:\/\/bvelo.pl\/en\/#organization","name":"Bvelo - odzie\u017c welurowa dla dzieci","alternateName":"Bvelo","url":"https:\/\/bvelo.pl\/en\/","logo":{"@type":"ImageObject","inLanguage":"en-US","@id":"https:\/\/bvelo.pl\/en\/#\/schema\/logo\/image\/","url":"https:\/\/bvelo.pl\/wp-content\/uploads\/2024\/07\/bvelo_logo_yoast_organisation.png","contentUrl":"https:\/\/bvelo.pl\/wp-content\/uploads\/2024\/07\/bvelo_logo_yoast_organisation.png","width":800,"height":800,"caption":"Bvelo - odzie\u017c welurowa dla dzieci"},"image":{"@id":"https:\/\/bvelo.pl\/en\/#\/schema\/logo\/image\/"}}]}},"_links":{"self":[{"href":"https:\/\/bvelo.pl\/en\/wp-json\/wp\/v2\/pages\/3062"}],"collection":[{"href":"https:\/\/bvelo.pl\/en\/wp-json\/wp\/v2\/pages"}],"about":[{"href":"https:\/\/bvelo.pl\/en\/wp-json\/wp\/v2\/types\/page"}],"author":[{"embeddable":true,"href":"https:\/\/bvelo.pl\/en\/wp-json\/wp\/v2\/users\/1"}],"replies":[{"embeddable":true,"href":"https:\/\/bvelo.pl\/en\/wp-json\/wp\/v2\/comments?post=3062"}],"version-history":[{"count":2,"href":"https:\/\/bvelo.pl\/en\/wp-json\/wp\/v2\/pages\/3062\/revisions"}],"predecessor-version":[{"id":3065,"href":"https:\/\/bvelo.pl\/en\/wp-json\/wp\/v2\/pages\/3062\/revisions\/3065"}],"wp:attachment":[{"href":"https:\/\/bvelo.pl\/en\/wp-json\/wp\/v2\/media?parent=3062"}],"curies":[{"name":"wp","href":"https:\/\/api.w.org\/{rel}","templated":true}]}}