{"id":3234,"date":"2025-06-13T09:33:08","date_gmt":"2025-06-13T07:33:08","guid":{"rendered":"https:\/\/bvelo.pl\/favorite-products\/"},"modified":"2025-06-13T10:22:11","modified_gmt":"2025-06-13T08:22:11","slug":"wishlist","status":"publish","type":"page","link":"https:\/\/bvelo.pl\/en\/wishlist\/","title":{"rendered":"Favorite products"},"content":{"rendered":"\n\n<div class=\"alg-wc-wl-view-table-container \">\n\t<i class=\"ajax-loading-icon fa fa-refresh fa-spin fa-3x\"><\/i>\n\t<style type=\"text\/css\" scoped>\n\t\t.added_to_cart.wc-forward {\n\t\t\tdisplay: none;\n\t\t}\n\n\t\t.ajax-loading {\n\t\t\tposition: relative;\n\t\t}\n\n\t\t.ajax-loading:before {\n\t\t\tbackground: #fff;\n\t\t\twidth: 100%;\n\t\t\theight: 100%;\n\t\t\tposition: absolute;\n\t\t\tleft: 0;\n\t\t\ttop: 0;\n\t\t\topacity: 0.5;\n\t\t\tcontent: ' ';\n\t\t\tdisplay: block;\n\t\t\tz-index: 999;\n\t\t}\n\n\t\t.alg-wc-wl-view-table-container .ajax-loading-icon {\n\t\t\tdisplay: none;\n\t\t}\n\n\t\t.ajax-loading .ajax-loading-icon {\n\t\t\tdisplay: block;\n\t\t\tleft: 50%;\n\t\t\tmargin-left: -20px;\n\t\t\tmargin-top: -5px;\n\t\t\ttop: 50%;\n\t\t\tposition: absolute;\n\t\t\tz-index: 9999;\n\t\t}\n\n\t\t\/* Style tab links *\/\n\t\t.alg-wc-wl-tab {\n\t\t\twidth:100%;\n\t\t\tdisplay: flex;\n\t\t\tflex-wrap: wrap;\n\t\t\tgap: 3px;\n\t\t}\n\n\t\t.alg-wc-wl-tablink {\n\t\t\tbackground-color: #ffffff;\n\t\t\tcolor: #000;\n\t\t\tfloat: left;\n\t\t\tborder: none;\n\t\t\toutline: none;\n\t\t\tcursor: pointer;\n\t\t\tpadding: 14px 20px;\n\t\t\tfont-size: 17px;\n\t\t}\n\n\t\t.alg-wc-wl-tablink:hover, .alg-wc-wl-tablink.active {;\n\t\t\tcolor: #000;\n\t\t\tbackground-color: #ffffff;\n\t\t}\n\n\t\t.col-20per {\n\t\t\tborder-right: 1px solid#000;\n\t\t}\n\n\t\t.alg-wc-delete-wishlist {\n\t\t\twidth: 100%;\n\t\t\tmargin-top: 20px;\n\t\t\ttext-align: right;\n\t\t}\n\n\t\t.alg-wc-delete-wishlist a {\n\t\t\tbackground-color: #DC3232;\n\t\t\tcolor: white;\n\t\t}\n\t<\/style>\n\t\t<div style=\"clear:both;\"><\/div>\n\t\t<div class=\"alg-wc-delete-wishlist\">\n\t\t\t\t\t<\/div>\n\t<div style=\"clear:both;\"><\/div>\n\t\n\t\t\t<div class=\"alg-wc-wl-empty-wishlist\"\n\t\t\t style=\"display:block\">\n\t\t\tWishlist is empty.\t\t<\/div>\n\t<\/div>\n","protected":false},"excerpt":{"rendered":"<p> [&#8230;]<\/p>\n<p><a class=\"btn btn-secondary understrap-read-more-link\" href=\"https:\/\/bvelo.pl\/en\/wishlist\/\">Read More&#8230;<span class=\"screen-reader-text\"> from Favorite products<\/span><\/a><\/p>\n","protected":false},"author":1,"featured_media":0,"parent":0,"menu_order":0,"comment_status":"closed","ping_status":"closed","template":"","meta":{"_acf_changed":false,"inline_featured_image":false,"footnotes":""},"class_list":["post-3234","page","type-page","status-publish","hentry"],"acf":[],"yoast_head":"<!-- This site is optimized with the Yoast SEO plugin v22.9 - https:\/\/yoast.com\/wordpress\/plugins\/seo\/ -->\n<title>Favorite products | BVELO<\/title>\n<meta name=\"description\" content=\"BVELO \u27a4 Favorite products \u2714\ufe0f Mi\u0119kkie i wygodne dresy welurowe dla dzieci, idealne na ka\u017cd\u0105 okazj\u0119 \u2714\ufe0f Modne wzory i wysoka jako\u015b\u0107 materia\u0142\u00f3w, zapewniaj\u0105ce trwa\u0142o\u015b\u0107 i komfort \u2b50 Sprawd\u017a!\" \/>\n<meta name=\"robots\" content=\"index, follow, max-snippet:-1, max-image-preview:large, max-video-preview:-1\" \/>\n<link rel=\"canonical\" href=\"https:\/\/bvelo.pl\/en\/wishlist\/\" \/>\n<meta property=\"og:locale\" content=\"en_US\" \/>\n<meta property=\"og:type\" content=\"article\" \/>\n<meta property=\"og:title\" content=\"Favorite products | BVELO\" \/>\n<meta property=\"og:description\" content=\"BVELO \u27a4 Favorite products \u2714\ufe0f Mi\u0119kkie i wygodne dresy welurowe dla dzieci, idealne na ka\u017cd\u0105 okazj\u0119 \u2714\ufe0f Modne wzory i wysoka jako\u015b\u0107 materia\u0142\u00f3w, zapewniaj\u0105ce trwa\u0142o\u015b\u0107 i komfort \u2b50 Sprawd\u017a!\" \/>\n<meta property=\"og:url\" content=\"https:\/\/bvelo.pl\/en\/wishlist\/\" \/>\n<meta property=\"og:site_name\" content=\"Bvelo\" \/>\n<meta property=\"article:modified_time\" content=\"2025-06-13T08:22:11+00:00\" \/>\n<meta name=\"twitter:card\" content=\"summary_large_image\" \/>\n<meta name=\"twitter:label1\" content=\"Est. reading time\" \/>\n\t<meta name=\"twitter:data1\" content=\"1 minute\" \/>\n<script type=\"application\/ld+json\" class=\"yoast-schema-graph\">{\"@context\":\"https:\/\/schema.org\",\"@graph\":[{\"@type\":\"WebPage\",\"@id\":\"https:\/\/bvelo.pl\/en\/wishlist\/\",\"url\":\"https:\/\/bvelo.pl\/en\/wishlist\/\",\"name\":\"Favorite products | BVELO\",\"isPartOf\":{\"@id\":\"https:\/\/bvelo.pl\/en\/#website\"},\"datePublished\":\"2025-06-13T07:33:08+00:00\",\"dateModified\":\"2025-06-13T08:22:11+00:00\",\"description\":\"BVELO \u27a4 Favorite products \u2714\ufe0f Mi\u0119kkie i wygodne dresy welurowe dla dzieci, idealne na ka\u017cd\u0105 okazj\u0119 \u2714\ufe0f Modne wzory i wysoka jako\u015b\u0107 materia\u0142\u00f3w, zapewniaj\u0105ce trwa\u0142o\u015b\u0107 i komfort \u2b50 Sprawd\u017a!\",\"breadcrumb\":{\"@id\":\"https:\/\/bvelo.pl\/en\/wishlist\/#breadcrumb\"},\"inLanguage\":\"en-US\",\"potentialAction\":[{\"@type\":\"ReadAction\",\"target\":[\"https:\/\/bvelo.pl\/en\/wishlist\/\"]}]},{\"@type\":\"BreadcrumbList\",\"@id\":\"https:\/\/bvelo.pl\/en\/wishlist\/#breadcrumb\",\"itemListElement\":[{\"@type\":\"ListItem\",\"position\":1,\"name\":\"Homepage\",\"item\":\"https:\/\/bvelo.pl\/en\/\"},{\"@type\":\"ListItem\",\"position\":2,\"name\":\"Favorite products\"}]},{\"@type\":\"WebSite\",\"@id\":\"https:\/\/bvelo.pl\/en\/#website\",\"url\":\"https:\/\/bvelo.pl\/en\/\",\"name\":\"Bvelo\",\"description\":\"Kolekcja Welurowa Dla Dzieci\",\"publisher\":{\"@id\":\"https:\/\/bvelo.pl\/en\/#organization\"},\"potentialAction\":[{\"@type\":\"SearchAction\",\"target\":{\"@type\":\"EntryPoint\",\"urlTemplate\":\"https:\/\/bvelo.pl\/en\/?s={search_term_string}\"},\"query-input\":\"required name=search_term_string\"}],\"inLanguage\":\"en-US\"},{\"@type\":\"Organization\",\"@id\":\"https:\/\/bvelo.pl\/en\/#organization\",\"name\":\"Bvelo - odzie\u017c welurowa dla dzieci\",\"alternateName\":\"Bvelo\",\"url\":\"https:\/\/bvelo.pl\/en\/\",\"logo\":{\"@type\":\"ImageObject\",\"inLanguage\":\"en-US\",\"@id\":\"https:\/\/bvelo.pl\/en\/#\/schema\/logo\/image\/\",\"url\":\"https:\/\/bvelo.pl\/wp-content\/uploads\/2024\/07\/bvelo_logo_yoast_organisation.png\",\"contentUrl\":\"https:\/\/bvelo.pl\/wp-content\/uploads\/2024\/07\/bvelo_logo_yoast_organisation.png\",\"width\":800,\"height\":800,\"caption\":\"Bvelo - odzie\u017c welurowa dla dzieci\"},\"image\":{\"@id\":\"https:\/\/bvelo.pl\/en\/#\/schema\/logo\/image\/\"}}]}<\/script>\n<!-- \/ Yoast SEO plugin. -->","yoast_head_json":{"title":"Favorite products | BVELO","description":"BVELO \u27a4 Favorite products \u2714\ufe0f Mi\u0119kkie i wygodne dresy welurowe dla dzieci, idealne na ka\u017cd\u0105 okazj\u0119 \u2714\ufe0f Modne wzory i wysoka jako\u015b\u0107 materia\u0142\u00f3w, zapewniaj\u0105ce trwa\u0142o\u015b\u0107 i komfort \u2b50 Sprawd\u017a!","robots":{"index":"index","follow":"follow","max-snippet":"max-snippet:-1","max-image-preview":"max-image-preview:large","max-video-preview":"max-video-preview:-1"},"canonical":"https:\/\/bvelo.pl\/en\/wishlist\/","og_locale":"en_US","og_type":"article","og_title":"Favorite products | BVELO","og_description":"BVELO \u27a4 Favorite products \u2714\ufe0f Mi\u0119kkie i wygodne dresy welurowe dla dzieci, idealne na ka\u017cd\u0105 okazj\u0119 \u2714\ufe0f Modne wzory i wysoka jako\u015b\u0107 materia\u0142\u00f3w, zapewniaj\u0105ce trwa\u0142o\u015b\u0107 i komfort \u2b50 Sprawd\u017a!","og_url":"https:\/\/bvelo.pl\/en\/wishlist\/","og_site_name":"Bvelo","article_modified_time":"2025-06-13T08:22:11+00:00","twitter_card":"summary_large_image","twitter_misc":{"Est. reading time":"1 minute"},"schema":{"@context":"https:\/\/schema.org","@graph":[{"@type":"WebPage","@id":"https:\/\/bvelo.pl\/en\/wishlist\/","url":"https:\/\/bvelo.pl\/en\/wishlist\/","name":"Favorite products | BVELO","isPartOf":{"@id":"https:\/\/bvelo.pl\/en\/#website"},"datePublished":"2025-06-13T07:33:08+00:00","dateModified":"2025-06-13T08:22:11+00:00","description":"BVELO \u27a4 Favorite products \u2714\ufe0f Mi\u0119kkie i wygodne dresy welurowe dla dzieci, idealne na ka\u017cd\u0105 okazj\u0119 \u2714\ufe0f Modne wzory i wysoka jako\u015b\u0107 materia\u0142\u00f3w, zapewniaj\u0105ce trwa\u0142o\u015b\u0107 i komfort \u2b50 Sprawd\u017a!","breadcrumb":{"@id":"https:\/\/bvelo.pl\/en\/wishlist\/#breadcrumb"},"inLanguage":"en-US","potentialAction":[{"@type":"ReadAction","target":["https:\/\/bvelo.pl\/en\/wishlist\/"]}]},{"@type":"BreadcrumbList","@id":"https:\/\/bvelo.pl\/en\/wishlist\/#breadcrumb","itemListElement":[{"@type":"ListItem","position":1,"name":"Homepage","item":"https:\/\/bvelo.pl\/en\/"},{"@type":"ListItem","position":2,"name":"Favorite products"}]},{"@type":"WebSite","@id":"https:\/\/bvelo.pl\/en\/#website","url":"https:\/\/bvelo.pl\/en\/","name":"Bvelo","description":"Kolekcja Welurowa Dla Dzieci","publisher":{"@id":"https:\/\/bvelo.pl\/en\/#organization"},"potentialAction":[{"@type":"SearchAction","target":{"@type":"EntryPoint","urlTemplate":"https:\/\/bvelo.pl\/en\/?s={search_term_string}"},"query-input":"required name=search_term_string"}],"inLanguage":"en-US"},{"@type":"Organization","@id":"https:\/\/bvelo.pl\/en\/#organization","name":"Bvelo - odzie\u017c welurowa dla dzieci","alternateName":"Bvelo","url":"https:\/\/bvelo.pl\/en\/","logo":{"@type":"ImageObject","inLanguage":"en-US","@id":"https:\/\/bvelo.pl\/en\/#\/schema\/logo\/image\/","url":"https:\/\/bvelo.pl\/wp-content\/uploads\/2024\/07\/bvelo_logo_yoast_organisation.png","contentUrl":"https:\/\/bvelo.pl\/wp-content\/uploads\/2024\/07\/bvelo_logo_yoast_organisation.png","width":800,"height":800,"caption":"Bvelo - odzie\u017c welurowa dla dzieci"},"image":{"@id":"https:\/\/bvelo.pl\/en\/#\/schema\/logo\/image\/"}}]}},"_links":{"self":[{"href":"https:\/\/bvelo.pl\/en\/wp-json\/wp\/v2\/pages\/3234"}],"collection":[{"href":"https:\/\/bvelo.pl\/en\/wp-json\/wp\/v2\/pages"}],"about":[{"href":"https:\/\/bvelo.pl\/en\/wp-json\/wp\/v2\/types\/page"}],"author":[{"embeddable":true,"href":"https:\/\/bvelo.pl\/en\/wp-json\/wp\/v2\/users\/1"}],"replies":[{"embeddable":true,"href":"https:\/\/bvelo.pl\/en\/wp-json\/wp\/v2\/comments?post=3234"}],"version-history":[{"count":1,"href":"https:\/\/bvelo.pl\/en\/wp-json\/wp\/v2\/pages\/3234\/revisions"}],"predecessor-version":[{"id":3237,"href":"https:\/\/bvelo.pl\/en\/wp-json\/wp\/v2\/pages\/3234\/revisions\/3237"}],"wp:attachment":[{"href":"https:\/\/bvelo.pl\/en\/wp-json\/wp\/v2\/media?parent=3234"}],"curies":[{"name":"wp","href":"https:\/\/api.w.org\/{rel}","templated":true}]}}