{"id":3574,"date":"2026-01-13T12:42:54","date_gmt":"2026-01-13T11:42:54","guid":{"rendered":"https:\/\/bvelo.pl\/sklep\/uncategorized\/womens-navy-blue-pants\/"},"modified":"2026-01-22T15:05:34","modified_gmt":"2026-01-22T14:05:34","slug":"womens-navy-blue-pants","status":"publish","type":"product","link":"https:\/\/bvelo.pl\/en\/sklep\/adults\/woman\/womens-pants\/womens-navy-blue-pants\/","title":{"rendered":"Women&#8217;s pants navy blue"},"content":{"rendered":"<p>Women&#8217;s velour pants with a bell cut. Elastic waistband with additional drawstring hidden on the inside.  There are inset pockets on the front. Signed with high-quality embroidery in the color of the pants.<\/p>\n<p>Our pants are sewn from cotton velour with a composition of 80% cotton and 20% polyester. The high cotton content makes the fabric &#8220;breathable&#8221; and extremely pleasant to the touch, and thanks to the polyester reinforcement, it is more durable and does not crease.<\/p>\n<p>Manufactured in Poland.<\/p>\n","protected":false},"excerpt":{"rendered":"<div class=\"other-product-bvelo\">\n<p><span style=\"font-size: 17px;\">Women&#8217;s velour pants with a bell cut. Elastic waistband with additional drawstring hidden on the inside.  There are inset pockets on the front. Signed with high-quality embroidery in the color of the pants.<\/span><\/p>\n<\/div>\n<p style=\"font-size: 17px;\">Our pants are sewn from cotton velour with a composition of 80% cotton and 20% polyester. The high cotton content makes the fabric &#8220;breathable&#8221; and extremely pleasant to the touch, and thanks to the polyester reinforcement, it is more durable and does not crease.<\/p>\n<p style=\"font-size: 17px;\">Manufactured in Poland.<\/p>\n<p> [&#8230;]<\/p>\n<p><a class=\"btn btn-secondary understrap-read-more-link\" href=\"https:\/\/bvelo.pl\/en\/sklep\/adults\/woman\/womens-pants\/womens-navy-blue-pants\/\">Read More&#8230;<span class=\"screen-reader-text\"> from Women&#8217;s pants navy blue<\/span><\/a><\/p>\n","protected":false},"featured_media":3725,"comment_status":"open","ping_status":"closed","template":"","meta":{"_acf_changed":false,"inline_featured_image":false},"product_cat":[152,153,155],"product_tag":[],"class_list":{"0":"post-3574","1":"product","2":"type-product","3":"status-publish","4":"has-post-thumbnail","6":"product_cat-adults","7":"product_cat-woman","8":"product_cat-womens-pants","10":"first","11":"instock","12":"taxable","13":"shipping-taxable","14":"purchasable","15":"product-type-variable"},"acf":[],"yoast_head":"<!-- This site is optimized with the Yoast SEO plugin v22.9 - https:\/\/yoast.com\/wordpress\/plugins\/seo\/ -->\n<title>Women&#8217;s pants navy blue | Odzie\u017c premium dla dzieci | Sklep Online | BVELO<\/title>\n<meta name=\"description\" content=\"BVELO \u27a4 Women&#8217;s pants navy blue w atrakcyjnej Cenie \u2714\ufe0f Mi\u0119kkie i wygodne dresy welurowe dla dzieci, idealne na ka\u017cd\u0105 okazj\u0119 \u2714\ufe0f Modne wzory i wysoka jako\u015b\u0107 materia\u0142\u00f3w, zapewniaj\u0105ce trwa\u0142o\u015b\u0107 i komfort \u2b50 Kup!\" \/>\n<meta name=\"robots\" content=\"index, follow, max-snippet:-1, max-image-preview:large, max-video-preview:-1\" \/>\n<link rel=\"canonical\" href=\"https:\/\/bvelo.pl\/en\/sklep\/adults\/woman\/womens-pants\/womens-navy-blue-pants\/\" \/>\n<meta property=\"og:locale\" content=\"en_US\" \/>\n<meta property=\"og:type\" content=\"article\" \/>\n<meta property=\"og:title\" content=\"Women&#8217;s pants navy blue | Odzie\u017c premium dla dzieci | Sklep Online | BVELO\" \/>\n<meta property=\"og:description\" content=\"BVELO \u27a4 Women&#8217;s pants navy blue w atrakcyjnej Cenie \u2714\ufe0f Mi\u0119kkie i wygodne dresy welurowe dla dzieci, idealne na ka\u017cd\u0105 okazj\u0119 \u2714\ufe0f Modne wzory i wysoka jako\u015b\u0107 materia\u0142\u00f3w, zapewniaj\u0105ce trwa\u0142o\u015b\u0107 i komfort \u2b50 Kup!\" \/>\n<meta property=\"og:url\" content=\"https:\/\/bvelo.pl\/en\/sklep\/adults\/woman\/womens-pants\/womens-navy-blue-pants\/\" \/>\n<meta property=\"og:site_name\" content=\"Bvelo\" \/>\n<meta property=\"article:modified_time\" content=\"2026-01-22T14:05:34+00:00\" \/>\n<meta property=\"og:image\" content=\"https:\/\/bvelo.pl\/wp-content\/uploads\/2026\/01\/juz_wkrotce_new.jpg\" \/>\n\t<meta property=\"og:image:width\" content=\"1638\" \/>\n\t<meta property=\"og:image:height\" content=\"2048\" \/>\n\t<meta property=\"og:image:type\" content=\"image\/jpeg\" \/>\n<meta name=\"twitter:card\" content=\"summary_large_image\" \/>\n<meta name=\"twitter:label1\" content=\"Est. reading time\" \/>\n\t<meta name=\"twitter:data1\" content=\"1 minute\" \/>\n<script type=\"application\/ld+json\" class=\"yoast-schema-graph\">{\"@context\":\"https:\/\/schema.org\",\"@graph\":[{\"@type\":[\"WebPage\",\"ItemPage\"],\"@id\":\"https:\/\/bvelo.pl\/en\/sklep\/adults\/woman\/womens-pants\/womens-navy-blue-pants\/\",\"url\":\"https:\/\/bvelo.pl\/en\/sklep\/adults\/woman\/womens-pants\/womens-navy-blue-pants\/\",\"name\":\"Women&#8217;s pants navy blue | Odzie\u017c premium dla dzieci | Sklep Online | BVELO\",\"isPartOf\":{\"@id\":\"https:\/\/bvelo.pl\/en\/#website\"},\"primaryImageOfPage\":{\"@id\":\"https:\/\/bvelo.pl\/en\/sklep\/adults\/woman\/womens-pants\/womens-navy-blue-pants\/#primaryimage\"},\"image\":{\"@id\":\"https:\/\/bvelo.pl\/en\/sklep\/adults\/woman\/womens-pants\/womens-navy-blue-pants\/#primaryimage\"},\"thumbnailUrl\":\"https:\/\/bvelo.pl\/wp-content\/uploads\/2026\/01\/juz_wkrotce_new1.jpg\",\"datePublished\":\"2026-01-13T11:42:54+00:00\",\"dateModified\":\"2026-01-22T14:05:34+00:00\",\"description\":\"BVELO \u27a4 Women&#8217;s pants navy blue w atrakcyjnej Cenie \u2714\ufe0f Mi\u0119kkie i wygodne dresy welurowe dla dzieci, idealne na ka\u017cd\u0105 okazj\u0119 \u2714\ufe0f Modne wzory i wysoka jako\u015b\u0107 materia\u0142\u00f3w, zapewniaj\u0105ce trwa\u0142o\u015b\u0107 i komfort \u2b50 Kup!\",\"breadcrumb\":{\"@id\":\"https:\/\/bvelo.pl\/en\/sklep\/adults\/woman\/womens-pants\/womens-navy-blue-pants\/#breadcrumb\"},\"inLanguage\":\"en-US\",\"potentialAction\":[{\"@type\":\"ReadAction\",\"target\":[\"https:\/\/bvelo.pl\/en\/sklep\/adults\/woman\/womens-pants\/womens-navy-blue-pants\/\"]}]},{\"@type\":\"ImageObject\",\"inLanguage\":\"en-US\",\"@id\":\"https:\/\/bvelo.pl\/en\/sklep\/adults\/woman\/womens-pants\/womens-navy-blue-pants\/#primaryimage\",\"url\":\"https:\/\/bvelo.pl\/wp-content\/uploads\/2026\/01\/juz_wkrotce_new1.jpg\",\"contentUrl\":\"https:\/\/bvelo.pl\/wp-content\/uploads\/2026\/01\/juz_wkrotce_new1.jpg\",\"width\":1638,\"height\":2048},{\"@type\":\"BreadcrumbList\",\"@id\":\"https:\/\/bvelo.pl\/en\/sklep\/adults\/woman\/womens-pants\/womens-navy-blue-pants\/#breadcrumb\",\"itemListElement\":[{\"@type\":\"ListItem\",\"position\":1,\"name\":\"Homepage\",\"item\":\"https:\/\/bvelo.pl\/en\/\"},{\"@type\":\"ListItem\",\"position\":2,\"name\":\"Store\",\"item\":\"https:\/\/bvelo.pl\/en\/shop\/\"},{\"@type\":\"ListItem\",\"position\":3,\"name\":\"Women&#8217;s pants navy blue\"}]},{\"@type\":\"WebSite\",\"@id\":\"https:\/\/bvelo.pl\/en\/#website\",\"url\":\"https:\/\/bvelo.pl\/en\/\",\"name\":\"Bvelo\",\"description\":\"Kolekcja Welurowa Dla Dzieci\",\"publisher\":{\"@id\":\"https:\/\/bvelo.pl\/en\/#organization\"},\"potentialAction\":[{\"@type\":\"SearchAction\",\"target\":{\"@type\":\"EntryPoint\",\"urlTemplate\":\"https:\/\/bvelo.pl\/en\/?s={search_term_string}\"},\"query-input\":\"required name=search_term_string\"}],\"inLanguage\":\"en-US\"},{\"@type\":\"Organization\",\"@id\":\"https:\/\/bvelo.pl\/en\/#organization\",\"name\":\"Bvelo - odzie\u017c welurowa dla dzieci\",\"alternateName\":\"Bvelo\",\"url\":\"https:\/\/bvelo.pl\/en\/\",\"logo\":{\"@type\":\"ImageObject\",\"inLanguage\":\"en-US\",\"@id\":\"https:\/\/bvelo.pl\/en\/#\/schema\/logo\/image\/\",\"url\":\"https:\/\/bvelo.pl\/wp-content\/uploads\/2024\/07\/bvelo_logo_yoast_organisation.png\",\"contentUrl\":\"https:\/\/bvelo.pl\/wp-content\/uploads\/2024\/07\/bvelo_logo_yoast_organisation.png\",\"width\":800,\"height\":800,\"caption\":\"Bvelo - odzie\u017c welurowa dla dzieci\"},\"image\":{\"@id\":\"https:\/\/bvelo.pl\/en\/#\/schema\/logo\/image\/\"}}]}<\/script>\n<!-- \/ Yoast SEO plugin. -->","yoast_head_json":{"title":"Women&#8217;s pants navy blue | Odzie\u017c premium dla dzieci | Sklep Online | BVELO","description":"BVELO \u27a4 Women&#8217;s pants navy blue w atrakcyjnej Cenie \u2714\ufe0f Mi\u0119kkie i wygodne dresy welurowe dla dzieci, idealne na ka\u017cd\u0105 okazj\u0119 \u2714\ufe0f Modne wzory i wysoka jako\u015b\u0107 materia\u0142\u00f3w, zapewniaj\u0105ce trwa\u0142o\u015b\u0107 i komfort \u2b50 Kup!","robots":{"index":"index","follow":"follow","max-snippet":"max-snippet:-1","max-image-preview":"max-image-preview:large","max-video-preview":"max-video-preview:-1"},"canonical":"https:\/\/bvelo.pl\/en\/sklep\/adults\/woman\/womens-pants\/womens-navy-blue-pants\/","og_locale":"en_US","og_type":"article","og_title":"Women&#8217;s pants navy blue | Odzie\u017c premium dla dzieci | Sklep Online | BVELO","og_description":"BVELO \u27a4 Women&#8217;s pants navy blue w atrakcyjnej Cenie \u2714\ufe0f Mi\u0119kkie i wygodne dresy welurowe dla dzieci, idealne na ka\u017cd\u0105 okazj\u0119 \u2714\ufe0f Modne wzory i wysoka jako\u015b\u0107 materia\u0142\u00f3w, zapewniaj\u0105ce trwa\u0142o\u015b\u0107 i komfort \u2b50 Kup!","og_url":"https:\/\/bvelo.pl\/en\/sklep\/adults\/woman\/womens-pants\/womens-navy-blue-pants\/","og_site_name":"Bvelo","article_modified_time":"2026-01-22T14:05:34+00:00","og_image":[{"width":1638,"height":2048,"url":"https:\/\/bvelo.pl\/wp-content\/uploads\/2026\/01\/juz_wkrotce_new.jpg","type":"image\/jpeg"}],"twitter_card":"summary_large_image","twitter_misc":{"Est. reading time":"1 minute"},"schema":{"@context":"https:\/\/schema.org","@graph":[{"@type":["WebPage","ItemPage"],"@id":"https:\/\/bvelo.pl\/en\/sklep\/adults\/woman\/womens-pants\/womens-navy-blue-pants\/","url":"https:\/\/bvelo.pl\/en\/sklep\/adults\/woman\/womens-pants\/womens-navy-blue-pants\/","name":"Women&#8217;s pants navy blue | Odzie\u017c premium dla dzieci | Sklep Online | BVELO","isPartOf":{"@id":"https:\/\/bvelo.pl\/en\/#website"},"primaryImageOfPage":{"@id":"https:\/\/bvelo.pl\/en\/sklep\/adults\/woman\/womens-pants\/womens-navy-blue-pants\/#primaryimage"},"image":{"@id":"https:\/\/bvelo.pl\/en\/sklep\/adults\/woman\/womens-pants\/womens-navy-blue-pants\/#primaryimage"},"thumbnailUrl":"https:\/\/bvelo.pl\/wp-content\/uploads\/2026\/01\/juz_wkrotce_new1.jpg","datePublished":"2026-01-13T11:42:54+00:00","dateModified":"2026-01-22T14:05:34+00:00","description":"BVELO \u27a4 Women&#8217;s pants navy blue w atrakcyjnej Cenie \u2714\ufe0f Mi\u0119kkie i wygodne dresy welurowe dla dzieci, idealne na ka\u017cd\u0105 okazj\u0119 \u2714\ufe0f Modne wzory i wysoka jako\u015b\u0107 materia\u0142\u00f3w, zapewniaj\u0105ce trwa\u0142o\u015b\u0107 i komfort \u2b50 Kup!","breadcrumb":{"@id":"https:\/\/bvelo.pl\/en\/sklep\/adults\/woman\/womens-pants\/womens-navy-blue-pants\/#breadcrumb"},"inLanguage":"en-US","potentialAction":[{"@type":"ReadAction","target":["https:\/\/bvelo.pl\/en\/sklep\/adults\/woman\/womens-pants\/womens-navy-blue-pants\/"]}]},{"@type":"ImageObject","inLanguage":"en-US","@id":"https:\/\/bvelo.pl\/en\/sklep\/adults\/woman\/womens-pants\/womens-navy-blue-pants\/#primaryimage","url":"https:\/\/bvelo.pl\/wp-content\/uploads\/2026\/01\/juz_wkrotce_new1.jpg","contentUrl":"https:\/\/bvelo.pl\/wp-content\/uploads\/2026\/01\/juz_wkrotce_new1.jpg","width":1638,"height":2048},{"@type":"BreadcrumbList","@id":"https:\/\/bvelo.pl\/en\/sklep\/adults\/woman\/womens-pants\/womens-navy-blue-pants\/#breadcrumb","itemListElement":[{"@type":"ListItem","position":1,"name":"Homepage","item":"https:\/\/bvelo.pl\/en\/"},{"@type":"ListItem","position":2,"name":"Store","item":"https:\/\/bvelo.pl\/en\/shop\/"},{"@type":"ListItem","position":3,"name":"Women&#8217;s pants navy blue"}]},{"@type":"WebSite","@id":"https:\/\/bvelo.pl\/en\/#website","url":"https:\/\/bvelo.pl\/en\/","name":"Bvelo","description":"Kolekcja Welurowa Dla Dzieci","publisher":{"@id":"https:\/\/bvelo.pl\/en\/#organization"},"potentialAction":[{"@type":"SearchAction","target":{"@type":"EntryPoint","urlTemplate":"https:\/\/bvelo.pl\/en\/?s={search_term_string}"},"query-input":"required name=search_term_string"}],"inLanguage":"en-US"},{"@type":"Organization","@id":"https:\/\/bvelo.pl\/en\/#organization","name":"Bvelo - odzie\u017c welurowa dla dzieci","alternateName":"Bvelo","url":"https:\/\/bvelo.pl\/en\/","logo":{"@type":"ImageObject","inLanguage":"en-US","@id":"https:\/\/bvelo.pl\/en\/#\/schema\/logo\/image\/","url":"https:\/\/bvelo.pl\/wp-content\/uploads\/2024\/07\/bvelo_logo_yoast_organisation.png","contentUrl":"https:\/\/bvelo.pl\/wp-content\/uploads\/2024\/07\/bvelo_logo_yoast_organisation.png","width":800,"height":800,"caption":"Bvelo - odzie\u017c welurowa dla dzieci"},"image":{"@id":"https:\/\/bvelo.pl\/en\/#\/schema\/logo\/image\/"}}]}},"_links":{"self":[{"href":"https:\/\/bvelo.pl\/en\/wp-json\/wp\/v2\/product\/3574"}],"collection":[{"href":"https:\/\/bvelo.pl\/en\/wp-json\/wp\/v2\/product"}],"about":[{"href":"https:\/\/bvelo.pl\/en\/wp-json\/wp\/v2\/types\/product"}],"replies":[{"embeddable":true,"href":"https:\/\/bvelo.pl\/en\/wp-json\/wp\/v2\/comments?post=3574"}],"wp:featuredmedia":[{"embeddable":true,"href":"https:\/\/bvelo.pl\/en\/wp-json\/wp\/v2\/media\/3725"}],"wp:attachment":[{"href":"https:\/\/bvelo.pl\/en\/wp-json\/wp\/v2\/media?parent=3574"}],"wp:term":[{"taxonomy":"product_cat","embeddable":true,"href":"https:\/\/bvelo.pl\/en\/wp-json\/wp\/v2\/product_cat?post=3574"},{"taxonomy":"product_tag","embeddable":true,"href":"https:\/\/bvelo.pl\/en\/wp-json\/wp\/v2\/product_tag?post=3574"}],"curies":[{"name":"wp","href":"https:\/\/api.w.org\/{rel}","templated":true}]}}