{"id":2166,"date":"2023-01-04T12:20:33","date_gmt":"2023-01-04T11:20:33","guid":{"rendered":"https:\/\/bvelo.pl\/%d0%ba%d0%be%d1%80%d0%b7%d0%b8%d0%bd%d0%b0\/"},"modified":"2024-07-17T14:09:29","modified_gmt":"2024-07-17T12:09:29","slug":"%d0%ba%d0%be%d1%80%d0%b7%d0%b8%d0%bd%d0%b0","status":"publish","type":"page","link":"https:\/\/bvelo.pl\/ru\/%d0%ba%d0%be%d1%80%d0%b7%d0%b8%d0%bd%d0%b0\/","title":{"rendered":"\u041a\u043e\u0440\u0437\u0438\u043d\u0430"},"content":{"rendered":"\n","protected":false},"excerpt":{"rendered":"<p> [&#8230;]<\/p>\n<p><a class=\"btn btn-secondary understrap-read-more-link\" href=\"https:\/\/bvelo.pl\/ru\/%d0%ba%d0%be%d1%80%d0%b7%d0%b8%d0%bd%d0%b0\/\">\u0427\u0438\u0442\u0430\u0442\u044c \u0434\u0430\u043b\u044c\u0448\u0435\u2026<span class=\"screen-reader-text\"> from \u041a\u043e\u0440\u0437\u0438\u043d\u0430<\/span><\/a><\/p>\n","protected":false},"author":1,"featured_media":0,"parent":0,"menu_order":0,"comment_status":"closed","ping_status":"closed","template":"page-templates\/fullwidthpage.php","meta":{"_acf_changed":false,"inline_featured_image":false,"footnotes":""},"class_list":["post-2166","page","type-page","status-publish","hentry"],"acf":[],"yoast_head":"<!-- This site is optimized with the Yoast SEO plugin v22.9 - https:\/\/yoast.com\/wordpress\/plugins\/seo\/ -->\n<title>\u041a\u043e\u0440\u0437\u0438\u043d\u0430 | BVELO<\/title>\n<meta name=\"description\" content=\"BVELO \u27a4 \u041a\u043e\u0440\u0437\u0438\u043d\u0430 \u2714\ufe0f Mi\u0119kkie i wygodne dresy welurowe dla dzieci, idealne na ka\u017cd\u0105 okazj\u0119 \u2714\ufe0f Modne wzory i wysoka jako\u015b\u0107 materia\u0142\u00f3w, zapewniaj\u0105ce trwa\u0142o\u015b\u0107 i komfort \u2b50 Sprawd\u017a!\" \/>\n<meta name=\"robots\" content=\"noindex, nofollow\" \/>\n<meta property=\"og:locale\" content=\"ru_RU\" \/>\n<meta property=\"og:type\" content=\"article\" \/>\n<meta property=\"og:title\" content=\"Bvelo - \u041a\u043e\u0440\u0437\u0438\u043d\u0430\" \/>\n<meta property=\"og:description\" content=\"\u041f\u0440\u0438\u0441\u0442\u0443\u043f\u0430\u0439\u0442\u0435 \u043a \u043e\u0444\u043e\u0440\u043c\u043b\u0435\u043d\u0438\u044e \u0437\u0430\u043a\u0430\u0437\u0430 \u043d\u0430 Bvelo.\" \/>\n<meta property=\"og:url\" content=\"https:\/\/bvelo.pl\/ru\/%d0%ba%d0%be%d1%80%d0%b7%d0%b8%d0%bd%d0%b0\/\" \/>\n<meta property=\"og:site_name\" content=\"Bvelo\" \/>\n<meta property=\"article:modified_time\" content=\"2024-07-17T12:09:29+00:00\" \/>\n<meta property=\"og:image\" content=\"https:\/\/bvelo.pl\/wp-content\/uploads\/2024\/07\/opengraph_twittercard_logo.png\" \/>\n\t<meta property=\"og:image:width\" content=\"1200\" \/>\n\t<meta property=\"og:image:height\" content=\"675\" \/>\n\t<meta property=\"og:image:type\" content=\"image\/png\" \/>\n<meta name=\"twitter:card\" content=\"summary_large_image\" \/>\n<meta name=\"twitter:label1\" content=\"\u041f\u0440\u0438\u043c\u0435\u0440\u043d\u043e\u0435 \u0432\u0440\u0435\u043c\u044f \u0434\u043b\u044f \u0447\u0442\u0435\u043d\u0438\u044f\" \/>\n\t<meta name=\"twitter:data1\" content=\"1 \u043c\u0438\u043d\u0443\u0442\u0430\" \/>\n<script type=\"application\/ld+json\" class=\"yoast-schema-graph\">{\"@context\":\"https:\/\/schema.org\",\"@graph\":[{\"@type\":[\"WebPage\",\"CheckoutPage\"],\"@id\":\"https:\/\/bvelo.pl\/ru\/%d0%ba%d0%be%d1%80%d0%b7%d0%b8%d0%bd%d0%b0\/\",\"url\":\"https:\/\/bvelo.pl\/ru\/%d0%ba%d0%be%d1%80%d0%b7%d0%b8%d0%bd%d0%b0\/\",\"name\":\"\u041a\u043e\u0440\u0437\u0438\u043d\u0430 | BVELO\",\"isPartOf\":{\"@id\":\"https:\/\/bvelo.pl\/ru\/#website\"},\"datePublished\":\"2023-01-04T11:20:33+00:00\",\"dateModified\":\"2024-07-17T12:09:29+00:00\",\"description\":\"BVELO \u27a4 \u041a\u043e\u0440\u0437\u0438\u043d\u0430 \u2714\ufe0f Mi\u0119kkie i wygodne dresy welurowe dla dzieci, idealne na ka\u017cd\u0105 okazj\u0119 \u2714\ufe0f Modne wzory i wysoka jako\u015b\u0107 materia\u0142\u00f3w, zapewniaj\u0105ce trwa\u0142o\u015b\u0107 i komfort \u2b50 Sprawd\u017a!\",\"breadcrumb\":{\"@id\":\"https:\/\/bvelo.pl\/ru\/%d0%ba%d0%be%d1%80%d0%b7%d0%b8%d0%bd%d0%b0\/#breadcrumb\"},\"inLanguage\":\"ru-RU\",\"potentialAction\":[{\"@type\":\"ReadAction\",\"target\":[\"https:\/\/bvelo.pl\/ru\/%d0%ba%d0%be%d1%80%d0%b7%d0%b8%d0%bd%d0%b0\/\"]}]},{\"@type\":\"BreadcrumbList\",\"@id\":\"https:\/\/bvelo.pl\/ru\/%d0%ba%d0%be%d1%80%d0%b7%d0%b8%d0%bd%d0%b0\/#breadcrumb\",\"itemListElement\":[{\"@type\":\"ListItem\",\"position\":1,\"name\":\"Homepage\",\"item\":\"https:\/\/bvelo.pl\/ru\/\"},{\"@type\":\"ListItem\",\"position\":2,\"name\":\"\u041a\u043e\u0440\u0437\u0438\u043d\u0430\"}]},{\"@type\":\"WebSite\",\"@id\":\"https:\/\/bvelo.pl\/ru\/#website\",\"url\":\"https:\/\/bvelo.pl\/ru\/\",\"name\":\"Bvelo\",\"description\":\"Kolekcja Welurowa Dla Dzieci\",\"publisher\":{\"@id\":\"https:\/\/bvelo.pl\/ru\/#organization\"},\"potentialAction\":[{\"@type\":\"SearchAction\",\"target\":{\"@type\":\"EntryPoint\",\"urlTemplate\":\"https:\/\/bvelo.pl\/ru\/?s={search_term_string}\"},\"query-input\":\"required name=search_term_string\"}],\"inLanguage\":\"ru-RU\"},{\"@type\":\"Organization\",\"@id\":\"https:\/\/bvelo.pl\/ru\/#organization\",\"name\":\"Bvelo - odzie\u017c welurowa dla dzieci\",\"alternateName\":\"Bvelo\",\"url\":\"https:\/\/bvelo.pl\/ru\/\",\"logo\":{\"@type\":\"ImageObject\",\"inLanguage\":\"ru-RU\",\"@id\":\"https:\/\/bvelo.pl\/ru\/#\/schema\/logo\/image\/\",\"url\":\"https:\/\/bvelo.pl\/wp-content\/uploads\/2024\/07\/bvelo_logo_yoast_organisation.png\",\"contentUrl\":\"https:\/\/bvelo.pl\/wp-content\/uploads\/2024\/07\/bvelo_logo_yoast_organisation.png\",\"width\":800,\"height\":800,\"caption\":\"Bvelo - odzie\u017c welurowa dla dzieci\"},\"image\":{\"@id\":\"https:\/\/bvelo.pl\/ru\/#\/schema\/logo\/image\/\"}}]}<\/script>\n<!-- \/ Yoast SEO plugin. -->","yoast_head_json":{"title":"\u041a\u043e\u0440\u0437\u0438\u043d\u0430 | BVELO","description":"BVELO \u27a4 \u041a\u043e\u0440\u0437\u0438\u043d\u0430 \u2714\ufe0f Mi\u0119kkie i wygodne dresy welurowe dla dzieci, idealne na ka\u017cd\u0105 okazj\u0119 \u2714\ufe0f Modne wzory i wysoka jako\u015b\u0107 materia\u0142\u00f3w, zapewniaj\u0105ce trwa\u0142o\u015b\u0107 i komfort \u2b50 Sprawd\u017a!","robots":{"index":"noindex","follow":"nofollow"},"og_locale":"ru_RU","og_type":"article","og_title":"Bvelo - \u041a\u043e\u0440\u0437\u0438\u043d\u0430","og_description":"\u041f\u0440\u0438\u0441\u0442\u0443\u043f\u0430\u0439\u0442\u0435 \u043a \u043e\u0444\u043e\u0440\u043c\u043b\u0435\u043d\u0438\u044e \u0437\u0430\u043a\u0430\u0437\u0430 \u043d\u0430 Bvelo.","og_url":"https:\/\/bvelo.pl\/ru\/%d0%ba%d0%be%d1%80%d0%b7%d0%b8%d0%bd%d0%b0\/","og_site_name":"Bvelo","article_modified_time":"2024-07-17T12:09:29+00:00","og_image":[{"width":1200,"height":675,"url":"https:\/\/bvelo.pl\/wp-content\/uploads\/2024\/07\/opengraph_twittercard_logo.png","type":"image\/png"}],"twitter_card":"summary_large_image","twitter_misc":{"\u041f\u0440\u0438\u043c\u0435\u0440\u043d\u043e\u0435 \u0432\u0440\u0435\u043c\u044f \u0434\u043b\u044f \u0447\u0442\u0435\u043d\u0438\u044f":"1 \u043c\u0438\u043d\u0443\u0442\u0430"},"schema":{"@context":"https:\/\/schema.org","@graph":[{"@type":["WebPage","CheckoutPage"],"@id":"https:\/\/bvelo.pl\/ru\/%d0%ba%d0%be%d1%80%d0%b7%d0%b8%d0%bd%d0%b0\/","url":"https:\/\/bvelo.pl\/ru\/%d0%ba%d0%be%d1%80%d0%b7%d0%b8%d0%bd%d0%b0\/","name":"\u041a\u043e\u0440\u0437\u0438\u043d\u0430 | BVELO","isPartOf":{"@id":"https:\/\/bvelo.pl\/ru\/#website"},"datePublished":"2023-01-04T11:20:33+00:00","dateModified":"2024-07-17T12:09:29+00:00","description":"BVELO \u27a4 \u041a\u043e\u0440\u0437\u0438\u043d\u0430 \u2714\ufe0f Mi\u0119kkie i wygodne dresy welurowe dla dzieci, idealne na ka\u017cd\u0105 okazj\u0119 \u2714\ufe0f Modne wzory i wysoka jako\u015b\u0107 materia\u0142\u00f3w, zapewniaj\u0105ce trwa\u0142o\u015b\u0107 i komfort \u2b50 Sprawd\u017a!","breadcrumb":{"@id":"https:\/\/bvelo.pl\/ru\/%d0%ba%d0%be%d1%80%d0%b7%d0%b8%d0%bd%d0%b0\/#breadcrumb"},"inLanguage":"ru-RU","potentialAction":[{"@type":"ReadAction","target":["https:\/\/bvelo.pl\/ru\/%d0%ba%d0%be%d1%80%d0%b7%d0%b8%d0%bd%d0%b0\/"]}]},{"@type":"BreadcrumbList","@id":"https:\/\/bvelo.pl\/ru\/%d0%ba%d0%be%d1%80%d0%b7%d0%b8%d0%bd%d0%b0\/#breadcrumb","itemListElement":[{"@type":"ListItem","position":1,"name":"Homepage","item":"https:\/\/bvelo.pl\/ru\/"},{"@type":"ListItem","position":2,"name":"\u041a\u043e\u0440\u0437\u0438\u043d\u0430"}]},{"@type":"WebSite","@id":"https:\/\/bvelo.pl\/ru\/#website","url":"https:\/\/bvelo.pl\/ru\/","name":"Bvelo","description":"Kolekcja Welurowa Dla Dzieci","publisher":{"@id":"https:\/\/bvelo.pl\/ru\/#organization"},"potentialAction":[{"@type":"SearchAction","target":{"@type":"EntryPoint","urlTemplate":"https:\/\/bvelo.pl\/ru\/?s={search_term_string}"},"query-input":"required name=search_term_string"}],"inLanguage":"ru-RU"},{"@type":"Organization","@id":"https:\/\/bvelo.pl\/ru\/#organization","name":"Bvelo - odzie\u017c welurowa dla dzieci","alternateName":"Bvelo","url":"https:\/\/bvelo.pl\/ru\/","logo":{"@type":"ImageObject","inLanguage":"ru-RU","@id":"https:\/\/bvelo.pl\/ru\/#\/schema\/logo\/image\/","url":"https:\/\/bvelo.pl\/wp-content\/uploads\/2024\/07\/bvelo_logo_yoast_organisation.png","contentUrl":"https:\/\/bvelo.pl\/wp-content\/uploads\/2024\/07\/bvelo_logo_yoast_organisation.png","width":800,"height":800,"caption":"Bvelo - odzie\u017c welurowa dla dzieci"},"image":{"@id":"https:\/\/bvelo.pl\/ru\/#\/schema\/logo\/image\/"}}]}},"_links":{"self":[{"href":"https:\/\/bvelo.pl\/ru\/wp-json\/wp\/v2\/pages\/2166"}],"collection":[{"href":"https:\/\/bvelo.pl\/ru\/wp-json\/wp\/v2\/pages"}],"about":[{"href":"https:\/\/bvelo.pl\/ru\/wp-json\/wp\/v2\/types\/page"}],"author":[{"embeddable":true,"href":"https:\/\/bvelo.pl\/ru\/wp-json\/wp\/v2\/users\/1"}],"replies":[{"embeddable":true,"href":"https:\/\/bvelo.pl\/ru\/wp-json\/wp\/v2\/comments?post=2166"}],"version-history":[{"count":1,"href":"https:\/\/bvelo.pl\/ru\/wp-json\/wp\/v2\/pages\/2166\/revisions"}],"predecessor-version":[{"id":2167,"href":"https:\/\/bvelo.pl\/ru\/wp-json\/wp\/v2\/pages\/2166\/revisions\/2167"}],"wp:attachment":[{"href":"https:\/\/bvelo.pl\/ru\/wp-json\/wp\/v2\/media?parent=2166"}],"curies":[{"name":"wp","href":"https:\/\/api.w.org\/{rel}","templated":true}]}}