{"id":3063,"date":"2024-11-05T12:31:21","date_gmt":"2024-11-05T11:31:21","guid":{"rendered":"https:\/\/bvelo.pl\/sklepy-stacjonarne\/"},"modified":"2024-11-05T15:11:13","modified_gmt":"2024-11-05T14:11:13","slug":"c%d1%82%d0%b0%d1%86%d0%b8%d0%be%d0%bd%d0%b0%d1%80%d0%bd%d1%8b%d0%b9-m%d0%b0%d0%b3%d0%b0%d0%b7%d0%b8%d0%bd","status":"publish","type":"page","link":"https:\/\/bvelo.pl\/ru\/c%d1%82%d0%b0%d1%86%d0%b8%d0%be%d0%bd%d0%b0%d1%80%d0%bd%d1%8b%d0%b9-m%d0%b0%d0%b3%d0%b0%d0%b7%d0%b8%d0%bd\/","title":{"rendered":"\u0421\u0442\u0430\u0446\u0438\u043e\u043d\u0430\u0440\u043d\u044b\u0439 \u041c\u0430\u0433\u0430\u0437\u0438\u043d"},"content":{"rendered":"<p>\u0411\u0440\u0435\u043d\u0434 Bvelo, \u0441\u043e\u043a\u0440\u0430\u0449\u0435\u043d\u0438\u0435 \u043e\u0442 &#171;baby velour&#187;.<\/p>\n<p class=\"justify-mobile\">\u041b\u044e\u0431\u044b\u0435 \u0446\u0432\u0435\u0442\u0430 \u0438 \u0440\u0430\u0437\u043c\u0435\u0440\u044b \u0438\u0437 \u043d\u0430\u0448\u0435\u0439 \u043a\u043e\u043b\u043b\u0435\u043a\u0446\u0438\u0438 \u043c\u043e\u0436\u043d\u043e \u043f\u0440\u0438\u043e\u0431\u0440\u0435\u0441\u0442\u0438 \u0432 \u043d\u0430\u0448\u0435\u043c \u0438\u043d\u0442\u0435\u0440\u043d\u0435\u0442-\u043c\u0430\u0433\u0430\u0437\u0438\u043d\u0435 \u0438\u043b\u0438 \u0432\u044b\u0431\u0440\u0430\u043d\u043d\u044b\u0445 \u0434\u043b\u044f \u0432\u0430\u0441 \u043c\u0430\u0433\u0430\u0437\u0438\u043d\u0430\u0445 \u043a\u0430\u043d\u0446\u0442\u043e\u0432\u0430\u0440\u043e\u0432, \u0442\u0430\u043a\u0438\u0445 \u043a\u0430\u043a:<\/p>\n<div class=\"shop-content-wrapper\">\n<div class=\"shop-content\">\n<div class=\"shop-name-wrapper\">\n<p>Kraina Szcz\u0119\u015bcia Concept Store<br \/>\n\u041c\u0435\u0441\u0442\u043e\u043d\u0430\u0445\u043e\u0436\u0434\u0435\u043d\u0438\u0435: Galeria Klif Gdynia<br \/>\n\u0410\u0434\u0440\u0435\u0441: Aleja Zwyci\u0119stwa 256, 81-525 Gdynia<\/p>\n<\/div>\n<div class=\"two-photos-right\"><img loading=\"lazy\" decoding=\"async\" class=\"alignright size-large wp-image-3037 lazyload\" data-src=\"https:\/\/bvelo.pl\/wp-content\/uploads\/2024\/11\/stacjonarne2-1024x444.jpg\" alt=\"\" width=\"500\" height=\"278\" src=\"data:image\/gif;base64,R0lGODlhAQABAAAAACH5BAEKAAEALAAAAAABAAEAAAICTAEAOw==\" style=\"--smush-placeholder-width: 500px; --smush-placeholder-aspect-ratio: 500\/278;\" \/><noscript><img loading=\"lazy\" decoding=\"async\" class=\"alignright size-large wp-image-3037\" src=\"https:\/\/bvelo.pl\/wp-content\/uploads\/2024\/11\/stacjonarne2-1024x444.jpg\" alt=\"\" width=\"500\" height=\"278\" \/><\/noscript><br \/>\n<img loading=\"lazy\" decoding=\"async\" class=\"alignright size-full wp-image-3033 lazyload\" data-src=\"https:\/\/bvelo.pl\/wp-content\/uploads\/2024\/11\/stacjonarne1.jpg\" alt=\"\" width=\"500\" height=\"626\" src=\"data:image\/gif;base64,R0lGODlhAQABAAAAACH5BAEKAAEALAAAAAABAAEAAAICTAEAOw==\" style=\"--smush-placeholder-width: 500px; --smush-placeholder-aspect-ratio: 500\/626;\" \/><noscript><img loading=\"lazy\" decoding=\"async\" class=\"alignright size-full wp-image-3033\" src=\"https:\/\/bvelo.pl\/wp-content\/uploads\/2024\/11\/stacjonarne1.jpg\" alt=\"\" width=\"500\" height=\"626\" \/><\/noscript><\/div>\n<\/div>\n<div class=\"maps-wrapper\"><iframe style=\"border: 0; width: 100%;\" data-src=\"https:\/\/www.google.com\/maps\/embed?pb=!1m18!1m12!1m3!1d2318.3557828658886!2d18.549367577412383!3d54.474304272637845!2m3!1f0!2f0!3f0!3m2!1i1024!2i768!4f13.1!3m3!1m2!1s0x46fda12005318b5b%3A0x16d09f2a9e62b109!2sKraina%20Szcz%C4%99%C5%9Bcia%20Concept%20Store%20Klif!5e0!3m2!1spl!2spl!4v1730801157734!5m2!1spl!2spl&#038;hl=ru\" height=\"300\" allowfullscreen=\"allowfullscreen\" src=\"data:image\/gif;base64,R0lGODlhAQABAAAAACH5BAEKAAEALAAAAAABAAEAAAICTAEAOw==\" class=\"lazyload\" data-load-mode=\"1\"><\/iframe><\/div>\n<\/div>\n<p class=\"justify-mobile\">\u0412 BVELO \u043c\u044b \u0441\u043e\u0437\u0434\u0430\u0435\u043c \u0443\u043d\u0438\u043a\u0430\u043b\u044c\u043d\u0443\u044e \u0434\u0435\u0442\u0441\u043a\u0443\u044e \u043e\u0434\u0435\u0436\u0434\u0443 \u0438\u0437 \u0432\u044b\u0441\u043e\u043a\u043e\u043a\u0430\u0447\u0435\u0441\u0442\u0432\u0435\u043d\u043d\u043e\u0439 \u0431\u0430\u0440\u0445\u0430\u0442\u043d\u043e\u0439 \u0442\u043a\u0430\u043d\u0438 \u043d\u0430 \u0445\u043b\u043e\u043f\u043a\u043e\u0432\u043e\u0439 \u043e\u0441\u043d\u043e\u0432\u0435 (\u0442\u0430\u043a \u043d\u0430\u0437\u044b\u0432\u0430\u0435\u043c\u044b\u0439 \u0445\u043b\u043e\u043f\u043a\u043e\u0432\u044b\u0439 \u0431\u0430\u0440\u0445\u0430\u0442). \u0412\u044b\u0441\u043e\u043a\u043e\u0435 \u0441\u043e\u0434\u0435\u0440\u0436\u0430\u043d\u0438\u0435 \u043d\u0430\u0442\u0443\u0440\u0430\u043b\u044c\u043d\u043e\u0433\u043e \u0445\u043b\u043e\u043f\u043a\u0430 \u0434\u0435\u043b\u0430\u0435\u0442 \u043c\u0430\u0442\u0435\u0440\u0438\u0430\u043b \u0447\u0440\u0435\u0437\u0432\u044b\u0447\u0430\u0439\u043d\u043e \u043c\u044f\u0433\u043a\u0438\u043c \u0438 \u0431\u0430\u0440\u0445\u0430\u0442\u0438\u0441\u0442\u044b\u043c \u043d\u0430 \u043e\u0449\u0443\u043f\u044c \u0438 \u0432 \u0442\u043e \u0436\u0435 \u0432\u0440\u0435\u043c\u044f \u043c\u0430\u043a\u0441\u0438\u043c\u0430\u043b\u044c\u043d\u043e \u0434\u0440\u0443\u0436\u0435\u043b\u044e\u0431\u043d\u044b\u043c \u043a \u0447\u0443\u0432\u0441\u0442\u0432\u0438\u0442\u0435\u043b\u044c\u043d\u043e\u0439 \u0434\u0435\u0442\u0441\u043a\u043e\u0439 \u043a\u043e\u0436\u0435. \u042d\u0442\u043e \u0433\u043e\u0440\u0430\u0437\u0434\u043e \u043b\u0443\u0447\u0448\u0430\u044f \u0430\u043b\u044c\u0442\u0435\u0440\u043d\u0430\u0442\u0438\u0432\u0430 \u043f\u043e\u043f\u0443\u043b\u044f\u0440\u043d\u044b\u043c \u0442\u043a\u0430\u043d\u044f\u043c \u0430\u043d\u0430\u043b\u043e\u0433\u0438\u0447\u043d\u043e\u0433\u043e \u0442\u0438\u043f\u0430, \u043d\u043e \u043d\u0430 \u043f\u043e\u043b\u0438\u044d\u0444\u0438\u0440\u043d\u043e\u0439 \u043e\u0441\u043d\u043e\u0432\u0435. \u041a\u0430\u0436\u0434\u044b\u0439 \u043f\u0440\u0435\u0434\u043c\u0435\u0442 \u043e\u0434\u0435\u0436\u0434\u044b, \u0441\u043d\u044f\u0442\u044b\u0439 \u0441 \u0438\u0433\u043e\u043b\u043e\u043a \u043d\u0430\u0448\u0438\u0445 \u043c\u0430\u0448\u0438\u043d, \u0442\u0449\u0430\u0442\u0435\u043b\u044c\u043d\u043e \u043f\u0440\u043e\u0432\u0435\u0440\u044f\u0435\u0442\u0441\u044f \u043d\u0430 \u043a\u0430\u0447\u0435\u0441\u0442\u0432\u043e \u0438 \u043c\u0430\u0440\u043a\u0438\u0440\u0443\u0435\u0442\u0441\u044f \u0444\u0438\u0440\u043c\u0435\u043d\u043d\u043e\u0439 \u0432\u044b\u0448\u0438\u0432\u043a\u043e\u0439. \u041c\u044b \u0440\u0430\u0437\u0440\u0430\u0431\u043e\u0442\u0430\u043b\u0438 \u043a\u0440\u043e\u0439 \u043d\u0430\u0448\u0438\u0445 \u0432\u0435\u043b\u044e\u0440\u043e\u0432\u044b\u0445 \u0441\u043f\u043e\u0440\u0442\u0438\u0432\u043d\u044b\u0445 \u043a\u043e\u0441\u0442\u044e\u043c\u043e\u0432 \u0442\u0430\u043a, \u0447\u0442\u043e\u0431\u044b \u043e\u043d \u0438\u0434\u0435\u0430\u043b\u044c\u043d\u043e \u0441\u0438\u0434\u0435\u043b \u043d\u0430 \u0440\u0435\u0431\u0435\u043d\u043a\u0435, \u0430 \u043c\u0430\u043d\u0436\u0435\u0442\u044b \u0438\u0437 \u043d\u0430\u0442\u0443\u0440\u0430\u043b\u044c\u043d\u043e\u0433\u043e \u0445\u043b\u043e\u043f\u043a\u0430 \u0443\u0434\u0435\u0440\u0436\u0438\u0432\u0430\u044e\u0442 \u043c\u0430\u0442\u0435\u0440\u0438\u0430\u043b \u0432 \u043d\u0443\u0436\u043d\u044b\u0445 \u043c\u0435\u0441\u0442\u0430\u0445, \u0441\u043e\u0437\u0434\u0430\u0432\u0430\u044f \u043e\u0431\u044a\u0435\u043c\u043d\u0443\u044e \u0444\u043e\u0440\u043c\u0443. \u0414\u043b\u044f \u043d\u0430\u0441 \u0432\u0430\u0436\u043d\u044b \u0434\u0435\u0442\u0430\u043b\u0438! \u041c\u044b \u0443\u0434\u0435\u043b\u044f\u0435\u043c \u0431\u043e\u043b\u044c\u0448\u043e\u0435 \u0432\u043d\u0438\u043c\u0430\u043d\u0438\u0435 \u0434\u0435\u0442\u0430\u043b\u044f\u043c \u0438 \u043e\u0442\u0434\u0435\u043b\u043a\u0435 \u043d\u0430\u0448\u0438\u0445 \u0441\u043f\u043e\u0440\u0442\u0438\u0432\u043d\u044b\u0445 \u043a\u043e\u0441\u0442\u044e\u043c\u043e\u0432. \u041c\u044b \u0438\u0441\u043f\u043e\u043b\u044c\u0437\u0443\u0435\u043c \u0444\u0443\u0440\u043d\u0438\u0442\u0443\u0440\u0443 \u0432\u044b\u0441\u043e\u0447\u0430\u0439\u0448\u0435\u0433\u043e \u043a\u0430\u0447\u0435\u0441\u0442\u0432\u0430, \u0442\u0430\u043a\u0443\u044e \u200b\u200b\u043a\u0430\u043a \u043c\u043e\u043b\u043d\u0438\u0438 \u043e\u0442 \u043f\u0440\u0438\u0437\u043d\u0430\u043d\u043d\u043e\u0433\u043e \u0432 \u0421\u0428\u0410 \u0431\u0440\u0435\u043d\u0434\u0430, \u044d\u043b\u0430\u0441\u0442\u0438\u0447\u043d\u044b\u0435 \u0438 100% \u0445\u043b\u043e\u043f\u043a\u043e\u0432\u044b\u0435 \u043c\u0430\u043d\u0436\u0435\u0442\u044b, \u0437\u0430\u0449\u0438\u0442\u0430 \u043f\u043e\u0434\u0431\u043e\u0440\u043e\u0434\u043a\u0430 \u0432 \u0441\u0432\u0438\u0442\u0448\u043e\u0442\u0430\u0445 \u0438 \u200b\u200b\u0441\u0442\u043e\u043f\u043e\u0440\u044b \u0432 \u0431\u0440\u044e\u043a\u0430\u0445, \u0447\u0442\u043e\u0431\u044b \u0431\u044b\u043b\u043e \u043b\u0435\u0433\u0447\u0435 \u0437\u0430\u0442\u044f\u043d\u0443\u0442\u044c \u0442\u0430\u043b\u0438\u044e. \u041a\u0430\u0436\u0434\u043e\u0435 \u0438\u0437\u0434\u0435\u043b\u0438\u0435 \u043c\u044b \u043f\u043e\u0434\u043f\u0438\u0441\u044b\u0432\u0430\u0435\u043c \u043d\u0430\u0448\u0435\u0439 \u043e\u0440\u0438\u0433\u0438\u043d\u0430\u043b\u044c\u043d\u043e\u0439 \u0432\u044b\u0448\u0438\u0432\u043a\u043e\u0439. \u041c\u044b \u0432\u0435\u0440\u0438\u043c, \u0447\u0442\u043e \u0434\u0435\u0442\u0430\u043b\u0438 \u0438\u043c\u0435\u044e\u0442 \u0437\u043d\u0430\u0447\u0435\u043d\u0438\u0435!<\/p>\n","protected":false},"excerpt":{"rendered":"<p>\u0411\u0440\u0435\u043d\u0434 Bvelo, \u0441\u043e\u043a\u0440\u0430\u0449\u0435\u043d\u0438\u0435 \u043e\u0442 &#171;baby velour&#187;. \u041b\u044e\u0431\u044b\u0435 \u0446\u0432\u0435\u0442\u0430 \u0438 \u0440\u0430\u0437\u043c\u0435\u0440\u044b \u0438\u0437 \u043d\u0430\u0448\u0435\u0439 \u043a\u043e\u043b\u043b\u0435\u043a\u0446\u0438\u0438 \u043c\u043e\u0436\u043d\u043e \u043f\u0440\u0438\u043e\u0431\u0440\u0435\u0441\u0442\u0438 \u0432 \u043d\u0430\u0448\u0435\u043c \u0438\u043d\u0442\u0435\u0440\u043d\u0435\u0442-\u043c\u0430\u0433\u0430\u0437\u0438\u043d\u0435 \u0438\u043b\u0438 \u0432\u044b\u0431\u0440\u0430\u043d\u043d\u044b\u0445 [&#8230;]<\/p>\n<p><a class=\"btn btn-secondary understrap-read-more-link\" href=\"https:\/\/bvelo.pl\/ru\/c%d1%82%d0%b0%d1%86%d0%b8%d0%be%d0%bd%d0%b0%d1%80%d0%bd%d1%8b%d0%b9-m%d0%b0%d0%b3%d0%b0%d0%b7%d0%b8%d0%bd\/\">\u0427\u0438\u0442\u0430\u0442\u044c \u0434\u0430\u043b\u044c\u0448\u0435\u2026<span class=\"screen-reader-text\"> from \u0421\u0442\u0430\u0446\u0438\u043e\u043d\u0430\u0440\u043d\u044b\u0439 \u041c\u0430\u0433\u0430\u0437\u0438\u043d<\/span><\/a><\/p>\n","protected":false},"author":1,"featured_media":0,"parent":0,"menu_order":0,"comment_status":"closed","ping_status":"closed","template":"page-templates\/fullwidthpage.php","meta":{"_acf_changed":false,"inline_featured_image":false,"footnotes":""},"class_list":["post-3063","page","type-page","status-publish","hentry"],"acf":[],"yoast_head":"<!-- This site is optimized with the Yoast SEO plugin v22.9 - https:\/\/yoast.com\/wordpress\/plugins\/seo\/ -->\n<title>\u0421\u0442\u0430\u0446\u0438\u043e\u043d\u0430\u0440\u043d\u044b\u0439 \u041c\u0430\u0433\u0430\u0437\u0438\u043d | BVELO<\/title>\n<meta name=\"description\" content=\"BVELO \u27a4 \u0421\u0442\u0430\u0446\u0438\u043e\u043d\u0430\u0440\u043d\u044b\u0439 \u041c\u0430\u0433\u0430\u0437\u0438\u043d \u2714\ufe0f Mi\u0119kkie i wygodne dresy welurowe dla dzieci, idealne na ka\u017cd\u0105 okazj\u0119 \u2714\ufe0f Modne wzory i wysoka jako\u015b\u0107 materia\u0142\u00f3w, zapewniaj\u0105ce trwa\u0142o\u015b\u0107 i komfort \u2b50 Sprawd\u017a!\" \/>\n<meta name=\"robots\" content=\"index, follow, max-snippet:-1, max-image-preview:large, max-video-preview:-1\" \/>\n<link rel=\"canonical\" href=\"https:\/\/bvelo.pl\/ru\/c%d1%82%d0%b0%d1%86%d0%b8%d0%be%d0%bd%d0%b0%d1%80%d0%bd%d1%8b%d0%b9-m%d0%b0%d0%b3%d0%b0%d0%b7%d0%b8%d0%bd\/\" \/>\n<meta property=\"og:locale\" content=\"ru_RU\" \/>\n<meta property=\"og:type\" content=\"article\" \/>\n<meta property=\"og:title\" content=\"\u0421\u0442\u0430\u0446\u0438\u043e\u043d\u0430\u0440\u043d\u044b\u0439 \u041c\u0430\u0433\u0430\u0437\u0438\u043d | BVELO\" \/>\n<meta property=\"og:description\" content=\"BVELO \u27a4 \u0421\u0442\u0430\u0446\u0438\u043e\u043d\u0430\u0440\u043d\u044b\u0439 \u041c\u0430\u0433\u0430\u0437\u0438\u043d \u2714\ufe0f Mi\u0119kkie i wygodne dresy welurowe dla dzieci, idealne na ka\u017cd\u0105 okazj\u0119 \u2714\ufe0f Modne wzory i wysoka jako\u015b\u0107 materia\u0142\u00f3w, zapewniaj\u0105ce trwa\u0142o\u015b\u0107 i komfort \u2b50 Sprawd\u017a!\" \/>\n<meta property=\"og:url\" content=\"https:\/\/bvelo.pl\/ru\/c%d1%82%d0%b0%d1%86%d0%b8%d0%be%d0%bd%d0%b0%d1%80%d0%bd%d1%8b%d0%b9-m%d0%b0%d0%b3%d0%b0%d0%b7%d0%b8%d0%bd\/\" \/>\n<meta property=\"og:site_name\" content=\"Bvelo\" \/>\n<meta property=\"article:modified_time\" content=\"2024-11-05T14:11:13+00:00\" \/>\n<meta property=\"og:image\" content=\"https:\/\/bvelo.pl\/wp-content\/uploads\/2024\/11\/stacjonarne2-1024x444.jpg\" \/>\n<meta name=\"twitter:card\" content=\"summary_large_image\" \/>\n<meta name=\"twitter:label1\" content=\"\u041f\u0440\u0438\u043c\u0435\u0440\u043d\u043e\u0435 \u0432\u0440\u0435\u043c\u044f \u0434\u043b\u044f \u0447\u0442\u0435\u043d\u0438\u044f\" \/>\n\t<meta name=\"twitter:data1\" content=\"2 \u043c\u0438\u043d\u0443\u0442\u044b\" \/>\n<script type=\"application\/ld+json\" class=\"yoast-schema-graph\">{\"@context\":\"https:\/\/schema.org\",\"@graph\":[{\"@type\":\"WebPage\",\"@id\":\"https:\/\/bvelo.pl\/ru\/c%d1%82%d0%b0%d1%86%d0%b8%d0%be%d0%bd%d0%b0%d1%80%d0%bd%d1%8b%d0%b9-m%d0%b0%d0%b3%d0%b0%d0%b7%d0%b8%d0%bd\/\",\"url\":\"https:\/\/bvelo.pl\/ru\/c%d1%82%d0%b0%d1%86%d0%b8%d0%be%d0%bd%d0%b0%d1%80%d0%bd%d1%8b%d0%b9-m%d0%b0%d0%b3%d0%b0%d0%b7%d0%b8%d0%bd\/\",\"name\":\"\u0421\u0442\u0430\u0446\u0438\u043e\u043d\u0430\u0440\u043d\u044b\u0439 \u041c\u0430\u0433\u0430\u0437\u0438\u043d | BVELO\",\"isPartOf\":{\"@id\":\"https:\/\/bvelo.pl\/ru\/#website\"},\"primaryImageOfPage\":{\"@id\":\"https:\/\/bvelo.pl\/ru\/c%d1%82%d0%b0%d1%86%d0%b8%d0%be%d0%bd%d0%b0%d1%80%d0%bd%d1%8b%d0%b9-m%d0%b0%d0%b3%d0%b0%d0%b7%d0%b8%d0%bd\/#primaryimage\"},\"image\":{\"@id\":\"https:\/\/bvelo.pl\/ru\/c%d1%82%d0%b0%d1%86%d0%b8%d0%be%d0%bd%d0%b0%d1%80%d0%bd%d1%8b%d0%b9-m%d0%b0%d0%b3%d0%b0%d0%b7%d0%b8%d0%bd\/#primaryimage\"},\"thumbnailUrl\":\"https:\/\/bvelo.pl\/wp-content\/uploads\/2024\/11\/stacjonarne2-1024x444.jpg\",\"datePublished\":\"2024-11-05T11:31:21+00:00\",\"dateModified\":\"2024-11-05T14:11:13+00:00\",\"description\":\"BVELO \u27a4 \u0421\u0442\u0430\u0446\u0438\u043e\u043d\u0430\u0440\u043d\u044b\u0439 \u041c\u0430\u0433\u0430\u0437\u0438\u043d \u2714\ufe0f Mi\u0119kkie i wygodne dresy welurowe dla dzieci, idealne na ka\u017cd\u0105 okazj\u0119 \u2714\ufe0f Modne wzory i wysoka jako\u015b\u0107 materia\u0142\u00f3w, zapewniaj\u0105ce trwa\u0142o\u015b\u0107 i komfort \u2b50 Sprawd\u017a!\",\"breadcrumb\":{\"@id\":\"https:\/\/bvelo.pl\/ru\/c%d1%82%d0%b0%d1%86%d0%b8%d0%be%d0%bd%d0%b0%d1%80%d0%bd%d1%8b%d0%b9-m%d0%b0%d0%b3%d0%b0%d0%b7%d0%b8%d0%bd\/#breadcrumb\"},\"inLanguage\":\"ru-RU\",\"potentialAction\":[{\"@type\":\"ReadAction\",\"target\":[\"https:\/\/bvelo.pl\/ru\/c%d1%82%d0%b0%d1%86%d0%b8%d0%be%d0%bd%d0%b0%d1%80%d0%bd%d1%8b%d0%b9-m%d0%b0%d0%b3%d0%b0%d0%b7%d0%b8%d0%bd\/\"]}]},{\"@type\":\"ImageObject\",\"inLanguage\":\"ru-RU\",\"@id\":\"https:\/\/bvelo.pl\/ru\/c%d1%82%d0%b0%d1%86%d0%b8%d0%be%d0%bd%d0%b0%d1%80%d0%bd%d1%8b%d0%b9-m%d0%b0%d0%b3%d0%b0%d0%b7%d0%b8%d0%bd\/#primaryimage\",\"url\":\"https:\/\/bvelo.pl\/wp-content\/uploads\/2024\/11\/stacjonarne2-1024x444.jpg\",\"contentUrl\":\"https:\/\/bvelo.pl\/wp-content\/uploads\/2024\/11\/stacjonarne2-1024x444.jpg\"},{\"@type\":\"BreadcrumbList\",\"@id\":\"https:\/\/bvelo.pl\/ru\/c%d1%82%d0%b0%d1%86%d0%b8%d0%be%d0%bd%d0%b0%d1%80%d0%bd%d1%8b%d0%b9-m%d0%b0%d0%b3%d0%b0%d0%b7%d0%b8%d0%bd\/#breadcrumb\",\"itemListElement\":[{\"@type\":\"ListItem\",\"position\":1,\"name\":\"Homepage\",\"item\":\"https:\/\/bvelo.pl\/ru\/\"},{\"@type\":\"ListItem\",\"position\":2,\"name\":\"\u0421\u0442\u0430\u0446\u0438\u043e\u043d\u0430\u0440\u043d\u044b\u0439 \u041c\u0430\u0433\u0430\u0437\u0438\u043d\"}]},{\"@type\":\"WebSite\",\"@id\":\"https:\/\/bvelo.pl\/ru\/#website\",\"url\":\"https:\/\/bvelo.pl\/ru\/\",\"name\":\"Bvelo\",\"description\":\"Kolekcja Welurowa Dla Dzieci\",\"publisher\":{\"@id\":\"https:\/\/bvelo.pl\/ru\/#organization\"},\"potentialAction\":[{\"@type\":\"SearchAction\",\"target\":{\"@type\":\"EntryPoint\",\"urlTemplate\":\"https:\/\/bvelo.pl\/ru\/?s={search_term_string}\"},\"query-input\":\"required name=search_term_string\"}],\"inLanguage\":\"ru-RU\"},{\"@type\":\"Organization\",\"@id\":\"https:\/\/bvelo.pl\/ru\/#organization\",\"name\":\"Bvelo - odzie\u017c welurowa dla dzieci\",\"alternateName\":\"Bvelo\",\"url\":\"https:\/\/bvelo.pl\/ru\/\",\"logo\":{\"@type\":\"ImageObject\",\"inLanguage\":\"ru-RU\",\"@id\":\"https:\/\/bvelo.pl\/ru\/#\/schema\/logo\/image\/\",\"url\":\"https:\/\/bvelo.pl\/wp-content\/uploads\/2024\/07\/bvelo_logo_yoast_organisation.png\",\"contentUrl\":\"https:\/\/bvelo.pl\/wp-content\/uploads\/2024\/07\/bvelo_logo_yoast_organisation.png\",\"width\":800,\"height\":800,\"caption\":\"Bvelo - odzie\u017c welurowa dla dzieci\"},\"image\":{\"@id\":\"https:\/\/bvelo.pl\/ru\/#\/schema\/logo\/image\/\"}}]}<\/script>\n<!-- \/ Yoast SEO plugin. -->","yoast_head_json":{"title":"\u0421\u0442\u0430\u0446\u0438\u043e\u043d\u0430\u0440\u043d\u044b\u0439 \u041c\u0430\u0433\u0430\u0437\u0438\u043d | BVELO","description":"BVELO \u27a4 \u0421\u0442\u0430\u0446\u0438\u043e\u043d\u0430\u0440\u043d\u044b\u0439 \u041c\u0430\u0433\u0430\u0437\u0438\u043d \u2714\ufe0f Mi\u0119kkie i wygodne dresy welurowe dla dzieci, idealne na ka\u017cd\u0105 okazj\u0119 \u2714\ufe0f Modne wzory i wysoka jako\u015b\u0107 materia\u0142\u00f3w, zapewniaj\u0105ce trwa\u0142o\u015b\u0107 i komfort \u2b50 Sprawd\u017a!","robots":{"index":"index","follow":"follow","max-snippet":"max-snippet:-1","max-image-preview":"max-image-preview:large","max-video-preview":"max-video-preview:-1"},"canonical":"https:\/\/bvelo.pl\/ru\/c%d1%82%d0%b0%d1%86%d0%b8%d0%be%d0%bd%d0%b0%d1%80%d0%bd%d1%8b%d0%b9-m%d0%b0%d0%b3%d0%b0%d0%b7%d0%b8%d0%bd\/","og_locale":"ru_RU","og_type":"article","og_title":"\u0421\u0442\u0430\u0446\u0438\u043e\u043d\u0430\u0440\u043d\u044b\u0439 \u041c\u0430\u0433\u0430\u0437\u0438\u043d | BVELO","og_description":"BVELO \u27a4 \u0421\u0442\u0430\u0446\u0438\u043e\u043d\u0430\u0440\u043d\u044b\u0439 \u041c\u0430\u0433\u0430\u0437\u0438\u043d \u2714\ufe0f Mi\u0119kkie i wygodne dresy welurowe dla dzieci, idealne na ka\u017cd\u0105 okazj\u0119 \u2714\ufe0f Modne wzory i wysoka jako\u015b\u0107 materia\u0142\u00f3w, zapewniaj\u0105ce trwa\u0142o\u015b\u0107 i komfort \u2b50 Sprawd\u017a!","og_url":"https:\/\/bvelo.pl\/ru\/c%d1%82%d0%b0%d1%86%d0%b8%d0%be%d0%bd%d0%b0%d1%80%d0%bd%d1%8b%d0%b9-m%d0%b0%d0%b3%d0%b0%d0%b7%d0%b8%d0%bd\/","og_site_name":"Bvelo","article_modified_time":"2024-11-05T14:11:13+00:00","og_image":[{"url":"https:\/\/bvelo.pl\/wp-content\/uploads\/2024\/11\/stacjonarne2-1024x444.jpg"}],"twitter_card":"summary_large_image","twitter_misc":{"\u041f\u0440\u0438\u043c\u0435\u0440\u043d\u043e\u0435 \u0432\u0440\u0435\u043c\u044f \u0434\u043b\u044f \u0447\u0442\u0435\u043d\u0438\u044f":"2 \u043c\u0438\u043d\u0443\u0442\u044b"},"schema":{"@context":"https:\/\/schema.org","@graph":[{"@type":"WebPage","@id":"https:\/\/bvelo.pl\/ru\/c%d1%82%d0%b0%d1%86%d0%b8%d0%be%d0%bd%d0%b0%d1%80%d0%bd%d1%8b%d0%b9-m%d0%b0%d0%b3%d0%b0%d0%b7%d0%b8%d0%bd\/","url":"https:\/\/bvelo.pl\/ru\/c%d1%82%d0%b0%d1%86%d0%b8%d0%be%d0%bd%d0%b0%d1%80%d0%bd%d1%8b%d0%b9-m%d0%b0%d0%b3%d0%b0%d0%b7%d0%b8%d0%bd\/","name":"\u0421\u0442\u0430\u0446\u0438\u043e\u043d\u0430\u0440\u043d\u044b\u0439 \u041c\u0430\u0433\u0430\u0437\u0438\u043d | BVELO","isPartOf":{"@id":"https:\/\/bvelo.pl\/ru\/#website"},"primaryImageOfPage":{"@id":"https:\/\/bvelo.pl\/ru\/c%d1%82%d0%b0%d1%86%d0%b8%d0%be%d0%bd%d0%b0%d1%80%d0%bd%d1%8b%d0%b9-m%d0%b0%d0%b3%d0%b0%d0%b7%d0%b8%d0%bd\/#primaryimage"},"image":{"@id":"https:\/\/bvelo.pl\/ru\/c%d1%82%d0%b0%d1%86%d0%b8%d0%be%d0%bd%d0%b0%d1%80%d0%bd%d1%8b%d0%b9-m%d0%b0%d0%b3%d0%b0%d0%b7%d0%b8%d0%bd\/#primaryimage"},"thumbnailUrl":"https:\/\/bvelo.pl\/wp-content\/uploads\/2024\/11\/stacjonarne2-1024x444.jpg","datePublished":"2024-11-05T11:31:21+00:00","dateModified":"2024-11-05T14:11:13+00:00","description":"BVELO \u27a4 \u0421\u0442\u0430\u0446\u0438\u043e\u043d\u0430\u0440\u043d\u044b\u0439 \u041c\u0430\u0433\u0430\u0437\u0438\u043d \u2714\ufe0f Mi\u0119kkie i wygodne dresy welurowe dla dzieci, idealne na ka\u017cd\u0105 okazj\u0119 \u2714\ufe0f Modne wzory i wysoka jako\u015b\u0107 materia\u0142\u00f3w, zapewniaj\u0105ce trwa\u0142o\u015b\u0107 i komfort \u2b50 Sprawd\u017a!","breadcrumb":{"@id":"https:\/\/bvelo.pl\/ru\/c%d1%82%d0%b0%d1%86%d0%b8%d0%be%d0%bd%d0%b0%d1%80%d0%bd%d1%8b%d0%b9-m%d0%b0%d0%b3%d0%b0%d0%b7%d0%b8%d0%bd\/#breadcrumb"},"inLanguage":"ru-RU","potentialAction":[{"@type":"ReadAction","target":["https:\/\/bvelo.pl\/ru\/c%d1%82%d0%b0%d1%86%d0%b8%d0%be%d0%bd%d0%b0%d1%80%d0%bd%d1%8b%d0%b9-m%d0%b0%d0%b3%d0%b0%d0%b7%d0%b8%d0%bd\/"]}]},{"@type":"ImageObject","inLanguage":"ru-RU","@id":"https:\/\/bvelo.pl\/ru\/c%d1%82%d0%b0%d1%86%d0%b8%d0%be%d0%bd%d0%b0%d1%80%d0%bd%d1%8b%d0%b9-m%d0%b0%d0%b3%d0%b0%d0%b7%d0%b8%d0%bd\/#primaryimage","url":"https:\/\/bvelo.pl\/wp-content\/uploads\/2024\/11\/stacjonarne2-1024x444.jpg","contentUrl":"https:\/\/bvelo.pl\/wp-content\/uploads\/2024\/11\/stacjonarne2-1024x444.jpg"},{"@type":"BreadcrumbList","@id":"https:\/\/bvelo.pl\/ru\/c%d1%82%d0%b0%d1%86%d0%b8%d0%be%d0%bd%d0%b0%d1%80%d0%bd%d1%8b%d0%b9-m%d0%b0%d0%b3%d0%b0%d0%b7%d0%b8%d0%bd\/#breadcrumb","itemListElement":[{"@type":"ListItem","position":1,"name":"Homepage","item":"https:\/\/bvelo.pl\/ru\/"},{"@type":"ListItem","position":2,"name":"\u0421\u0442\u0430\u0446\u0438\u043e\u043d\u0430\u0440\u043d\u044b\u0439 \u041c\u0430\u0433\u0430\u0437\u0438\u043d"}]},{"@type":"WebSite","@id":"https:\/\/bvelo.pl\/ru\/#website","url":"https:\/\/bvelo.pl\/ru\/","name":"Bvelo","description":"Kolekcja Welurowa Dla Dzieci","publisher":{"@id":"https:\/\/bvelo.pl\/ru\/#organization"},"potentialAction":[{"@type":"SearchAction","target":{"@type":"EntryPoint","urlTemplate":"https:\/\/bvelo.pl\/ru\/?s={search_term_string}"},"query-input":"required name=search_term_string"}],"inLanguage":"ru-RU"},{"@type":"Organization","@id":"https:\/\/bvelo.pl\/ru\/#organization","name":"Bvelo - odzie\u017c welurowa dla dzieci","alternateName":"Bvelo","url":"https:\/\/bvelo.pl\/ru\/","logo":{"@type":"ImageObject","inLanguage":"ru-RU","@id":"https:\/\/bvelo.pl\/ru\/#\/schema\/logo\/image\/","url":"https:\/\/bvelo.pl\/wp-content\/uploads\/2024\/07\/bvelo_logo_yoast_organisation.png","contentUrl":"https:\/\/bvelo.pl\/wp-content\/uploads\/2024\/07\/bvelo_logo_yoast_organisation.png","width":800,"height":800,"caption":"Bvelo - odzie\u017c welurowa dla dzieci"},"image":{"@id":"https:\/\/bvelo.pl\/ru\/#\/schema\/logo\/image\/"}}]}},"_links":{"self":[{"href":"https:\/\/bvelo.pl\/ru\/wp-json\/wp\/v2\/pages\/3063"}],"collection":[{"href":"https:\/\/bvelo.pl\/ru\/wp-json\/wp\/v2\/pages"}],"about":[{"href":"https:\/\/bvelo.pl\/ru\/wp-json\/wp\/v2\/types\/page"}],"author":[{"embeddable":true,"href":"https:\/\/bvelo.pl\/ru\/wp-json\/wp\/v2\/users\/1"}],"replies":[{"embeddable":true,"href":"https:\/\/bvelo.pl\/ru\/wp-json\/wp\/v2\/comments?post=3063"}],"version-history":[{"count":2,"href":"https:\/\/bvelo.pl\/ru\/wp-json\/wp\/v2\/pages\/3063\/revisions"}],"predecessor-version":[{"id":3067,"href":"https:\/\/bvelo.pl\/ru\/wp-json\/wp\/v2\/pages\/3063\/revisions\/3067"}],"wp:attachment":[{"href":"https:\/\/bvelo.pl\/ru\/wp-json\/wp\/v2\/media?parent=3063"}],"curies":[{"name":"wp","href":"https:\/\/api.w.org\/{rel}","templated":true}]}}